{"id":13615,"date":"2023-07-03T11:59:27","date_gmt":"2023-07-03T09:59:27","guid":{"rendered":"https:\/\/www.acrn.fr\/?post_type=product&#038;p=13615"},"modified":"2024-03-12T09:19:44","modified_gmt":"2024-03-12T08:19:44","slug":"misuratore-di-coppia-motorizzato-repeatork","status":"publish","type":"product","link":"https:\/\/acyren.com\/it\/prodotto\/misuratore-di-coppia-motorizzato-repeatork\/","title":{"rendered":"Misuratore di coppia motorizzato RepeaTork"},"content":{"rendered":"<p>Il Repeatork \u00e8 un misuratore di coppia motorizzato che elimina l&#8217;effetto umano quando si svita il tappo. Assicura un centraggio perfetto, una velocit\u00e0 costante e una presa ottimale del sughero. I valori di coppia ottenuti sono affidabili e ripetibili.<\/p>\n<p>\u00c8 progettato per imballaggi quali bottiglie, flaconi, contenitori a pompa, lattine, profumi, barattoli con tappo a vite &#8230;.. Nei settori agroalimentare, farmaceutico, cosmetico e petrolchimico&#8230;<\/p>\n<div class=\"product-video\"><video autoplay=\"autoplay\" loop=\"loop\" muted=\"muted\" width=\"auto\" height=\"auto\"><source src=\"\/wp-content\/uploads\/2023\/12\/repeatork_entier.mp4\" type=\"video\/mp4\"><\/source><\/video><\/div>\n<h3>Funzionamento e installazione<\/h3>\n<p>Il Repeatork incorpora tutte le funzioni di un torsiometro da tavolo convenzionale, con l&#8217;aggiunta della motorizzazione:<\/p>\n<ul>\n<li><strong>Modalit\u00e0 semplice di avvitamento\/espulsione<\/strong>: l&#8217;operatore svita o avvita a una velocit\u00e0 prestabilita e recupera il valore di coppia misurato.<\/li>\n<li><strong>Modalit\u00e0 di serraggio\/stringimento ad angolo o a coppia<\/strong>: impostare le soglie di angolo, coppia e velocit\u00e0 in entrambe le direzioni per adattarsi ai propri protocolli di controllo. Recupera il valore.<\/li>\n<li><strong>Controllo della coppia aperta e poi serraggio alla coppia<\/strong>: ideale per il controllo dei prodotti finiti alla fine della linea, questa modalit\u00e0 consente di serrare alla coppia desiderata una volta svitato il bullone e senza pi\u00f9 rimuovere il campione in esame.<\/li>\n<\/ul>\n<h3>Vantaggi<\/h3>\n<p><strong>Misure ripetibili<\/strong> che neutralizzano gli effetti umani dei torsiometri manuali.<\/p>\n<p>L&#8217;apparecchiatura \u00e8 compatibile con tutte le generazioni di torsiometri manuali ACRN, passate e future.<\/p>\n<p>RepeaTork \u00e8 stato progettato per <strong>gestire la diversit\u00e0 dei campioni<\/strong>: un innovativo sistema di serraggio con ganasce intercambiabili &#8220;FAST&#8221; consente di gestire la diversit\u00e0 dei prodotti in tempi record, garantendo una presa ottimale del tappo senza deformazioni.<\/p>\n<p><strong> Controllo rapido<\/strong> per liberare il massimo tempo dell&#8217;operatore.<\/p>\n<p>Un prezzo accessibile.<\/p>\n<p>Una<strong> riduzione del disturbo muscoloscheletrico <\/strong><\/p>\n<h3>ACRN al vostro fianco per il vostro progetto<\/h3>\n<p>Tutto ci\u00f2 che dovete fare \u00e8 inviarci gli esempi di ogni campione da controllare, compresi quelli pi\u00f9 grandi e quelli pi\u00f9 piccoli. ACRN \u00e8 in grado di offrire soluzioni per il serraggio inferiore e l&#8217;azionamento superiore.<\/p>\n<p>Repeatork si adatta ai vostri campioni di prodotto (nuove confezioni, nuovi tappi). Se necessario, \u00e8 possibile ordinare nuove ganasce.<\/p>\n<p>L&#8217;ACRN offrir\u00e0 un supporto pi\u00f9 avanzato e personalizzato per il passaggio dalle misure manuali a quelle motorizzate (studio dell&#8217;impatto, ecc.).<\/p>\n<div class=\"product-video\"><video autoplay=\"autoplay\" loop=\"loop\" muted=\"muted\" width=\"auto\" height=\"auto\"><source src=\"\/wp-content\/uploads\/2023\/12\/test_1.mp4\" type=\"video\/mp4\"><\/source><\/video><\/div>\n","protected":false},"excerpt":{"rendered":"<blockquote><p>Il torsiometro per imballaggi avvitati<\/p><\/blockquote>\n<p>RepeaTork \u00e8 un misuratore di coppia motorizzato progettato per misurare la coppia di svitamento di tappi a vite e pompe in modo preciso e affidabile. Incorpora tutte le funzioni di un misuratore di coppia da tavolo convenzionale, con l&#8217;aggiunta della motorizzazione. Dispone di tre modalit\u00e0 operative: semplice avvitamento\/spegnimento, avvitamento\/spegnimento con angolo o coppia e modalit\u00e0 di controllo della coppia per l&#8217;apertura e il successivo riavvitamento con coppia.<\/p>\n<p>Repeatork \u00e8 una soluzione rapida, semplice e completamente ripetibile utilizzata da molti produttori di imballaggi. Consente ai produttori di migliorare in modo rapido e semplice la qualit\u00e0 delle loro misurazioni di coppia e di consolidare l&#8217;assicurazione della qualit\u00e0.<\/p>\n<p>\u00c8 inoltre conveniente e contribuisce a ridurre la RSI legata ai movimenti ripetitivi degli operatori.<\/p>\n<p><a href=\"https:\/\/acyren.com\/wp-content\/uploads\/2023\/12\/Repeatork-fr-v2.pdf\" target=\"_blank\" rel=\"noopener\">Scheda tecnica di Repeatork<\/a><\/p>\n","protected":false},"featured_media":21459,"template":"","meta":{"_acf_changed":false,"_et_pb_use_builder":"off","_et_pb_old_content":"","_et_gb_content_width":""},"product_brand":[],"product_cat":[327,281],"product_tag":[],"class_list":{"0":"post-13615","1":"product","2":"type-product","3":"status-publish","4":"has-post-thumbnail","6":"product_cat-torsiometri-motorizzati","7":"product_cat-prodotti-home","9":"first","10":"instock","11":"shipping-taxable","12":"purchasable","13":"product-type-simple"},"acf":[],"_links":{"self":[{"href":"https:\/\/acyren.com\/it\/wp-json\/wp\/v2\/product\/13615","targetHints":{"allow":["GET"]}}],"collection":[{"href":"https:\/\/acyren.com\/it\/wp-json\/wp\/v2\/product"}],"about":[{"href":"https:\/\/acyren.com\/it\/wp-json\/wp\/v2\/types\/product"}],"wp:featuredmedia":[{"embeddable":true,"href":"https:\/\/acyren.com\/it\/wp-json\/wp\/v2\/media\/21459"}],"wp:attachment":[{"href":"https:\/\/acyren.com\/it\/wp-json\/wp\/v2\/media?parent=13615"}],"wp:term":[{"taxonomy":"product_brand","embeddable":true,"href":"https:\/\/acyren.com\/it\/wp-json\/wp\/v2\/product_brand?post=13615"},{"taxonomy":"product_cat","embeddable":true,"href":"https:\/\/acyren.com\/it\/wp-json\/wp\/v2\/product_cat?post=13615"},{"taxonomy":"product_tag","embeddable":true,"href":"https:\/\/acyren.com\/it\/wp-json\/wp\/v2\/product_tag?post=13615"}],"curies":[{"name":"wp","href":"https:\/\/api.w.org\/{rel}","templated":true}]}}