{"id":9033,"date":"2020-09-29T19:33:53","date_gmt":"2020-09-29T19:33:53","guid":{"rendered":"https:\/\/www.acrn.fr\/product\/camara-de-pruebas-de-estanqueidad-cts"},"modified":"2025-09-03T09:39:46","modified_gmt":"2025-09-03T07:39:46","slug":"camara-de-vacio-cts","status":"publish","type":"product","link":"https:\/\/acyren.com\/es\/producto\/camara-de-vacio-cts\/","title":{"rendered":"C\u00e1mara de Vac\u00edo CTS"},"content":{"rendered":"<h2><strong>El modelo b\u00e1sico &#8211; C\u00e1mara de Vac\u00edo CTS<\/strong><\/h2>\n<p>El modelo elemental CTS, al igual que el CTE, est\u00e1 dise\u00f1ado para comprobar la estanqueidad de envases industriales como viales, botellas, frascos y otros recipientes herm\u00e9ticamente cerrados. Como <strong>c\u00e1mara de vac\u00edo<\/strong>, este equipo garantiza la fiabilidad de los productos sellados. Esto es especialmente importante en sectores como el alimentario, el cosm\u00e9tico y el farmac\u00e9utico.<\/p>\n<h2><strong>Caracter\u00edsticas t\u00e9cnicas de la C\u00e1mara de Vac\u00edo CTS<\/strong><\/h2>\n<p>El modelo CTS incorpora un sistema totalmente neum\u00e1tico. Esto le permite crear una depresi\u00f3n de forma r\u00e1pida y eficaz. Estas son las principales caracter\u00edsticas de esta <strong>c\u00e1mara de vac\u00edo<\/strong>:<\/p>\n<ul>\n<li><strong>Sistema neum\u00e1tico integrado<\/strong>: permite envasar al vac\u00edo sin componentes el\u00e9ctricos, lo que la hace segura y robusta para entornos industriales.<\/li>\n<li><strong>V\u00e1lvula de control de aire comprimido<\/strong>: Esta v\u00e1lvula limita el caudal entrante para garantizar un control preciso de la presi\u00f3n.<\/li>\n<li><strong>Man\u00f3metro de aguja<\/strong>: controla continuamente la presi\u00f3n para evitar cualquier fallo.<\/li>\n<li><strong>Bomba de vac\u00edo opcional<\/strong>: disponible en una versi\u00f3n con bomba de vac\u00edo integrada para acelerar la generaci\u00f3n de vac\u00edo.<\/li>\n<\/ul>\n<h2><strong>Aplicaciones de C\u00e1mara de Vac\u00edo<\/strong><\/h2>\n<p>Esta <strong>c\u00e1mara de vac\u00edo<\/strong> se utiliza en muchas industrias en las que la integridad del envasado es esencial. Por ejemplo, en la industria alimentaria, los productos deben conservarse al vac\u00edo. Del mismo modo, en el caso de los productos sanitarios, es crucial que permanezcan est\u00e9riles. El modelo CTS cumple los requisitos m\u00e1s estrictos en materia de pruebas de estanqueidad.<\/p>\n<h2><strong>\u00bfPor qu\u00e9 elegir el modelo CTS?<\/strong><\/h2>\n<p>El modelo CTS no s\u00f3lo ofrece altas prestaciones. Tambi\u00e9n es famosa por su durabilidad y fiabilidad. Dise\u00f1ado para entornos de producci\u00f3n intensiva, requiere poco mantenimiento. Esto la convierte en una opci\u00f3n ideal para las empresas que buscan reducir los tiempos de inactividad y los costes de mantenimiento. Adem\u00e1s, gracias a su funcionamiento neum\u00e1tico, es respetuosa con el medio ambiente y ahorra energ\u00eda.<\/p>\n<h2><strong>Preguntas frecuentes sobre la c\u00e1mara de vac\u00edo CTS<\/strong><\/h2>\n<ol>\n<li><strong>\u00bfQu\u00e9 tama\u00f1o de envase puede probar la c\u00e1mara de vac\u00edo?<\/strong> <strong>La c\u00e1mara de vac\u00edo CTS<\/strong> es compatible con una amplia gama de envases, desde peque\u00f1os viales hasta grandes botellas industriales.<\/li>\n<li><strong>\u00bfCu\u00e1les son las ventajas de elegir un modelo totalmente neum\u00e1tico?<\/strong> Un sistema neum\u00e1tico garantiza una mayor seguridad, sobre todo en entornos en los que los componentes el\u00e9ctricos pueden suponer un riesgo.<\/li>\n<\/ol>\n<h3><strong>Beneficios<\/strong><\/h3>\n<ul>\n<li>Totalmente neum\u00e1tico<\/li>\n<li>Sin mantenimiento<\/li>\n<li>Intuitivo y f\u00e1cil de usar<\/li>\n<li>Posibilidad de alojamiento personalizado, adaptado a las necesidades del cliente<\/li>\n<\/ul>\n<h3>Informaci\u00f3n t\u00e9cnica<\/h3>\n<table style=\"border-collapse: collapse; width: 106.393%; height: 254px;\">\n<tbody>\n<tr style=\"height: 23px;\">\n<td style=\"width: 50%; height: 23px;\">C\u00e1mara<\/td>\n<td style=\"width: 50%; height: 23px;\">C\u00e1mara de PMMA transparente con bisagras<\/td>\n<\/tr>\n<tr style=\"height: 23px;\">\n<td style=\"width: 50%; height: 23px;\">Rango de medici\u00f3n y precisi\u00f3n<\/td>\n<td style=\"width: 50%; height: 23px;\">De -0,1 a -0,85 Bar (presi\u00f3n relativa) como est\u00e1ndar. Precisi\u00f3n + \/ -2 %.<\/td>\n<\/tr>\n<tr style=\"height: 23px;\">\n<td style=\"width: 50%; height: 23px;\">Dimensiones \u00fatiles<\/td>\n<td style=\"width: 50%; height: 23px;\">Seg\u00fan el tama\u00f1o de la carcasa<\/td>\n<\/tr>\n<tr style=\"height: 23px;\">\n<td style=\"width: 50%; height: 23px;\">Leer la depresi\u00f3n<\/td>\n<td style=\"width: 50%; height: 23px;\">Man\u00f3metro de aguja de 50 mbar de resoluci\u00f3n<\/td>\n<\/tr>\n<tr style=\"height: 23px;\">\n<td style=\"width: 50%; height: 23px;\">Unidades<\/td>\n<td style=\"width: 50%; height: 23px;\">Bar, Psi<\/td>\n<\/tr>\n<tr style=\"height: 23px;\">\n<td style=\"width: 50%; height: 23px;\">Alimentaci\u00f3n<\/td>\n<td style=\"width: 50%; height: 23px;\">Aire comprimido de 6 a 8 bar conectado por manguera Rislan\u00ae de 8mm \/ Bomba de vac\u00edo<\/td>\n<\/tr>\n<tr style=\"height: 23px;\">\n<td style=\"width: 50%; height: 23px;\">Ajuste del vac\u00edo<\/td>\n<td style=\"width: 50%; height: 23px;\">V\u00e1lvula de expansi\u00f3n con filtro<\/td>\n<\/tr>\n<tr style=\"height: 23px;\">\n<td style=\"width: 50%; height: 23px;\">Duraci\u00f3n de la depresi\u00f3n<\/td>\n<td style=\"width: 50%; height: 23px;\">Tiempo de retardo ajustable de 0 a 999 segundos<\/td>\n<\/tr>\n<tr style=\"height: 23px;\">\n<td style=\"width: 50%; height: 23px;\">Principio de la prueba<\/td>\n<td style=\"width: 50%; height: 23px;\">Visual<\/td>\n<\/tr>\n<tr style=\"height: 23px;\">\n<td style=\"width: 50%; height: 23px;\">Temperatura<\/td>\n<td style=\"width: 50%; height: 23px;\">De 0 a 40\u00b0C<\/td>\n<\/tr>\n<tr style=\"height: 24px;\">\n<td style=\"width: 50%; height: 24px;\">Normas<\/td>\n<td style=\"width: 50%; height: 24px;\">ASTM D4991, ASTM D5094, ASTM D4169, EN14401, DIN55528<\/td>\n<\/tr>\n<\/tbody>\n<\/table>\n<h3>Opciones<\/h3>\n<table style=\"border-collapse: collapse; width: 100%;\">\n<tbody>\n<tr>\n<td style=\"width: 100%;\">Disminuci\u00f3n del tiempo de depresi\u00f3n<\/td>\n<\/tr>\n<tr>\n<td style=\"width: 100%;\">V\u00e1lvula de drenaje de aire para facilitar el retorno al AP<\/td>\n<\/tr>\n<tr>\n<td style=\"width: 100%;\">Resortes de gas de seguridad<\/td>\n<\/tr>\n<tr>\n<td style=\"width: 100%;\">Manovacu\u00f3metro con aguja con mejor resoluci\u00f3n<\/td>\n<\/tr>\n<tr>\n<td style=\"width: 100%;\">Bomba de vac\u00edo que sustituye al aire comprimido<\/td>\n<\/tr>\n<\/tbody>\n<\/table>\n<h3>Entregado con<\/h3>\n<p>Un certificado de calibraci\u00f3n conectado al LNE \/ COFRAC<\/p>\n","protected":false},"excerpt":{"rendered":"<blockquote><p>El modelo b\u00e1sico<\/p><\/blockquote>\n<p>La C\u00e1mara de vac\u00edo CTS permite, al igual que la <a href=\"https:\/\/acyren.com\/es\/producto\/cte\/\">CTE<\/a>, comprobar la estanqueidad de los envases industriales como frascos, botellas, viales, etc.<\/p>\n<p>Adecuado para entornos de producci\u00f3n, s\u00f3lo cuenta con un sistema totalmente neum\u00e1tico, capaz de crear un vac\u00edo, una v\u00e1lvula de control de aire comprimido para limitar el flujo de entrada y un man\u00f3metro de aguja.<\/p>\n<p>Este modelo est\u00e1 disponible con un sistema de bomba de vac\u00edo para aspirar.<\/p>\n<p><a href=\"https:\/\/acyren.com\/wp-content\/uploads\/2020\/09\/CTS-fr10-2020-BD.pdf\" target=\"_blank\" rel=\"noopener\">Ficha t\u00e9cnica del CTS<\/a><\/p>\n<p>&nbsp;<\/p>\n","protected":false},"featured_media":21664,"template":"","meta":{"_acf_changed":false,"_et_pb_use_builder":"off","_et_pb_old_content":"<h2><strong>El modelo b\u00e1sico - C\u00e1mara de Vac\u00edo CTS<\/strong><\/h2>\r\nEl modelo elemental CTS, al igual que el CTE, est\u00e1 dise\u00f1ado para comprobar la estanqueidad de envases industriales como viales, botellas, frascos y otros recipientes herm\u00e9ticamente cerrados. Como <strong>c\u00e1mara de vac\u00edo<\/strong>, este equipo garantiza la fiabilidad de los productos sellados. Esto es especialmente importante en sectores como el alimentario, el cosm\u00e9tico y el farmac\u00e9utico.\r\n<h2><strong>Caracter\u00edsticas t\u00e9cnicas de la C\u00e1mara de Vac\u00edo CTS<\/strong><\/h2>\r\nEl modelo CTS incorpora un sistema totalmente neum\u00e1tico. Esto le permite crear una depresi\u00f3n de forma r\u00e1pida y eficaz. Estas son las principales caracter\u00edsticas de esta <strong>c\u00e1mara de vac\u00edo<\/strong>:\r\n<ul>\r\n \t<li><strong>Sistema neum\u00e1tico integrado<\/strong>: permite envasar al vac\u00edo sin componentes el\u00e9ctricos, lo que la hace segura y robusta para entornos industriales.<\/li>\r\n \t<li><strong>V\u00e1lvula de control de aire comprimido<\/strong>: Esta v\u00e1lvula limita el caudal entrante para garantizar un control preciso de la presi\u00f3n.<\/li>\r\n \t<li><strong>Man\u00f3metro de aguja<\/strong>: controla continuamente la presi\u00f3n para evitar cualquier fallo.<\/li>\r\n \t<li><strong>Bomba de vac\u00edo opcional<\/strong>: disponible en una versi\u00f3n con bomba de vac\u00edo integrada para acelerar la generaci\u00f3n de vac\u00edo.<\/li>\r\n<\/ul>\r\n<h2><strong>Aplicaciones de C\u00e1mara de Vac\u00edo<\/strong><\/h2>\r\nEsta <strong>c\u00e1mara de vac\u00edo<\/strong> se utiliza en muchas industrias en las que la integridad del envasado es esencial. Por ejemplo, en la industria alimentaria, los productos deben conservarse al vac\u00edo. Del mismo modo, en el caso de los productos sanitarios, es crucial que permanezcan est\u00e9riles. El modelo CTS cumple los requisitos m\u00e1s estrictos en materia de pruebas de estanqueidad.\r\n<h2><strong>\u00bfPor qu\u00e9 elegir el modelo CTS?<\/strong><\/h2>\r\nEl modelo CTS no s\u00f3lo ofrece altas prestaciones. Tambi\u00e9n es famosa por su durabilidad y fiabilidad. Dise\u00f1ado para entornos de producci\u00f3n intensiva, requiere poco mantenimiento. Esto la convierte en una opci\u00f3n ideal para las empresas que buscan reducir los tiempos de inactividad y los costes de mantenimiento. Adem\u00e1s, gracias a su funcionamiento neum\u00e1tico, es respetuosa con el medio ambiente y ahorra energ\u00eda.\r\n<h2><strong>Preguntas frecuentes sobre la c\u00e1mara de vac\u00edo CTS<\/strong><\/h2>\r\n<ol>\r\n \t<li><strong>\u00bfQu\u00e9 tama\u00f1o de envase puede probar la c\u00e1mara de vac\u00edo?<\/strong>\r\nLa <strong>c\u00e1mara de vac\u00edo CTS<\/strong> es compatible con una amplia gama de envases, desde peque\u00f1os viales hasta grandes botellas industriales.<\/li>\r\n \t<li><strong>\u00bfCu\u00e1les son las ventajas de elegir un modelo totalmente neum\u00e1tico?<\/strong>\r\nUn sistema neum\u00e1tico garantiza una mayor seguridad, sobre todo en entornos en los que los componentes el\u00e9ctricos pueden suponer un riesgo.<\/li>\r\n<\/ol>\r\n<h3><strong>Beneficios<\/strong><\/h3>\r\n<ul>\r\n \t<li> Totalmente neum\u00e1tico<\/li>\r\n \t<li> Sin mantenimiento<\/li>\r\n \t<li> Intuitivo y f\u00e1cil de usar<\/li>\r\n \t<li> Posibilidad de alojamiento personalizado, adaptado a las necesidades del cliente<\/li>\r\n<\/ul>\r\n<h3>Informaci\u00f3n t\u00e9cnica<\/h3>\r\n<table style=\"border-collapse: collapse;width: 106.393%;height: 254px\">\r\n<tbody>\r\n<tr style=\"height: 23px\">\r\n<td style=\"width: 50%;height: 23px\">C\u00e1mara<\/td>\r\n<td style=\"width: 50%;height: 23px\">C\u00e1mara de PMMA transparente con bisagras<\/td>\r\n<\/tr>\r\n<tr style=\"height: 23px\">\r\n<td style=\"width: 50%;height: 23px\">Rango de medici\u00f3n y precisi\u00f3n<\/td>\r\n<td style=\"width: 50%;height: 23px\">De -0,1 a -0,85 Bar (presi\u00f3n relativa) como est\u00e1ndar. Precisi\u00f3n + \/ -2 %.<\/td>\r\n<\/tr>\r\n<tr style=\"height: 23px\">\r\n<td style=\"width: 50%;height: 23px\">Dimensiones \u00fatiles<\/td>\r\n<td style=\"width: 50%;height: 23px\">Seg\u00fan el tama\u00f1o de la carcasa<\/td>\r\n<\/tr>\r\n<tr style=\"height: 23px\">\r\n<td style=\"width: 50%;height: 23px\">Leer la depresi\u00f3n<\/td>\r\n<td style=\"width: 50%;height: 23px\">Man\u00f3metro de aguja de 50 mbar de resoluci\u00f3n<\/td>\r\n<\/tr>\r\n<tr style=\"height: 23px\">\r\n<td style=\"width: 50%;height: 23px\">Unidades<\/td>\r\n<td style=\"width: 50%;height: 23px\">Bar, Psi<\/td>\r\n<\/tr>\r\n<tr style=\"height: 23px\">\r\n<td style=\"width: 50%;height: 23px\">Alimentaci\u00f3n<\/td>\r\n<td style=\"width: 50%;height: 23px\">Aire comprimido de 6 a 8 bar conectado por manguera Rislan\u00ae de 8mm \/ Bomba de vac\u00edo<\/td>\r\n<\/tr>\r\n<tr style=\"height: 23px\">\r\n<td style=\"width: 50%;height: 23px\">Ajuste del vac\u00edo<\/td>\r\n<td style=\"width: 50%;height: 23px\">V\u00e1lvula de expansi\u00f3n con filtro<\/td>\r\n<\/tr>\r\n<tr style=\"height: 23px\">\r\n<td style=\"width: 50%;height: 23px\">Duraci\u00f3n de la depresi\u00f3n<\/td>\r\n<td style=\"width: 50%;height: 23px\">Tiempo de retardo ajustable de 0 a 999 segundos<\/td>\r\n<\/tr>\r\n<tr style=\"height: 23px\">\r\n<td style=\"width: 50%;height: 23px\">Principio de la prueba<\/td>\r\n<td style=\"width: 50%;height: 23px\">Visual<\/td>\r\n<\/tr>\r\n<tr style=\"height: 23px\">\r\n<td style=\"width: 50%;height: 23px\">Temperatura<\/td>\r\n<td style=\"width: 50%;height: 23px\">De 0 a 40\u00b0C<\/td>\r\n<\/tr>\r\n<tr style=\"height: 24px\">\r\n<td style=\"width: 50%;height: 24px\">Normas<\/td>\r\n<td style=\"width: 50%;height: 24px\">ASTM D4991, ASTM D5094, ASTM D4169, EN14401, DIN55528<\/td>\r\n<\/tr>\r\n<\/tbody>\r\n<\/table>\r\n<h3>Opciones<\/h3>\r\n<table style=\"border-collapse: collapse;width: 100%\">\r\n<tbody>\r\n<tr>\r\n<td style=\"width: 100%\">Disminuci\u00f3n del tiempo de depresi\u00f3n<\/td>\r\n<\/tr>\r\n<tr>\r\n<td style=\"width: 100%\">V\u00e1lvula de drenaje de aire para facilitar el retorno al AP<\/td>\r\n<\/tr>\r\n<tr>\r\n<td style=\"width: 100%\">Resortes de gas de seguridad<\/td>\r\n<\/tr>\r\n<tr>\r\n<td style=\"width: 100%\">Manovacu\u00f3metro con aguja con mejor resoluci\u00f3n<\/td>\r\n<\/tr>\r\n<tr>\r\n<td style=\"width: 100%\">Bomba de vac\u00edo que sustituye al aire comprimido<\/td>\r\n<\/tr>\r\n<\/tbody>\r\n<\/table>\r\n<h3>Entregado con<\/h3>\r\nUn certificado de calibraci\u00f3n conectado al LNE \/ COFRAC","_et_gb_content_width":""},"product_brand":[],"product_cat":[247],"product_tag":[],"class_list":{"0":"post-9033","1":"product","2":"type-product","3":"status-publish","4":"has-post-thumbnail","6":"product_cat-prueba-en-seco","8":"first","9":"instock","10":"shipping-taxable","11":"purchasable","12":"product-type-simple"},"acf":[],"_links":{"self":[{"href":"https:\/\/acyren.com\/es\/wp-json\/wp\/v2\/product\/9033","targetHints":{"allow":["GET"]}}],"collection":[{"href":"https:\/\/acyren.com\/es\/wp-json\/wp\/v2\/product"}],"about":[{"href":"https:\/\/acyren.com\/es\/wp-json\/wp\/v2\/types\/product"}],"wp:featuredmedia":[{"embeddable":true,"href":"https:\/\/acyren.com\/es\/wp-json\/wp\/v2\/media\/21664"}],"wp:attachment":[{"href":"https:\/\/acyren.com\/es\/wp-json\/wp\/v2\/media?parent=9033"}],"wp:term":[{"taxonomy":"product_brand","embeddable":true,"href":"https:\/\/acyren.com\/es\/wp-json\/wp\/v2\/product_brand?post=9033"},{"taxonomy":"product_cat","embeddable":true,"href":"https:\/\/acyren.com\/es\/wp-json\/wp\/v2\/product_cat?post=9033"},{"taxonomy":"product_tag","embeddable":true,"href":"https:\/\/acyren.com\/es\/wp-json\/wp\/v2\/product_tag?post=9033"}],"curies":[{"name":"wp","href":"https:\/\/api.w.org\/{rel}","templated":true}]}}