{"id":9009,"date":"2020-09-29T19:34:15","date_gmt":"2020-09-29T17:34:15","guid":{"rendered":"https:\/\/www.acrn.fr\/product\/camara-de-prueba-de-fugas-cte"},"modified":"2025-05-12T10:49:15","modified_gmt":"2025-05-12T08:49:15","slug":"cte","status":"publish","type":"product","link":"https:\/\/acyren.com\/es\/producto\/cte\/","title":{"rendered":"C\u00e1mara de vac\u00edo CTE"},"content":{"rendered":"<h3>Beneficios de C\u00e1mara de vac\u00edo neum\u00e1tica<\/h3>\n<ul>\n<li>R\u00e1pido, ergon\u00f3mico y f\u00e1cil de usar<\/li>\n<li>Fiable y econ\u00f3mico<\/li>\n<li>Adaptado al entorno de producci\u00f3n \/ Robusto<\/li>\n<li>Pruebas a la recepci\u00f3n de las materias primas, en la producci\u00f3n, antes del env\u00edo<\/li>\n<li>Bajo mantenimiento<\/li>\n<li>Mantenimiento f\u00e1cil y r\u00e1pido gracias a la ausencia de conexi\u00f3n el\u00e9ctrica<\/li>\n<\/ul>\n<h3>Informaci\u00f3n t\u00e9cnica<\/h3>\n<table style=\"border-collapse: collapse; width: 106.393%; height: 288px;\">\n<tbody>\n<tr>\n<td style=\"width: 50%;\">C\u00e1mara<\/td>\n<td style=\"width: 50%;\">C\u00e1mara PMMA transparente con bisagras<\/td>\n<\/tr>\n<tr>\n<td style=\"width: 50%;\">Rango de medici\u00f3n y precisi\u00f3n<\/td>\n<td style=\"width: 50%;\">De -0,1 a -0,85 Bar (presi\u00f3n relativa) como est\u00e1ndar. Precisi\u00f3n + \/ -2 %.<\/td>\n<\/tr>\n<tr>\n<td style=\"width: 50%;\">Dimensiones \u00fatiles<\/td>\n<td style=\"width: 50%;\">Seg\u00fan el tama\u00f1o de la carcasa<\/td>\n<\/tr>\n<tr>\n<td style=\"width: 50%;\">Leer la depresi\u00f3n<\/td>\n<td style=\"width: 50%;\">Man\u00f3metro de aguja de 50 mbar de resoluci\u00f3n<\/td>\n<\/tr>\n<tr>\n<td style=\"width: 50%;\">Unidades<\/td>\n<td style=\"width: 50%;\">Bar, Psi<\/td>\n<\/tr>\n<tr>\n<td style=\"width: 50%;\">Alimentaci\u00f3n<\/td>\n<td style=\"width: 50%;\">Aire comprimido de 6 a 8 bares conectado por manguera Rislan\u00ae de 8 mm<\/td>\n<\/tr>\n<tr>\n<td style=\"width: 50%;\">Ajuste del vac\u00edo<\/td>\n<td style=\"width: 50%;\">V\u00e1lvula de expansi\u00f3n con filtro<\/td>\n<\/tr>\n<tr>\n<td style=\"width: 50%;\">Duraci\u00f3n de la depresi\u00f3n<\/td>\n<td style=\"width: 50%;\">Tiempo de retardo ajustable de 0 a 999 segundos<\/td>\n<\/tr>\n<tr>\n<td style=\"width: 50%;\">Principio de la prueba<\/td>\n<td style=\"width: 50%;\">Visual<\/td>\n<\/tr>\n<tr>\n<td style=\"width: 50%;\">Temperatura<\/td>\n<td style=\"width: 50%;\">De 0 a 40\u00b0C<\/td>\n<\/tr>\n<tr>\n<td style=\"width: 50%;\">Normas<\/td>\n<td style=\"width: 50%;\">ASTM D4991, ASTM D5094, ASTM D4169, EN14401, DIN55528<\/td>\n<\/tr>\n<\/tbody>\n<\/table>\n<h3>Opciones<\/h3>\n<table style=\"border-collapse: collapse; width: 100%;\">\n<tbody>\n<tr>\n<td style=\"width: 100%;\">Disminuci\u00f3n del tiempo de depresi\u00f3n<\/td>\n<\/tr>\n<tr>\n<td style=\"width: 100%;\">V\u00e1lvula de drenaje de aire para facilitar el retorno al AP<\/td>\n<\/tr>\n<tr>\n<td style=\"width: 100%;\">Resortes de gas de seguridad<\/td>\n<\/tr>\n<tr>\n<td style=\"width: 100%;\">Tiempo de retardo ajustable de 0 a 99.999 segundos<\/td>\n<\/tr>\n<tr>\n<td style=\"width: 100%;\">Manovacu\u00f3metro con aguja con mejor resoluci\u00f3n (ver*)<\/td>\n<\/tr>\n<\/tbody>\n<\/table>\n<h3>Viene con:<\/h3>\n<p>Un certificado de calibraci\u00f3n conectado al LNE \/ COFRAC<\/p>\n","protected":false},"excerpt":{"rendered":"<blockquote><p>Un modelo robusto y vers\u00e1til<\/p><\/blockquote>\n<p>Permite c<strong>omprobar la estanqueidad<\/strong> de los envases que contienen <strong>productos l\u00edquidos o semi-viscoso<\/strong>s, por vac\u00edo, directamente en <strong>el borde de la l\u00ednea de producci\u00f3n<\/strong> con total visibilidad, gracias a su dise\u00f1o de <strong>plexigl\u00e1s<\/strong>.<\/p>\n<p>Simplemente coloque su muestra de manera que el tap\u00f3n quede <strong>sumergido desde el interior por su tap\u00f3n<\/strong>. El uso de papel secante, por ejemplo, permite ver si se ha filtrado alg\u00fan producto de la muestra durante la prueba.<\/p>\n<p><a href=\"https:\/\/acyren.com\/wp-content\/uploads\/2020\/09\/CTE-FR-BD.pdf\" target=\"_blank\" rel=\"noopener\">Ficha t\u00e9cnica de CTE<\/a><\/p>\n","protected":false},"featured_media":21565,"template":"","meta":{"_acf_changed":false,"_et_pb_use_builder":"","_et_pb_old_content":"","_et_gb_content_width":""},"product_brand":[],"product_cat":[247],"product_tag":[],"class_list":{"0":"post-9009","1":"product","2":"type-product","3":"status-publish","4":"has-post-thumbnail","6":"product_cat-prueba-en-seco","8":"first","9":"instock","10":"shipping-taxable","11":"purchasable","12":"product-type-simple"},"acf":[],"_links":{"self":[{"href":"https:\/\/acyren.com\/es\/wp-json\/wp\/v2\/product\/9009","targetHints":{"allow":["GET"]}}],"collection":[{"href":"https:\/\/acyren.com\/es\/wp-json\/wp\/v2\/product"}],"about":[{"href":"https:\/\/acyren.com\/es\/wp-json\/wp\/v2\/types\/product"}],"wp:featuredmedia":[{"embeddable":true,"href":"https:\/\/acyren.com\/es\/wp-json\/wp\/v2\/media\/21565"}],"wp:attachment":[{"href":"https:\/\/acyren.com\/es\/wp-json\/wp\/v2\/media?parent=9009"}],"wp:term":[{"taxonomy":"product_brand","embeddable":true,"href":"https:\/\/acyren.com\/es\/wp-json\/wp\/v2\/product_brand?post=9009"},{"taxonomy":"product_cat","embeddable":true,"href":"https:\/\/acyren.com\/es\/wp-json\/wp\/v2\/product_cat?post=9009"},{"taxonomy":"product_tag","embeddable":true,"href":"https:\/\/acyren.com\/es\/wp-json\/wp\/v2\/product_tag?post=9009"}],"curies":[{"name":"wp","href":"https:\/\/api.w.org\/{rel}","templated":true}]}}