{"id":8958,"date":"2021-05-06T08:54:29","date_gmt":"2021-12-09T11:37:56","guid":{"rendered":"https:\/\/www.acrn.fr\/product\/medicion-del-diametro-de-la-valvula-a2140"},"modified":"2025-07-08T16:53:31","modified_gmt":"2025-07-08T14:53:31","slug":"medicion-del-diametro-de-la-valvula-a2140","status":"publish","type":"product","link":"https:\/\/acyren.com\/es\/producto\/medicion-del-diametro-de-la-valvula-a2140\/","title":{"rendered":"Medici\u00f3n del di\u00e1metro de la v\u00e1lvula A2140"},"content":{"rendered":"<div class='content-column one_half'><img decoding=\"async\" class=\"alignnone size-full wp-image-4874\" src=\"https:\/\/acyren.com\/wp-content\/uploads\/2021\/05\/A2140png1.png\" alt=\"A2140\" width=\"400\" height=\"600\" srcset=\"https:\/\/acyren.com\/wp-content\/uploads\/2021\/05\/A2140png1.png 400w, https:\/\/acyren.com\/wp-content\/uploads\/2021\/05\/A2140png1-64x96.png 64w, https:\/\/acyren.com\/wp-content\/uploads\/2021\/05\/A2140png1-200x300.png 200w\" sizes=\"(max-width: 400px) 100vw, 400px\" \/><\/div>\n<div class='content-column one_half last_column'><img decoding=\"async\" class=\"alignnone size-full wp-image-4876\" src=\"https:\/\/acyren.com\/wp-content\/uploads\/2021\/05\/A2140png2.png\" alt=\"A2140\" width=\"400\" height=\"600\" srcset=\"https:\/\/acyren.com\/wp-content\/uploads\/2021\/05\/A2140png2.png 400w, https:\/\/acyren.com\/wp-content\/uploads\/2021\/05\/A2140png2-64x96.png 64w, https:\/\/acyren.com\/wp-content\/uploads\/2021\/05\/A2140png2-200x300.png 200w\" sizes=\"(max-width: 400px) 100vw, 400px\" \/><\/div><div class='clear_column'><\/div>\n<h3>Informaci\u00f3n t\u00e9cnica<\/h3>\n<table style=\"border-collapse: collapse; width: 100%;\">\n<tbody>\n<tr>\n<td style=\"width: 12.5%; text-align: center;\">Tipo<\/td>\n<td style=\"width: 12.5%; text-align: center;\">Rango<\/td>\n<td style=\"width: 12.5%; text-align: center;\">Rango de indicaci\u00f3n<\/td>\n<td style=\"width: 12.5%; text-align: center;\">Resoluci\u00f3n<\/td>\n<td style=\"width: 12.5%; text-align: center;\">Medici\u00f3n de la fuerza\/peso<\/td>\n<td style=\"width: 12.5%; text-align: center;\">Error m\u00e1ximo permitido<\/td>\n<td style=\"width: 12.5%; text-align: center;\">Error de repetibilidad<\/td>\n<td style=\"width: 12.5%; text-align: center;\">Temperatura de funcionamiento<\/td>\n<\/tr>\n<tr>\n<td style=\"width: 12.5%; text-align: center;\">AEROSOL<\/td>\n<td style=\"width: 12.5%; text-align: center;\">5 &#8211; 15 mm<\/td>\n<td style=\"width: 12.5%; text-align: center;\">4.75 mm &#8211; 15.25 mm<\/td>\n<td style=\"width: 12.5%; text-align: center;\">0.01 mm<\/td>\n<td style=\"width: 12.5%; text-align: center;\">1.1 &#8211; 1.5 N \/ 120 g<\/td>\n<td style=\"width: 12.5%; text-align: center;\">0.03 mm<\/td>\n<td style=\"width: 12.5%; text-align: center;\">0.02 mm<\/td>\n<td style=\"width: 12.5%; text-align: center;\">10\u00b0C &#8211; 30\u00b0C<\/td>\n<\/tr>\n<\/tbody>\n<\/table>\n<p>&nbsp;<\/p>\n","protected":false},"excerpt":{"rendered":"<p>Informaci\u00f3n t\u00e9cnica Tipo Rango Rango de indicaci\u00f3n Resoluci\u00f3n Medici\u00f3n de la fuerza\/peso Error m\u00e1ximo permitido Error de repetibilidad Temperatura de funcionamiento AEROSOL 5 &#8211; 15 mm 4.75 mm &#8211; 15.25 mm 0.01 mm 1.1 &#8211; 1.5 N \/ 120 g 0.03 mm 0.02 mm 10\u00b0C &#8211; 30\u00b0C &nbsp;<\/p>\n","protected":false},"featured_media":8959,"template":"","meta":{"_acf_changed":false,"_et_pb_use_builder":"","_et_pb_old_content":"","_et_gb_content_width":""},"product_brand":[],"product_cat":[243],"product_tag":[],"class_list":{"0":"post-8958","1":"product","2":"type-product","3":"status-publish","4":"has-post-thumbnail","6":"product_cat-control-dimensional-de-los-aerosoles","8":"first","9":"instock","10":"shipping-taxable","11":"purchasable","12":"product-type-simple"},"acf":[],"_links":{"self":[{"href":"https:\/\/acyren.com\/es\/wp-json\/wp\/v2\/product\/8958","targetHints":{"allow":["GET"]}}],"collection":[{"href":"https:\/\/acyren.com\/es\/wp-json\/wp\/v2\/product"}],"about":[{"href":"https:\/\/acyren.com\/es\/wp-json\/wp\/v2\/types\/product"}],"wp:featuredmedia":[{"embeddable":true,"href":"https:\/\/acyren.com\/es\/wp-json\/wp\/v2\/media\/8959"}],"wp:attachment":[{"href":"https:\/\/acyren.com\/es\/wp-json\/wp\/v2\/media?parent=8958"}],"wp:term":[{"taxonomy":"product_brand","embeddable":true,"href":"https:\/\/acyren.com\/es\/wp-json\/wp\/v2\/product_brand?post=8958"},{"taxonomy":"product_cat","embeddable":true,"href":"https:\/\/acyren.com\/es\/wp-json\/wp\/v2\/product_cat?post=8958"},{"taxonomy":"product_tag","embeddable":true,"href":"https:\/\/acyren.com\/es\/wp-json\/wp\/v2\/product_tag?post=8958"}],"curies":[{"name":"wp","href":"https:\/\/api.w.org\/{rel}","templated":true}]}}