{"id":8887,"date":"2021-05-06T08:06:38","date_gmt":"2021-12-09T10:44:25","guid":{"rendered":"https:\/\/www.acrn.fr\/product\/medidor-digital-de-altura-de-conformacion-especifica-ae1220-hx"},"modified":"2025-07-07T18:22:16","modified_gmt":"2025-07-07T16:22:16","slug":"hx-digital-ae1220-medidor-de-altura-pico","status":"publish","type":"product","link":"https:\/\/acyren.com\/es\/producto\/hx-digital-ae1220-medidor-de-altura-pico\/","title":{"rendered":"AE1220 Medidor de altura digital"},"content":{"rendered":"<div class='content-column one_half'><img decoding=\"async\" class=\"alignnone size-full wp-image-4836\" src=\"https:\/\/acyren.com\/wp-content\/uploads\/2021\/05\/png1AE2100.png\" alt=\"AE2100\" width=\"400\" height=\"600\" srcset=\"https:\/\/acyren.com\/wp-content\/uploads\/2021\/05\/png1AE2100.png 400w, https:\/\/acyren.com\/wp-content\/uploads\/2021\/05\/png1AE2100-64x96.png 64w, https:\/\/acyren.com\/wp-content\/uploads\/2021\/05\/png1AE2100-200x300.png 200w\" sizes=\"(max-width: 400px) 100vw, 400px\" \/><\/div>\n<div class='content-column one_half last_column'><img decoding=\"async\" class=\"alignnone size-full wp-image-4863\" src=\"https:\/\/acyren.com\/wp-content\/uploads\/2021\/05\/pngAE1220.png\" alt=\"AE1220\" width=\"400\" height=\"600\" srcset=\"https:\/\/acyren.com\/wp-content\/uploads\/2021\/05\/pngAE1220.png 400w, https:\/\/acyren.com\/wp-content\/uploads\/2021\/05\/pngAE1220-64x96.png 64w, https:\/\/acyren.com\/wp-content\/uploads\/2021\/05\/pngAE1220-200x300.png 200w\" sizes=\"(max-width: 400px) 100vw, 400px\" \/><\/div><div class='clear_column'><\/div>\n<h3>Informaci\u00f3n t\u00e9cnica<\/h3>\n<table style=\"border-collapse: collapse; width: 100%;\">\n<tbody>\n<tr>\n<td style=\"width: 14.2857%; text-align: center;\">Tipo<\/td>\n<td style=\"width: 14.2857%; text-align: center;\">Rango (mm)<\/td>\n<td style=\"width: 14.2857%; text-align: center;\">Resoluci\u00f3n<\/td>\n<td style=\"width: 14.2857%; text-align: center;\">L\u00edmite de error<\/td>\n<td style=\"width: 14.2857%; text-align: center;\">Medici\u00f3n de la fuerza\/peso<\/td>\n<td style=\"width: 14.2857%; text-align: center;\">Error de repetibilidad<\/td>\n<td style=\"width: 14.2857%; text-align: center;\">Temperatura de funcionamiento<\/td>\n<\/tr>\n<tr>\n<td style=\"width: 14.2857%; text-align: center;\">AEROSOL<\/td>\n<td style=\"width: 14.2857%; text-align: center;\">+ \/ 5 mm<\/td>\n<td style=\"width: 14.2857%; text-align: center;\">0.01 mm<\/td>\n<td style=\"width: 14.2857%; text-align: center;\">0.02 mm<\/td>\n<td style=\"width: 14.2857%; text-align: center;\">0.7 &#8211; 1.3 N \/ 330 g<\/td>\n<td style=\"width: 14.2857%; text-align: center;\">0.01 mm<\/td>\n<td style=\"width: 14.2857%; text-align: center;\">10\u00b0C &#8211; 30\u00b0C<\/td>\n<\/tr>\n<\/tbody>\n<\/table>\n","protected":false},"excerpt":{"rendered":"<p>Informaci\u00f3n t\u00e9cnica Tipo Rango (mm) Resoluci\u00f3n L\u00edmite de error Medici\u00f3n de la fuerza\/peso Error de repetibilidad Temperatura de funcionamiento AEROSOL + \/ 5 mm 0.01 mm 0.02 mm 0.7 &#8211; 1.3 N \/ 330 g 0.01 mm 10\u00b0C &#8211; 30\u00b0C<\/p>\n","protected":false},"featured_media":8888,"template":"","meta":{"_acf_changed":false,"_et_pb_use_builder":"","_et_pb_old_content":"","_et_gb_content_width":""},"product_brand":[],"product_cat":[245],"product_tag":[],"class_list":{"0":"post-8887","1":"product","2":"type-product","3":"status-publish","4":"has-post-thumbnail","6":"product_cat-altura-de-engarce","8":"first","9":"instock","10":"shipping-taxable","11":"purchasable","12":"product-type-simple"},"acf":[],"_links":{"self":[{"href":"https:\/\/acyren.com\/es\/wp-json\/wp\/v2\/product\/8887","targetHints":{"allow":["GET"]}}],"collection":[{"href":"https:\/\/acyren.com\/es\/wp-json\/wp\/v2\/product"}],"about":[{"href":"https:\/\/acyren.com\/es\/wp-json\/wp\/v2\/types\/product"}],"wp:featuredmedia":[{"embeddable":true,"href":"https:\/\/acyren.com\/es\/wp-json\/wp\/v2\/media\/8888"}],"wp:attachment":[{"href":"https:\/\/acyren.com\/es\/wp-json\/wp\/v2\/media?parent=8887"}],"wp:term":[{"taxonomy":"product_brand","embeddable":true,"href":"https:\/\/acyren.com\/es\/wp-json\/wp\/v2\/product_brand?post=8887"},{"taxonomy":"product_cat","embeddable":true,"href":"https:\/\/acyren.com\/es\/wp-json\/wp\/v2\/product_cat?post=8887"},{"taxonomy":"product_tag","embeddable":true,"href":"https:\/\/acyren.com\/es\/wp-json\/wp\/v2\/product_tag?post=8887"}],"curies":[{"name":"wp","href":"https:\/\/api.w.org\/{rel}","templated":true}]}}