{"id":8858,"date":"2021-05-06T10:40:54","date_gmt":"2021-12-09T10:36:03","guid":{"rendered":"https:\/\/www.acrn.fr\/product\/medidor-de-diametro-y-altura-a1169-para-aerosoles-especificos"},"modified":"2025-07-07T12:18:12","modified_gmt":"2025-07-07T10:18:12","slug":"a1169-medidor-de-diametro-y-altura-para-suelos-especificos","status":"publish","type":"product","link":"https:\/\/acyren.com\/es\/producto\/a1169-medidor-de-diametro-y-altura-para-suelos-especificos\/","title":{"rendered":"Medidor de di\u00e1metro y altura A1169 para aerosoles espec\u00edficos"},"content":{"rendered":"<p><img decoding=\"async\" class=\"aligncenter wp-image-4917 size-full\" src=\"https:\/\/acyren.com\/wp-content\/uploads\/2021\/05\/pnga1169.png\" alt=\"diagrama de la herramienta de medici\u00f3n\" width=\"800\" height=\"400\" srcset=\"https:\/\/acyren.com\/wp-content\/uploads\/2021\/05\/pnga1169.png 800w, https:\/\/acyren.com\/wp-content\/uploads\/2021\/05\/pnga1169-480x240.png 480w\" sizes=\"(min-width: 0px) and (max-width: 480px) 480px, (min-width: 481px) 800px, 100vw\" \/><\/p>\n<h3>Informaci\u00f3n t\u00e9cnica<\/h3>\n<table style=\"border-collapse: collapse; width: 100%;\">\n<tbody>\n<tr>\n<td style=\"width: 12.5%;\">Tipo<\/td>\n<td style=\"width: 12.5%;\">Rango<\/td>\n<td style=\"width: 12.5%;\">Resoluci\u00f3n<\/td>\n<td style=\"width: 12.5%;\">Medici\u00f3n de la fuerza<\/td>\n<td style=\"width: 12.5%;\">Peso<\/td>\n<td style=\"width: 12.5%;\">Error m\u00e1ximo permitido<\/td>\n<td style=\"width: 12.5%;\">Error de repetibilidad<\/td>\n<td style=\"width: 12.5%;\">Temperatura de funcionamiento<\/td>\n<\/tr>\n<tr>\n<td style=\"width: 12.5%;\">AEROSOL<\/td>\n<td style=\"width: 12.5%;\">4.0 &#8211; 8.5 mm<\/td>\n<td style=\"width: 12.5%;\">0.01 mm<\/td>\n<td style=\"width: 12.5%;\">4 &#8211; 10 N<\/td>\n<td style=\"width: 12.5%;\">500 g<\/td>\n<td style=\"width: 12.5%;\">0.06 mm<\/td>\n<td style=\"width: 12.5%;\">0.03 mm<\/td>\n<td style=\"width: 12.5%;\">10\u00b0C &#8211; 30\u00b0C<\/td>\n<\/tr>\n<\/tbody>\n<\/table>\n<p>&nbsp;<\/p>\n<p><img decoding=\"async\" class=\"aligncenter wp-image-4919 size-full\" src=\"https:\/\/acyren.com\/wp-content\/uploads\/2021\/05\/png1a1169.png\" alt=\"diagrama herramienta de medici\u00f3n del di\u00e1metro\" width=\"1000\" height=\"400\" srcset=\"https:\/\/acyren.com\/wp-content\/uploads\/2021\/05\/png1a1169.png 1000w, https:\/\/acyren.com\/wp-content\/uploads\/2021\/05\/png1a1169-980x392.png 980w, https:\/\/acyren.com\/wp-content\/uploads\/2021\/05\/png1a1169-480x192.png 480w\" sizes=\"(min-width: 0px) and (max-width: 480px) 480px, (min-width: 481px) and (max-width: 980px) 980px, (min-width: 981px) 1000px, 100vw\" \/><\/p>\n<p>&nbsp;<\/p>\n<p><img decoding=\"async\" class=\"aligncenter wp-image-4921 size-full\" src=\"https:\/\/acyren.com\/wp-content\/uploads\/2021\/05\/png31169.png\" alt=\"diagrama herramienta de medici\u00f3n del di\u00e1metro\" width=\"1000\" height=\"550\" srcset=\"https:\/\/acyren.com\/wp-content\/uploads\/2021\/05\/png31169.png 1000w, https:\/\/acyren.com\/wp-content\/uploads\/2021\/05\/png31169-980x539.png 980w, https:\/\/acyren.com\/wp-content\/uploads\/2021\/05\/png31169-480x264.png 480w\" sizes=\"(min-width: 0px) and (max-width: 480px) 480px, (min-width: 481px) and (max-width: 980px) 980px, (min-width: 981px) 1000px, 100vw\" \/><\/p>\n<h3>Modelos<\/h3>\n<table style=\"border-collapse: collapse; width: 100%; height: 230px;\">\n<tbody>\n<tr style=\"height: 23px;\">\n<td style=\"width: 12.5%; height: 23px; text-align: center;\">Instrumento No.<\/td>\n<td style=\"width: 12.5%; height: 23px; text-align: center;\">Chimenea \u00d8 Dm<\/td>\n<td style=\"width: 12.5%; height: 23px; text-align: center;\">Referencia \u00d8 Dref<\/td>\n<td style=\"width: 12.5%; height: 23px; text-align: center;\">Altura de referencia Href<\/td>\n<td style=\"width: 12.5%; height: 23px; text-align: center;\">Mand\u00edbulas n\u00ba (pos 2)<\/td>\n<td style=\"width: 12.5%; height: 23px; text-align: center;\">Abrazadera de sujeci\u00f3n No.<\/td>\n<td style=\"width: 12.5%; height: 23px; text-align: center;\">a (mm)<\/td>\n<td style=\"width: 12.5%; height: 23px; text-align: center;\">N\u00ba de pieza de calibraci\u00f3n<\/td>\n<\/tr>\n<tr style=\"height: 23px;\">\n<td style=\"width: 12.5%; height: 23px; text-align: center;\">A1161 \/ A1161i<\/td>\n<td style=\"width: 12.5%; height: 23px; text-align: center;\">14 mm<\/td>\n<td style=\"width: 12.5%; height: 23px; text-align: center;\">13.50 mm \/ 0.5315 inch<\/td>\n<td style=\"width: 12.5%; height: 23px; text-align: center;\">5.00 mm \/ 0.19685 inch<\/td>\n<td style=\"width: 12.5%; height: 23px; text-align: center;\">0840-14<\/td>\n<td style=\"width: 12.5%; height: 23px; text-align: center;\">0840-11<\/td>\n<td style=\"width: 12.5%; height: 23px; text-align: center;\">5<\/td>\n<td style=\"width: 12.5%; height: 23px; text-align: center;\">0761-32<\/td>\n<\/tr>\n<tr style=\"height: 23px;\">\n<td style=\"width: 12.5%; height: 23px; text-align: center;\">A1162 \/ A1162i<\/td>\n<td style=\"width: 12.5%; height: 23px; text-align: center;\">15 mm<\/td>\n<td style=\"width: 12.5%; height: 23px; text-align: center;\">14.70 mm \/ 0.5787 inch<\/td>\n<td style=\"width: 12.5%; height: 23px; text-align: center;\">7.00 mm \/ 0.27559 inch<\/td>\n<td style=\"width: 12.5%; height: 23px; text-align: center;\">0840-10<\/td>\n<td style=\"width: 12.5%; height: 23px; text-align: center;\">0840-19<\/td>\n<td style=\"width: 12.5%; height: 23px; text-align: center;\">5<\/td>\n<td style=\"width: 12.5%; height: 23px; text-align: center;\">0761-24<\/td>\n<\/tr>\n<tr style=\"height: 23px;\">\n<td style=\"width: 12.5%; height: 23px; text-align: center;\">A1163 \/ A1163i<\/td>\n<td style=\"width: 12.5%; height: 23px; text-align: center;\">16 mm<\/td>\n<td style=\"width: 12.5%; height: 23px; text-align: center;\">15.00 mm \/ 0.5905 inch<\/td>\n<td style=\"width: 12.5%; height: 23px; text-align: center;\">5.00 mm \/ 0.19685 inch<\/td>\n<td style=\"width: 12.5%; height: 23px; text-align: center;\">0840-17<\/td>\n<td style=\"width: 12.5%; height: 23px; text-align: center;\">0840-19<\/td>\n<td style=\"width: 12.5%; height: 23px; text-align: center;\">5<\/td>\n<td style=\"width: 12.5%; height: 23px; text-align: center;\">0761-38<\/td>\n<\/tr>\n<tr style=\"height: 23px;\">\n<td style=\"width: 12.5%; height: 23px; text-align: center;\">A1164 \/ A1164i<\/td>\n<td style=\"width: 12.5%; height: 23px; text-align: center;\">16 mm<\/td>\n<td style=\"width: 12.5%; height: 23px; text-align: center;\">15.40 mm \/ 0.6063 inch<\/td>\n<td style=\"width: 12.5%; height: 23px; text-align: center;\">5.00 mm \/ 0.19685 inch<\/td>\n<td style=\"width: 12.5%; height: 23px; text-align: center;\">0840-16<\/td>\n<td style=\"width: 12.5%; height: 23px; text-align: center;\">0840-11<\/td>\n<td style=\"width: 12.5%; height: 23px; text-align: center;\">5<\/td>\n<td style=\"width: 12.5%; height: 23px; text-align: center;\">0761-34<\/td>\n<\/tr>\n<tr style=\"height: 23px;\">\n<td style=\"width: 12.5%; height: 23px; text-align: center;\">A1166 \/ A1166i<\/td>\n<td style=\"width: 12.5%; height: 23px; text-align: center;\">19 mm<\/td>\n<td style=\"width: 12.5%; height: 23px; text-align: center;\">18.20 mm \/ 0.7165 inch<\/td>\n<td style=\"width: 12.5%; height: 23px; text-align: center;\">5.00 mm \/ 0.19685 inch<\/td>\n<td style=\"width: 12.5%; height: 23px; text-align: center;\">0840-18<\/td>\n<td style=\"width: 12.5%; height: 23px; text-align: center;\">0840-19<\/td>\n<td style=\"width: 12.5%; height: 23px; text-align: center;\">5<\/td>\n<td style=\"width: 12.5%; height: 23px; text-align: center;\">0761-39<\/td>\n<\/tr>\n<tr style=\"height: 23px;\">\n<td style=\"width: 12.5%; height: 23px; text-align: center;\">A1167 \/ A1167i<\/td>\n<td style=\"width: 12.5%; height: 23px; text-align: center;\">20 mm<\/td>\n<td style=\"width: 12.5%; height: 23px; text-align: center;\">19.00 mm \/ 0.76 inch<\/td>\n<td style=\"width: 12.5%; height: 23px; text-align: center;\">5.12 mm \/ 0.20157 inch<\/td>\n<td style=\"width: 12.5%; height: 23px; text-align: center;\">0840-03<\/td>\n<td style=\"width: 12.5%; height: 23px; text-align: center;\">0840-04<\/td>\n<td style=\"width: 12.5%; height: 23px; text-align: center;\">14.6<\/td>\n<td style=\"width: 12.5%; height: 23px; text-align: center;\">0761-23<\/td>\n<\/tr>\n<tr style=\"height: 23px;\">\n<td style=\"width: 12.5%; height: 23px; text-align: center;\">A1168 \/ A1168i<\/td>\n<td style=\"width: 12.5%; height: 23px; text-align: center;\">20 mm<\/td>\n<td style=\"width: 12.5%; height: 23px; text-align: center;\">19.40 mm \/ 0.7638 inch<\/td>\n<td style=\"width: 12.5%; height: 23px; text-align: center;\">7.00 mm \/ 0.27559 inch<\/td>\n<td style=\"width: 12.5%; height: 23px; text-align: center;\">0840-12<\/td>\n<td style=\"width: 12.5%; height: 23px; text-align: center;\">0840-04<\/td>\n<td style=\"width: 12.5%; height: 23px; text-align: center;\">14.6<\/td>\n<td style=\"width: 12.5%; height: 23px; text-align: center;\">0761-41<\/td>\n<\/tr>\n<tr style=\"height: 23px;\">\n<td style=\"width: 12.5%; height: 23px; text-align: center;\">A1169 \/ A1169i<\/td>\n<td style=\"width: 12.5%; height: 23px; text-align: center;\">20 mm<\/td>\n<td style=\"width: 12.5%; height: 23px; text-align: center;\">19.85 mm \/ 0.7795 inch<\/td>\n<td style=\"width: 12.5%; height: 23px; text-align: center;\">5.00 mm \/ 0.19685 inch<\/td>\n<td style=\"width: 12.5%; height: 23px; text-align: center;\">0840-02<\/td>\n<td style=\"width: 12.5%; height: 23px; text-align: center;\">0840-04<\/td>\n<td style=\"width: 12.5%; height: 23px; text-align: center;\">14.6<\/td>\n<td style=\"width: 12.5%; height: 23px; text-align: center;\">0761-15<\/td>\n<\/tr>\n<tr style=\"height: 23px;\">\n<td style=\"width: 12.5%; height: 23px; text-align: center;\">A1171 \/ A1171i<\/td>\n<td style=\"width: 12.5%; height: 23px; text-align: center;\">19 mm<\/td>\n<td style=\"width: 12.5%; height: 23px; text-align: center;\">18.20 mm \/ 0.7165 inch<\/td>\n<td style=\"width: 12.5%; height: 23px; text-align: center;\">4.00 mm \/ 0.15748 inch<\/td>\n<td style=\"width: 12.5%; height: 23px; text-align: center;\">0840-27<\/td>\n<td style=\"width: 12.5%; height: 23px; text-align: center;\">0840-19<\/td>\n<td style=\"width: 12.5%; height: 23px; text-align: center;\">5<\/td>\n<td style=\"width: 12.5%; height: 23px; text-align: center;\">0761-40<\/td>\n<\/tr>\n<\/tbody>\n<\/table>\n<p>&nbsp;<\/p>\n<h3>Viene con:<\/h3>\n<ul>\n<li>Mand\u00edbulas-correspondientes<\/li>\n<li>Pinza de sujeci\u00f3n<\/li>\n<li>Pieza de calibraci\u00f3n<\/li>\n<li>Caja de madera<\/li>\n<\/ul>\n","protected":false},"excerpt":{"rendered":"<p>&nbsp;<\/p>\n<blockquote>\n<h2>Herramienta de medici\u00f3n de di\u00e1metros A1169<\/h2>\n<\/blockquote>\n<p>El A1169 est\u00e1 dise\u00f1ado para controlar con precisi\u00f3n el di\u00e1metro y la altura de prensado de aerosoles espec\u00edficos. Fiable y robusto, satisface las exigencias de los entornos industriales.<\/p>\n","protected":false},"featured_media":8859,"template":"","meta":{"_acf_changed":false,"_et_pb_use_builder":"","_et_pb_old_content":"","_et_gb_content_width":""},"product_brand":[],"product_cat":[244,245],"product_tag":[],"class_list":{"0":"post-8858","1":"product","2":"type-product","3":"status-publish","4":"has-post-thumbnail","6":"product_cat-diametro-de-engarce","7":"product_cat-altura-de-engarce","9":"first","10":"instock","11":"shipping-taxable","12":"purchasable","13":"product-type-simple"},"acf":[],"_links":{"self":[{"href":"https:\/\/acyren.com\/es\/wp-json\/wp\/v2\/product\/8858","targetHints":{"allow":["GET"]}}],"collection":[{"href":"https:\/\/acyren.com\/es\/wp-json\/wp\/v2\/product"}],"about":[{"href":"https:\/\/acyren.com\/es\/wp-json\/wp\/v2\/types\/product"}],"wp:featuredmedia":[{"embeddable":true,"href":"https:\/\/acyren.com\/es\/wp-json\/wp\/v2\/media\/8859"}],"wp:attachment":[{"href":"https:\/\/acyren.com\/es\/wp-json\/wp\/v2\/media?parent=8858"}],"wp:term":[{"taxonomy":"product_brand","embeddable":true,"href":"https:\/\/acyren.com\/es\/wp-json\/wp\/v2\/product_brand?post=8858"},{"taxonomy":"product_cat","embeddable":true,"href":"https:\/\/acyren.com\/es\/wp-json\/wp\/v2\/product_cat?post=8858"},{"taxonomy":"product_tag","embeddable":true,"href":"https:\/\/acyren.com\/es\/wp-json\/wp\/v2\/product_tag?post=8858"}],"curies":[{"name":"wp","href":"https:\/\/api.w.org\/{rel}","templated":true}]}}