{"id":8703,"date":"2021-10-19T09:34:03","date_gmt":"2021-12-09T08:03:52","guid":{"rendered":"https:\/\/www.acrn.fr\/product\/soporte-de-traccion-compresion-tvp"},"modified":"2021-12-09T09:03:52","modified_gmt":"2021-12-09T08:03:52","slug":"soporte-de-traccion-compresion","status":"publish","type":"product","link":"https:\/\/acyren.com\/es\/producto\/soporte-de-traccion-compresion\/","title":{"rendered":"Soporte de tracci\u00f3n \/ compresi\u00f3n TVP"},"content":{"rendered":"<h3>Ventajas del soporte TVP<\/h3>\n<ul>\n<li><span style=\"color: #215876;\">Tracci\u00f3n y compresi\u00f3n\n<p><\/span><\/li>\n<p><\/p>\n<li><span style=\"color: #215876;\">Capacidad 500 N<br \/>\n<\/span><\/li>\n<p><\/p>\n<li><span style=\"color: #215876;\">Accionamiento por palanca, recorrido de 78 mm\n<p><\/span><\/li>\n<p><\/p>\n<li><span style=\"color: #215876;\">Parada baja en los desplazamientos<br \/>\n<br \/>\n<\/span><\/li>\n<li><span style=\"color: #215876;\">Tope de ajuste de altura atornillado\n<p><\/span><\/li>\n<p><\/p>\n<li><span style=\"color: #215876;\"> Instalaci\u00f3n de c\u00e9lulas de carga tipo FB\n<p><\/span><\/li>\n<p><\/p>\n<li><span style=\"color: #215876;\"> Opci\u00f3n de control digital TCP-R\n<p><\/span><\/li>\n<p>\n<\/ul>\n","protected":false},"excerpt":{"rendered":"<blockquote><p>El soporte de tracci\u00f3n\/compresi\u00f3n m\u00e1s sencillo del mercado.<\/p><\/blockquote>\n<p>Soporte de tracci\u00f3n \/ compresi\u00f3n muy econ\u00f3mico, versi\u00f3n manual con capacidad de 500 N.<\/p>\n<p>Los soportes de TVP permiten realizar solicitudes sencillas de ensayos de tracci\u00f3n y compresi\u00f3n. <\/p>\n<p>Este producto debe combinarse con un dinam\u00f3metro mec\u00e1nico o digital.<\/p>\n","protected":false},"featured_media":8704,"template":"","meta":{"_acf_changed":false,"_et_pb_use_builder":"","_et_pb_old_content":"","_et_gb_content_width":""},"product_brand":[],"product_cat":[212],"product_tag":[],"class_list":{"0":"post-8703","1":"product","2":"type-product","3":"status-publish","4":"has-post-thumbnail","6":"product_cat-banco-de-traccion-compresion","8":"first","9":"instock","10":"shipping-taxable","11":"purchasable","12":"product-type-simple"},"acf":[],"_links":{"self":[{"href":"https:\/\/acyren.com\/es\/wp-json\/wp\/v2\/product\/8703","targetHints":{"allow":["GET"]}}],"collection":[{"href":"https:\/\/acyren.com\/es\/wp-json\/wp\/v2\/product"}],"about":[{"href":"https:\/\/acyren.com\/es\/wp-json\/wp\/v2\/types\/product"}],"wp:featuredmedia":[{"embeddable":true,"href":"https:\/\/acyren.com\/es\/wp-json\/wp\/v2\/media\/8704"}],"wp:attachment":[{"href":"https:\/\/acyren.com\/es\/wp-json\/wp\/v2\/media?parent=8703"}],"wp:term":[{"taxonomy":"product_brand","embeddable":true,"href":"https:\/\/acyren.com\/es\/wp-json\/wp\/v2\/product_brand?post=8703"},{"taxonomy":"product_cat","embeddable":true,"href":"https:\/\/acyren.com\/es\/wp-json\/wp\/v2\/product_cat?post=8703"},{"taxonomy":"product_tag","embeddable":true,"href":"https:\/\/acyren.com\/es\/wp-json\/wp\/v2\/product_tag?post=8703"}],"curies":[{"name":"wp","href":"https:\/\/api.w.org\/{rel}","templated":true}]}}