{"id":8440,"date":"2021-11-05T10:13:09","date_gmt":"2021-12-06T11:55:04","guid":{"rendered":"https:\/\/www.acrn.fr\/product\/durometro-shore-con-aguja-indicadora"},"modified":"2024-03-12T09:42:59","modified_gmt":"2024-03-12T08:42:59","slug":"durometre-analogique-shore-2","status":"publish","type":"product","link":"https:\/\/acyren.com\/es\/producto\/durometre-analogique-shore-2\/","title":{"rendered":"Dur\u00f3metro Shore con aguja indicadora"},"content":{"rendered":"<p>La aplicaci\u00f3n t\u00edpica de este pr\u00e1ctico dur\u00f3metro shore es la medici\u00f3n de la profundidad de intrusi\u00f3n.<\/p>\n<p>Se recomienda especialmente para las mediciones comparativas internas. A menudo no es posible realizar calibraciones est\u00e1ndar debido a las estrechas tolerancias.<\/p>\n<p><div class='content-column one_half'>El medidor de dureza anal\u00f3gico es compatible con las siguientes shores:<\/p>\n<ul>\n<li><strong>Shore A<\/strong>: para caucho, elast\u00f3mero, neopreno, silicona, vinilo, pl\u00e1stico art\u00edstico blando, fieltro, cuero y materiales similares<\/li>\n<li><strong>Shore D<\/strong>: pl\u00e1stico, resina, resopal, epoxi, plexigl\u00e1s, etc.<\/li>\n<li><strong>Shore A0<\/strong>: musgos, esponjas<\/div><\/li>\n<\/ul>\n<div class='content-column one_half last_column'><img decoding=\"async\" class=\"alignnone wp-image-7431 size-full\" src=\"https:\/\/acyren.com\/wp-content\/uploads\/2021\/11\/shore-1.png\" alt=\"\" width=\"400\" height=\"200\" srcset=\"https:\/\/acyren.com\/wp-content\/uploads\/2021\/11\/shore-1.png 400w, https:\/\/acyren.com\/wp-content\/uploads\/2021\/11\/shore-1-64x32.png 64w, https:\/\/acyren.com\/wp-content\/uploads\/2021\/11\/shore-1-300x150.png 300w\" sizes=\"(max-width: 400px) 100vw, 400px\" \/><\/div><div class='clear_column'><\/div>\n<p>El <strong>modo MAX<\/strong> captura el valor m\u00e1ximo utilizando el puntero de arrastre.<\/p>\n<h3>Opciones<\/h3>\n<p>Placas de calibraci\u00f3n Shore para el control y la calibraci\u00f3n de los dur\u00f3metros Shore. La precisi\u00f3n de la medici\u00f3n aumenta considerablemente gracias al equilibrado regular.<\/p>\n<ul>\n<li>7 bloques de referencia de dureza para Shore A, tolerancia hasta \u00b1 2HA<\/li>\n<li>3 bloques de referencia de dureza para Shore D, tolerancia hasta \u00b1 2HD<\/li>\n<\/ul>\n<table style=\"border-collapse: collapse; width: 100%;\">\n<tbody>\n<tr>\n<td style=\"width: 25%; text-align: center;\"><\/td>\n<td style=\"width: 25%; text-align: center;\">Tipo de dureza<\/td>\n<td style=\"width: 25%; text-align: center;\">Rango de medici\u00f3n<\/td>\n<td style=\"width: 25%; text-align: center;\">Leer<\/td>\n<\/tr>\n<tr>\n<td style=\"width: 25%; text-align: center;\">Modelo 1<\/td>\n<td style=\"width: 25%; text-align: center;\">Shore A<\/td>\n<td style=\"width: 25%; text-align: center;\">100 HA<\/td>\n<td style=\"width: 25%; text-align: center;\">1,0 HA<\/td>\n<\/tr>\n<tr>\n<td style=\"width: 25%; text-align: center;\">Modelo 2<\/td>\n<td style=\"width: 25%; text-align: center;\">Shore A0<\/td>\n<td style=\"width: 25%; text-align: center;\">100 HA0<\/td>\n<td style=\"width: 25%; text-align: center;\">1,0 HA0<\/td>\n<\/tr>\n<tr>\n<td style=\"width: 25%; text-align: center;\">Modelo 3<\/td>\n<td style=\"width: 25%; text-align: center;\">Shore D<\/td>\n<td style=\"width: 25%; text-align: center;\">100 HD<\/td>\n<td style=\"width: 25%; text-align: center;\">1,0 HD<\/td>\n<\/tr>\n<\/tbody>\n<\/table>\n<div class='content-column one_half'><h4>Compatible con un banco de pruebas<\/h4>\n<p>El pr\u00e1ctico dur\u00f3metro Shore con aguja indicadora puede instalarse en un banco de pruebas de palanca. Es adecuado para la prueba de dureza shore de cuero, pl\u00e1sticos u otros materiales.<\/p>\n<p>Una placa de vidrio proporciona una gran precisi\u00f3n de medici\u00f3n gracias a la mayor dureza de la placa base de vidrio. Su dise\u00f1o robusto permite realizar movimientos de medici\u00f3n precisos. Este banco de pruebas tambi\u00e9n contiene un accesorio de nivelaci\u00f3n para la nivelaci\u00f3n exacta de la placa base, por ejemplo, para objetos de prueba no homog\u00e9neos.<\/div>\n<div class='content-column one_half last_column'><img decoding=\"async\" class=\"alignnone wp-image-7445 size-full\" src=\"https:\/\/acyren.com\/wp-content\/uploads\/2021\/11\/Banc-dessai-1.png\" alt=\"\" width=\"400\" height=\"300\"><\/div><div class='clear_column'><\/div>\n","protected":false},"excerpt":{"rendered":"<blockquote><p>Simplemente pruebe sus pl\u00e1sticos<\/p><\/blockquote>\n<p>Este dur\u00f3metro hace que la medici\u00f3n de la dureza de los pl\u00e1sticos sea sencilla y directa.<\/p>\n<p>Una punta met\u00e1lica de forma definida es presionada contra la muestra por un muelle. La profundidad de la impresi\u00f3n se utiliza entonces para determinar la dureza o suavidad del material.<\/p>\n<p>Este procedimiento se describe en la norma DIN ISO 7619-1:2012.<\/p>\n<p>Este dur\u00f3metro Shore tambi\u00e9n est\u00e1 disponible en versi\u00f3n digital.<\/p>\n","protected":false},"featured_media":8441,"template":"","meta":{"_acf_changed":false,"_et_pb_use_builder":"","_et_pb_old_content":"","_et_gb_content_width":""},"product_brand":[],"product_cat":[214],"product_tag":[],"class_list":{"0":"post-8440","1":"product","2":"type-product","3":"status-publish","4":"has-post-thumbnail","6":"product_cat-probador-de-dureza","8":"first","9":"instock","10":"shipping-taxable","11":"purchasable","12":"product-type-simple"},"acf":[],"_links":{"self":[{"href":"https:\/\/acyren.com\/es\/wp-json\/wp\/v2\/product\/8440","targetHints":{"allow":["GET"]}}],"collection":[{"href":"https:\/\/acyren.com\/es\/wp-json\/wp\/v2\/product"}],"about":[{"href":"https:\/\/acyren.com\/es\/wp-json\/wp\/v2\/types\/product"}],"wp:featuredmedia":[{"embeddable":true,"href":"https:\/\/acyren.com\/es\/wp-json\/wp\/v2\/media\/8441"}],"wp:attachment":[{"href":"https:\/\/acyren.com\/es\/wp-json\/wp\/v2\/media?parent=8440"}],"wp:term":[{"taxonomy":"product_brand","embeddable":true,"href":"https:\/\/acyren.com\/es\/wp-json\/wp\/v2\/product_brand?post=8440"},{"taxonomy":"product_cat","embeddable":true,"href":"https:\/\/acyren.com\/es\/wp-json\/wp\/v2\/product_cat?post=8440"},{"taxonomy":"product_tag","embeddable":true,"href":"https:\/\/acyren.com\/es\/wp-json\/wp\/v2\/product_tag?post=8440"}],"curies":[{"name":"wp","href":"https:\/\/api.w.org\/{rel}","templated":true}]}}