{"id":8421,"date":"2021-06-14T07:15:24","date_gmt":"2021-12-06T11:01:03","guid":{"rendered":"https:\/\/www.acrn.fr\/product\/llave-dinamometrica-preajustada-modelo-rspk"},"modified":"2025-07-07T10:38:32","modified_gmt":"2025-07-07T08:38:32","slug":"llave-dinamometrica-preajustada-modelo-rspk","status":"publish","type":"product","link":"https:\/\/acyren.com\/es\/producto\/llave-dinamometrica-preajustada-modelo-rspk\/","title":{"rendered":"Llave dinamom\u00e9trica preajustada modelo RSPK"},"content":{"rendered":"<h3>Ventajes del RSPK<\/h3>\n<div class='content-column one_half'><ul>\n<li style=\"list-style-type: none;\">\n<ul>\n<li><span style=\"color: #215876;\">Restablecimiento autom\u00e1tico<\/span><\/li>\n<\/ul>\n<\/li>\n<\/ul>\n<p>&nbsp;<\/p>\n<ul>\n<li style=\"list-style-type: none;\">\n<ul>\n<li><span style=\"color: #215876;\">El m\u00e1s adecuado para apretar varios elementos de fijaci\u00f3n del mismo tama\u00f1o con el mismo par de apriete en una l\u00ednea de producci\u00f3n<\/span><\/li>\n<\/ul>\n<\/li>\n<\/ul>\n<p>&nbsp;<\/p>\n<ul>\n<li style=\"list-style-type: none;\">\n<ul>\n<li><span style=\"color: #215876;\">Puede utilizarse eficazmente en espacios reducidos<\/span><\/li>\n<\/ul>\n<\/li>\n<\/ul>\n<p>&nbsp;<\/p>\n<h3>Entregado con<\/h3>\n<p>Certificado de calibraci\u00f3n<\/p><\/div>\n<div class='content-column one_half last_column'><img decoding=\"async\" class=\"alignnone wp-image-5957 size-full\" src=\"https:\/\/acyren.com\/wp-content\/uploads\/2021\/06\/rspk-2.png\" alt=\"\" width=\"500\" height=\"275\" srcset=\"https:\/\/acyren.com\/wp-content\/uploads\/2021\/06\/rspk-2.png 500w, https:\/\/acyren.com\/wp-content\/uploads\/2021\/06\/rspk-2-480x264.png 480w\" sizes=\"(min-width: 0px) and (max-width: 480px) 480px, (min-width: 481px) 500px, 100vw\" \/><\/div><div class='clear_column'><\/div>\n<p><img decoding=\"async\" class=\"size-full wp-image-5959 aligncenter\" src=\"https:\/\/acyren.com\/wp-content\/uploads\/2021\/06\/Plan-RSPK.png\" alt=\"\" width=\"600\" height=\"250\" srcset=\"https:\/\/acyren.com\/wp-content\/uploads\/2021\/06\/Plan-RSPK.png 600w, https:\/\/acyren.com\/wp-content\/uploads\/2021\/06\/Plan-RSPK-480x200.png 480w\" sizes=\"(min-width: 0px) and (max-width: 480px) 480px, (min-width: 481px) 600px, 100vw\" \/><\/p>\n<table style=\"border-collapse: collapse; width: 100%; height: 230px;\">\n<tbody>\n<tr style=\"height: 23px;\">\n<td style=\"width: 23.9046%; text-align: center; height: 23px;\"><strong>Modelo<\/strong><\/td>\n<td style=\"width: 26.0954%; text-align: center; height: 23px;\"><strong>Capacidad<\/strong><\/td>\n<td style=\"width: 22.5354%; height: 23px; text-align: center;\"><strong>Apertura de la horquilla (mm)<\/strong><\/td>\n<td style=\"width: 25%; text-align: center; height: 23px;\"><strong>Longitud total (mm)<\/strong><\/td>\n<\/tr>\n<tr style=\"height: 23px;\">\n<td style=\"width: 23.9046%; height: 23px; text-align: center;\">N30RSPK<\/td>\n<td style=\"width: 26.0954%; height: 23px; text-align: center;\">0.5 &#8211; 3.5 N.m<\/td>\n<td style=\"width: 22.5354%; height: 23px; text-align: center;\">5.5 \/ 6 \/ 7 \/ 8 \/ 9 \/ 10<\/td>\n<td style=\"width: 25%; height: 23px; text-align: center;\">175<\/td>\n<\/tr>\n<tr style=\"height: 23px;\">\n<td style=\"width: 23.9046%; height: 23px; text-align: center;\">N80RSPK<\/td>\n<td style=\"width: 26.0954%; height: 23px; text-align: center;\">2 &#8211; 9 N.m<\/td>\n<td style=\"width: 22.5354%; height: 23px; text-align: center;\">5.5 \/ 6 \/ 7 \/ 8 \/ 9 \/ 10 \/ 11 \/ 12<\/td>\n<td style=\"width: 25%; height: 23px; text-align: center;\">197<\/td>\n<\/tr>\n<tr style=\"height: 23px;\">\n<td style=\"width: 23.9046%; height: 23px; text-align: center;\">N190RSPK<\/td>\n<td style=\"width: 26.0954%; height: 23px; text-align: center;\">4 &#8211; 21 N.m<\/td>\n<td style=\"width: 22.5354%; height: 23px; text-align: center;\">10 \/ 11 \/ 12 \/ 13 \/ 14 \/ 17 \/ 19 \/ 22<\/td>\n<td style=\"width: 25%; height: 23px; text-align: center;\">222 \/ 225 \/ 228<\/td>\n<\/tr>\n<tr style=\"height: 23px;\">\n<td style=\"width: 23.9046%; height: 23px; text-align: center;\">N380RSPK<\/td>\n<td style=\"width: 26.0954%; height: 23px; text-align: center;\">9 &#8211; 42 N.m<\/td>\n<td style=\"width: 22.5354%; height: 23px; text-align: center;\">11 \/ 12 \/ 13 \/ 14 \/ 17 \/ 19 \/ 22<\/td>\n<td style=\"width: 25%; height: 23px; text-align: center;\">268 \/ 273<\/td>\n<\/tr>\n<tr style=\"height: 23px;\">\n<td style=\"width: 23.9046%; height: 23px; text-align: center;\">N670RSPK<\/td>\n<td style=\"width: 26.0954%; height: 23px; text-align: center;\">14 &#8211; 73 N.m<\/td>\n<td style=\"width: 22.5354%; height: 23px; text-align: center;\">14 \/ 17 \/ 19 \/ 22 \/ 24 \/ 27 \/ 30 \/ 32<\/td>\n<td style=\"width: 25%; height: 23px; text-align: center;\">343 \/ 348 \/ 353<\/td>\n<\/tr>\n<tr style=\"height: 23px;\">\n<td style=\"width: 23.9046%; height: 23px; text-align: center;\">N1200RSPK<\/td>\n<td style=\"width: 26.0954%; height: 23px; text-align: center;\">25 &#8211; 127 N.m<\/td>\n<td style=\"width: 22.5354%; height: 23px; text-align: center;\">19 \/ 22 \/ 24 \/ 27 \/ 30 \/ 32 \/ 36<\/td>\n<td style=\"width: 25%; height: 23px; text-align: center;\">413 \/ 415 \/ 428 \/ 437<\/td>\n<\/tr>\n<tr style=\"height: 23px;\">\n<td style=\"width: 23.9046%; height: 23px; text-align: center;\">N1600RSPK<\/td>\n<td style=\"width: 26.0954%; height: 23px; text-align: center;\">32 &#8211; 170 N.m<\/td>\n<td style=\"width: 22.5354%; height: 23px; text-align: center;\">19 \/ 22 \/ 24 \/ 27 \/ 30 \/ 32<\/td>\n<td style=\"width: 25%; height: 23px; text-align: center;\">470 \/ 474<\/td>\n<\/tr>\n<tr style=\"height: 23px;\">\n<td style=\"width: 23.9046%; height: 23px; text-align: center;\">N2200RSPK<\/td>\n<td style=\"width: 26.0954%; height: 23px; text-align: center;\">48 &#8211; 230 N.m<\/td>\n<td style=\"width: 22.5354%; height: 23px; text-align: center;\">19 \/ 22 \/ 24 \/ 27 \/ 30 \/ 32 \/ 36 \/ 41<\/td>\n<td style=\"width: 25%; height: 23px; text-align: center;\">605 \/ 608 \/ 610 \/ 612<\/td>\n<\/tr>\n<tr style=\"height: 23px;\">\n<td style=\"width: 23.9046%; height: 23px; text-align: center;\">N3100RSPK<\/td>\n<td style=\"width: 26.0954%; height: 23px; text-align: center;\">68 &#8211; 320 N.m<\/td>\n<td style=\"width: 22.5354%; height: 23px; text-align: center;\">22 \/ 24\/ 27 \/ 30 \/ 32 \/ 36 \/ 41<\/td>\n<td style=\"width: 25%; height: 23px; text-align: center;\">682 \/ 685 \/ 688<\/td>\n<\/tr>\n<tr>\n<td style=\"width: 23.9046%; text-align: center;\">N4200RSPK<\/td>\n<td style=\"width: 26.0954%; text-align: center;\">95 &#8211; 430 N.m<\/td>\n<td style=\"width: 22.5354%; text-align: center;\">27 \/ 30 \/ 32 \/ 36 \/ 41 \/ 46<\/td>\n<td style=\"width: 25%; text-align: center;\">880 \/ 885 \/ 890 \/ 895<\/td>\n<\/tr>\n<\/tbody>\n<\/table>\n","protected":false},"excerpt":{"rendered":"<blockquote><p>Capacidad de 3.5 a 430 N.m<\/p><\/blockquote>\n<p>Llave de gatillo preajustada especialmente recomendada para el apriete preciso de tornillos en lugares estrechos.<\/p>\n<p>La llave dinamom\u00e9trica RSPK dispone de una liberaci\u00f3n palpable y audible para el operario cuando se alcanza el par de apriete preestablecido.<\/p>\n","protected":false},"featured_media":8422,"template":"","meta":{"_acf_changed":false,"_et_pb_use_builder":"","_et_pb_old_content":"","_et_gb_content_width":""},"product_brand":[],"product_cat":[230],"product_tag":[],"class_list":{"0":"post-8421","1":"product","2":"type-product","3":"status-publish","4":"has-post-thumbnail","6":"product_cat-llave-dinamometrica","8":"first","9":"instock","10":"shipping-taxable","11":"purchasable","12":"product-type-simple"},"acf":[],"_links":{"self":[{"href":"https:\/\/acyren.com\/es\/wp-json\/wp\/v2\/product\/8421","targetHints":{"allow":["GET"]}}],"collection":[{"href":"https:\/\/acyren.com\/es\/wp-json\/wp\/v2\/product"}],"about":[{"href":"https:\/\/acyren.com\/es\/wp-json\/wp\/v2\/types\/product"}],"wp:featuredmedia":[{"embeddable":true,"href":"https:\/\/acyren.com\/es\/wp-json\/wp\/v2\/media\/8422"}],"wp:attachment":[{"href":"https:\/\/acyren.com\/es\/wp-json\/wp\/v2\/media?parent=8421"}],"wp:term":[{"taxonomy":"product_brand","embeddable":true,"href":"https:\/\/acyren.com\/es\/wp-json\/wp\/v2\/product_brand?post=8421"},{"taxonomy":"product_cat","embeddable":true,"href":"https:\/\/acyren.com\/es\/wp-json\/wp\/v2\/product_cat?post=8421"},{"taxonomy":"product_tag","embeddable":true,"href":"https:\/\/acyren.com\/es\/wp-json\/wp\/v2\/product_tag?post=8421"}],"curies":[{"name":"wp","href":"https:\/\/api.w.org\/{rel}","templated":true}]}}