{"id":8400,"date":"2021-06-01T15:12:18","date_gmt":"2021-06-01T15:12:18","guid":{"rendered":"https:\/\/www.acrn.fr\/product\/llave-dinamometrica-mecanica-con-dial-tok"},"modified":"2025-09-09T14:46:01","modified_gmt":"2025-09-09T12:46:01","slug":"dial-dinamometro-llave","status":"publish","type":"product","link":"https:\/\/acyren.com\/es\/producto\/dial-dinamometro-llave\/","title":{"rendered":"Llave dinamom\u00e9trica mec\u00e1nica con dial TOK"},"content":{"rendered":"<h3>Ventajas del TOK<\/h3>\n<div class='content-column one_half'><ul>\n<li style=\"list-style-type: none;\">\n<ul>\n<li><span style=\"color: #215876;\"><span style=\"color: #215876;\">Dial grande y resistente a los golpes<\/span><\/span>&nbsp;<\/li>\n<\/ul>\n<\/li>\n<\/ul>\n<p>&nbsp;<\/p>\n<ul>\n<li style=\"list-style-type: none;\">\n<ul>\n<li><span style=\"color: #215876;\"><span style=\"color: #215876;\">El dise\u00f1o ovalado con un c\u00f3modo agarre de goma reduce la tensi\u00f3n<\/span><\/span>&nbsp;<\/li>\n<\/ul>\n<\/li>\n<\/ul>\n<p>&nbsp;<\/p>\n<ul>\n<li style=\"list-style-type: none;\">\n<ul>\n<li><span style=\"color: #215876;\"><span style=\"color: #215876;\">Dial f\u00e1cil de leer<\/span><\/span>&nbsp;<\/li>\n<\/ul>\n<\/li>\n<\/ul>\n<p>&nbsp;<\/p>\n<ul>\n<li style=\"list-style-type: none;\">\n<ul>\n<li><span style=\"color: #215876;\"><span style=\"color: #215876;\">Precisi\u00f3n: \u00b1 3% del valor indicado en todo el rango<\/span><\/span>&nbsp;<\/li>\n<\/ul>\n<\/li>\n<\/ul>\n<p>&nbsp;<\/p><\/div>\n<div class='content-column one_half last_column'><img decoding=\"async\" class=\"alignnone wp-image-8404 size-full\" src=\"https:\/\/acyren.com\/wp-content\/uploads\/2023\/01\/Cle-tok-5.png\" alt=\"\" width=\"500\" height=\"200\" \/><\/div><div class='clear_column'><\/div>\n<table style=\"border-collapse: collapse; width: 100%; height: 322px;\">\n<tbody>\n<tr style=\"height: 23px;\">\n<td style=\"width: 25%; text-align: center; height: 23px;\"><strong>Modelo<\/strong><\/td>\n<td style=\"width: 25%; text-align: center; height: 23px;\"><strong>Capacidad <\/strong><\/td>\n<td style=\"width: 25%; text-align: center; height: 23px;\"><strong>Longitud<\/strong><\/td>\n<td style=\"width: 25%; text-align: center; height: 23px;\"><strong>Cuadrado<\/strong><\/td>\n<\/tr>\n<tr style=\"height: 23px;\">\n<td style=\"width: 25%; height: 23px; text-align: center;\">N6 TOK-G<\/td>\n<td style=\"width: 25%; height: 23px; text-align: center;\">0.6 &#8211; 6 N.m<\/td>\n<td style=\"width: 25%; height: 23px; text-align: center;\">260 mm<\/td>\n<td style=\"width: 25%; height: 23px; text-align: center;\">1\/4&#8243;<\/td>\n<\/tr>\n<tr style=\"height: 23px;\">\n<td style=\"width: 25%; height: 23px; text-align: center;\">N12 TOK-G<\/td>\n<td style=\"width: 25%; height: 23px; text-align: center;\">1 &#8211; 12 N.m<\/td>\n<td style=\"width: 25%; height: 23px; text-align: center;\">260 mm<\/td>\n<td style=\"width: 25%; height: 23px; text-align: center;\">1\/4&#8243;<\/td>\n<\/tr>\n<tr style=\"height: 23px;\">\n<td style=\"width: 25%; height: 23px; text-align: center;\">N30 TOK-G<\/td>\n<td style=\"width: 25%; height: 23px; text-align: center;\">5 &#8211; 30 N.m<\/td>\n<td style=\"width: 25%; height: 23px; text-align: center;\">323 mm<\/td>\n<td style=\"width: 25%; height: 23px; text-align: center;\">3\/8&#8243;<\/td>\n<\/tr>\n<tr style=\"height: 23px;\">\n<td style=\"width: 25%; height: 23px; text-align: center;\">N70 TOK-G<\/td>\n<td style=\"width: 25%; height: 23px; text-align: center;\">10 &#8211; 70 N.m<\/td>\n<td style=\"width: 25%; height: 23px; text-align: center;\">323 mm<\/td>\n<td style=\"width: 25%; height: 23px; text-align: center;\">3\/8&#8243;<\/td>\n<\/tr>\n<tr style=\"height: 23px;\">\n<td style=\"width: 25%; height: 23px; text-align: center;\">N140 TOK-G<\/td>\n<td style=\"width: 25%; height: 23px; text-align: center;\">20 &#8211; 140 N.m<\/td>\n<td style=\"width: 25%; height: 23px; text-align: center;\">463 mm<\/td>\n<td style=\"width: 25%; height: 23px; text-align: center;\">1\/2&#8243;<\/td>\n<\/tr>\n<tr style=\"height: 23px;\">\n<td style=\"width: 25%; height: 23px; text-align: center;\">N200 TOK-G<\/td>\n<td style=\"width: 25%; height: 23px; text-align: center;\">20 &#8211; 200 N.m<\/td>\n<td style=\"width: 25%; height: 23px; text-align: center;\">463 mm<\/td>\n<td style=\"width: 25%; height: 23px; text-align: center;\">1\/2&#8243;<\/td>\n<\/tr>\n<tr style=\"height: 23px;\">\n<td style=\"width: 25%; height: 23px; text-align: center;\">N280 TOK-G<\/td>\n<td style=\"width: 25%; height: 23px; text-align: center;\">30 &#8211; 280 N.m<\/td>\n<td style=\"width: 25%; height: 23px; text-align: center;\">682 mm<\/td>\n<td style=\"width: 25%; height: 23px; text-align: center;\">1\/2&#8243;<\/td>\n<\/tr>\n<tr style=\"height: 23px;\">\n<td style=\"width: 25%; height: 23px; text-align: center;\">N420 TOK-G<\/td>\n<td style=\"width: 25%; height: 23px; text-align: center;\">40 &#8211; 420 N.m<\/td>\n<td style=\"width: 25%; height: 23px; text-align: center;\">955 mm<\/td>\n<td style=\"width: 25%; height: 23px; text-align: center;\">3\/4&#8243;<\/td>\n<\/tr>\n<tr style=\"height: 23px;\">\n<td style=\"width: 25%; height: 23px; text-align: center;\">N550 TOK-G<\/td>\n<td style=\"width: 25%; height: 23px; text-align: center;\">50 &#8211; 550 N.m<\/td>\n<td style=\"width: 25%; height: 23px; text-align: center;\">1110 mm<\/td>\n<td style=\"width: 25%; height: 23px; text-align: center;\">3\/4&#8243;<\/td>\n<\/tr>\n<tr style=\"height: 23px;\">\n<td style=\"width: 25%; height: 23px; text-align: center;\">N700 TOK-G<\/td>\n<td style=\"width: 25%; height: 23px; text-align: center;\">70 &#8211; 700 N.m<\/td>\n<td style=\"width: 25%; height: 23px; text-align: center;\">1280 mm<\/td>\n<td style=\"width: 25%; height: 23px; text-align: center;\">3\/4&#8243;<\/td>\n<\/tr>\n<tr style=\"height: 23px;\">\n<td style=\"width: 25%; height: 23px; text-align: center;\">N850 TOK-G<\/td>\n<td style=\"width: 25%; height: 23px; text-align: center;\">100 &#8211; 850 N.m<\/td>\n<td style=\"width: 25%; height: 23px; text-align: center;\">1384 mm<\/td>\n<td style=\"width: 25%; height: 23px; text-align: center;\">1&#8243;<\/td>\n<\/tr>\n<tr style=\"height: 23px;\">\n<td style=\"width: 25%; height: 23px; text-align: center;\">N1000 TOK-G<\/td>\n<td style=\"width: 25%; height: 23px; text-align: center;\">100 &#8211; 1000 N.m<\/td>\n<td style=\"width: 25%; height: 23px; text-align: center;\">1484 mm<\/td>\n<td style=\"width: 25%; height: 23px; text-align: center;\">1&#8243;<\/td>\n<\/tr>\n<tr style=\"height: 23px;\">\n<td style=\"width: 25%; height: 23px; text-align: center;\">N1400 TOK-G<\/td>\n<td style=\"width: 25%; height: 23px; text-align: center;\">200 &#8211; 1400 N.m<\/td>\n<td style=\"width: 25%; height: 23px; text-align: center;\">1696 mm<\/td>\n<td style=\"width: 25%; height: 23px; text-align: center;\">1&#8243;<\/td>\n<\/tr>\n<\/tbody>\n<\/table>\n","protected":false},"excerpt":{"rendered":"<blockquote><p>La llave dinamom\u00e9trica con dial<br \/>\nCapacidad de 6 a 1400 N.m<\/p><\/blockquote>\n<p>Las llaves dinamom\u00e9tricas de cuadrante TOK se utilizan para todas las operaciones de control de par y aflojamiento aplicadas a un frasco de perfume con la opci\u00f3n de un manguito adaptador.<\/p>\n<p>La llave TOK es una llave mec\u00e1nica que permite tomar una medida instant\u00e1nea de apriete o afloje en una escala graduada, trabajando a izquierda y derecha con una aguja indicadora de dos v\u00edas con \u00edndice de memoria.<\/p>\n","protected":false},"featured_media":10129,"template":"","meta":{"_acf_changed":false,"_et_pb_use_builder":"","_et_pb_old_content":"","_et_gb_content_width":""},"product_brand":[],"product_cat":[230],"product_tag":[],"class_list":{"0":"post-8400","1":"product","2":"type-product","3":"status-publish","4":"has-post-thumbnail","6":"product_cat-llave-dinamometrica","8":"first","9":"instock","10":"shipping-taxable","11":"purchasable","12":"product-type-simple"},"acf":[],"_links":{"self":[{"href":"https:\/\/acyren.com\/es\/wp-json\/wp\/v2\/product\/8400","targetHints":{"allow":["GET"]}}],"collection":[{"href":"https:\/\/acyren.com\/es\/wp-json\/wp\/v2\/product"}],"about":[{"href":"https:\/\/acyren.com\/es\/wp-json\/wp\/v2\/types\/product"}],"wp:featuredmedia":[{"embeddable":true,"href":"https:\/\/acyren.com\/es\/wp-json\/wp\/v2\/media\/10129"}],"wp:attachment":[{"href":"https:\/\/acyren.com\/es\/wp-json\/wp\/v2\/media?parent=8400"}],"wp:term":[{"taxonomy":"product_brand","embeddable":true,"href":"https:\/\/acyren.com\/es\/wp-json\/wp\/v2\/product_brand?post=8400"},{"taxonomy":"product_cat","embeddable":true,"href":"https:\/\/acyren.com\/es\/wp-json\/wp\/v2\/product_cat?post=8400"},{"taxonomy":"product_tag","embeddable":true,"href":"https:\/\/acyren.com\/es\/wp-json\/wp\/v2\/product_tag?post=8400"}],"curies":[{"name":"wp","href":"https:\/\/api.w.org\/{rel}","templated":true}]}}