{"id":8357,"date":"2021-05-27T14:55:45","date_gmt":"2021-05-27T14:55:45","guid":{"rendered":"https:\/\/www.acrn.fr\/product\/destornillador-dinamometrico-estatico-tth"},"modified":"2021-12-06T16:01:32","modified_gmt":"2021-12-06T15:01:32","slug":"dynamometer-driver-static-tth","status":"publish","type":"product","link":"https:\/\/acyren.com\/es\/producto\/dynamometer-driver-static-tth\/","title":{"rendered":"Destornillador dinamom\u00e9trico est\u00e1tico TTH"},"content":{"rendered":"<h3>Ventajes del TTH<\/h3>\n<ul>\n<li><span style=\"color: #215876;\">Ordenador port\u00e1til\n<p><\/span><\/li>\n<p><\/p>\n<li><span style=\"color: #215876;\">Ajustable con estas diferentes tapas finales\n<p><\/span><\/li>\n<p><\/p>\n<li><span style=\"color: #215876;\">R\u00e1pido y preciso\n<p><\/span><\/li>\n<p><\/p>\n<li><span style=\"color: #215876;\">Conexi\u00f3n a una consola de reproducci\u00f3n avanzada<br \/>\n<\/span><\/li>\n<p>\n<\/ul>\n<h3>Opciones<\/h3>\n<table style=\"border-collapse: collapse; width: 100%; height: 46px;\">\n<tbody>\n<tr style=\"height: 23px;\">\n<td style=\"width: 33.3333%; height: 23px; text-align: left;\"><strong>Consola de lectura<\/strong><\/td>\n<td style=\"width: 33.3333%; text-align: center; height: 23px;\">AFTI<\/td>\n<td style=\"width: 33.3333%; text-align: center; height: 23px;\">XA-m<\/td>\n<\/tr>\n<tr style=\"height: 23px;\">\n<td style=\"width: 33.3333%; height: 23px; text-align: left;\"><strong>Software de procesamiento de datos<\/strong><\/td>\n<td style=\"width: 33.3333%; text-align: center; height: 23px;\">Vector Pro Lite<\/td>\n<td style=\"width: 33.3333%; text-align: center; height: 23px;\">DataXport<\/td>\n<\/tr>\n<\/tbody>\n<\/table>\n<p>&nbsp;<\/p>\n<p><img decoding=\"async\" class=\"size-full wp-image-8359 aligncenter\" src=\"https:\/\/acyren.com\/wp-content\/uploads\/2021\/05\/Plan-tth.png\" alt=\"Plan tth\" width=\"900\" height=\"200\" srcset=\"https:\/\/acyren.com\/wp-content\/uploads\/2021\/05\/Plan-tth.png 900w, https:\/\/acyren.com\/wp-content\/uploads\/2021\/05\/Plan-tth-480x107.png 480w\" sizes=\"(min-width: 0px) and (max-width: 480px) 480px, (min-width: 481px) 900px, 100vw\" \/><\/p>\n<table style=\"border-collapse: collapse; width: 100%; height: 92px;\">\n<tbody>\n<tr style=\"height: 23px;\">\n<td style=\"width: 14.2857%; height: 23px; text-align: center;\"><strong>Modelo<\/strong><\/td>\n<td style=\"width: 14.2857%; height: 23px; text-align: center;\"><strong>TTH 0.1<\/strong><\/td>\n<td style=\"width: 14.2857%; height: 23px; text-align: center;\"><strong>TTH 0.05<\/strong><\/td>\n<td style=\"width: 14.2857%; height: 23px; text-align: center;\"><strong>TTH 0.1<\/strong><\/td>\n<td style=\"width: 14.2857%; height: 23px; text-align: center;\"><strong>TTH 0.2<\/strong><\/td>\n<td style=\"width: 14.2857%; height: 23px; text-align: center;\"><strong>TTH 0.5<\/strong><\/td>\n<td style=\"width: 14.2857%; height: 23px; text-align: center;\"><strong>TTH 1<\/strong><\/td>\n<\/tr>\n<tr style=\"height: 23px;\">\n<td style=\"width: 14.2857%; height: 23px; text-align: center;\"><strong>mN.m<\/strong><\/td>\n<td style=\"width: 14.2857%; height: 23px; text-align: center;\">10<\/td>\n<td style=\"width: 14.2857%; height: 23px; text-align: center;\">50<\/td>\n<td style=\"width: 14.2857%; height: 23px; text-align: center;\">100<\/td>\n<td style=\"width: 14.2857%; height: 23px; text-align: center;\">200<\/td>\n<td style=\"width: 14.2857%; height: 23px; text-align: center;\">500<\/td>\n<td style=\"width: 14.2857%; height: 23px; text-align: center;\">1 000<\/td>\n<\/tr>\n<tr style=\"height: 23px;\">\n<td style=\"width: 14.2857%; height: 23px; text-align: center;\"><strong>gf.cm<\/strong><\/td>\n<td style=\"width: 14.2857%; height: 23px; text-align: center;\">100<\/td>\n<td style=\"width: 14.2857%; height: 23px; text-align: center;\">500<\/td>\n<td style=\"width: 14.2857%; height: 23px; text-align: center;\">1 000<\/td>\n<td style=\"width: 14.2857%; height: 23px; text-align: center;\">2 000<\/td>\n<td style=\"width: 14.2857%; height: 23px; text-align: center;\">5 000<\/td>\n<td style=\"width: 14.2857%; height: 23px; text-align: center;\">10 000<\/td>\n<\/tr>\n<tr style=\"height: 23px;\">\n<td style=\"width: 14.2857%; height: 23px; text-align: center;\"><strong>ozf.inch<\/strong><\/td>\n<td style=\"width: 14.2857%; height: 23px; text-align: center;\">1<\/td>\n<td style=\"width: 14.2857%; height: 23px; text-align: center;\">7<\/td>\n<td style=\"width: 14.2857%; height: 23px; text-align: center;\">14<\/td>\n<td style=\"width: 14.2857%; height: 23px; text-align: center;\">28<\/td>\n<td style=\"width: 14.2857%; height: 23px; text-align: center;\">72<\/td>\n<td style=\"width: 14.2857%; height: 23px; text-align: center;\">144<\/td>\n<\/tr>\n<\/tbody>\n<\/table>\n","protected":false},"excerpt":{"rendered":"<blockquote><p>Capacidad de 0.01 a 10 N.m<\/p><\/blockquote>\n<p>TTH es una gama de atornilladores de par est\u00e1tico de peque\u00f1a capacidad para aplicaciones port\u00e1tiles.<\/p>\n<p>Se puede utilizar de forma independiente. Est\u00e1n equipados con un accionamiento cuadrado de \u00bc\u00bb o un orificio H7 de 3 mm, seg\u00fan la capacidad, para montar adaptadores.<\/p>\n<p>Son la soluci\u00f3n eficaz para una lectura r\u00e1pida y precisa. Junto con la consola XA-m de ACRN o un AFTI, proporcionan una soluci\u00f3n de medici\u00f3n robusta y precisa.<\/p>\n<p>De hecho, estas consolas ofrecen una amplia gama de funciones para la lectura, el modo y el almacenamiento de las mediciones.<\/p>\n<p><a href=\"https:\/\/acyren.com\/wp-content\/uploads\/2021\/05\/Fiche_technique_Tournevis_TTH_V1.0.pdf\" target=\"_blank\" rel=\"noopener\">Ficha t\u00e9cnica de TTH<\/a><\/p>\n","protected":false},"featured_media":8358,"template":"","meta":{"_acf_changed":false,"_et_pb_use_builder":"","_et_pb_old_content":"","_et_gb_content_width":""},"product_brand":[],"product_cat":[233],"product_tag":[],"class_list":{"0":"post-8357","1":"product","2":"type-product","3":"status-publish","4":"has-post-thumbnail","6":"product_cat-destornilladores-dinamometricos","8":"first","9":"instock","10":"shipping-taxable","11":"purchasable","12":"product-type-simple"},"acf":[],"_links":{"self":[{"href":"https:\/\/acyren.com\/es\/wp-json\/wp\/v2\/product\/8357","targetHints":{"allow":["GET"]}}],"collection":[{"href":"https:\/\/acyren.com\/es\/wp-json\/wp\/v2\/product"}],"about":[{"href":"https:\/\/acyren.com\/es\/wp-json\/wp\/v2\/types\/product"}],"wp:featuredmedia":[{"embeddable":true,"href":"https:\/\/acyren.com\/es\/wp-json\/wp\/v2\/media\/8358"}],"wp:attachment":[{"href":"https:\/\/acyren.com\/es\/wp-json\/wp\/v2\/media?parent=8357"}],"wp:term":[{"taxonomy":"product_brand","embeddable":true,"href":"https:\/\/acyren.com\/es\/wp-json\/wp\/v2\/product_brand?post=8357"},{"taxonomy":"product_cat","embeddable":true,"href":"https:\/\/acyren.com\/es\/wp-json\/wp\/v2\/product_cat?post=8357"},{"taxonomy":"product_tag","embeddable":true,"href":"https:\/\/acyren.com\/es\/wp-json\/wp\/v2\/product_tag?post=8357"}],"curies":[{"name":"wp","href":"https:\/\/api.w.org\/{rel}","templated":true}]}}