{"id":8307,"date":"2021-06-02T08:18:20","date_gmt":"2021-12-01T15:36:02","guid":{"rendered":"https:\/\/www.acrn.fr\/product\/dinamometros-mecanicos-as-y-as-m"},"modified":"2022-07-27T08:57:28","modified_gmt":"2022-07-27T06:57:28","slug":"dinamometros-mecanicos-as-y-as-m","status":"publish","type":"product","link":"https:\/\/acyren.com\/es\/producto\/dinamometros-mecanicos-as-y-as-m\/","title":{"rendered":"Dinam\u00f3metros mec\u00e1nicos AS y AS-M"},"content":{"rendered":"<div class='content-column one_half'><h3><span style=\"color: #215876;\">Ventajes de los dinam\u00f3metros mec\u00e1nicos AS\/AS-M<\/span><\/h3>\n<ul>\n<li><span style=\"color: #d64914;\">Robustez y durabilidad<\/span><\/li>\n<p><\/p>\n<li><span style=\"color: #d64914;\">Se han vendido m\u00e1s de 15.000 ejemplares en los \u00faltimos 60 a\u00f1os.<\/span><\/li>\n<p><\/p>\n<li><span style=\"color: #d64914;\">Aprobado en muchas organizaciones<\/span><\/li>\n<p><\/p>\n<li><span style=\"color: #d64914;\">2 tama\u00f1os de esfera de lectura<\/span><\/li>\n<p>\n<\/ul>\n<h3>Opciones<\/h3>\n<table style=\"border-collapse: collapse; width: 100%; height: 69px;\">\n<tbody>\n<tr style=\"height: 23px;\">\n<td style=\"width: 100%; height: 23px;\">Malet\u00edn de transporte para maletas AS (suministrado con el modelo AS-M)<\/td>\n<\/tr>\n<tr style=\"height: 23px;\">\n<td style=\"width: 100%; height: 23px;\">Ganchos y anillas<\/td>\n<\/tr>\n<\/tbody>\n<\/table><\/div>\n<div class='content-column one_half last_column'><img decoding=\"async\" class=\"alignnone wp-image-8312 size-full\" src=\"https:\/\/acyren.com\/wp-content\/uploads\/2021\/06\/AS-1.png\" alt=\"\" width=\"600\" height=\"500\" srcset=\"https:\/\/acyren.com\/wp-content\/uploads\/2021\/06\/AS-1.png 600w, https:\/\/acyren.com\/wp-content\/uploads\/2021\/06\/AS-1-480x400.png 480w\" sizes=\"(min-width: 0px) and (max-width: 480px) 480px, (min-width: 481px) 600px, 100vw\" \/><\/div><div class='clear_column'><\/div>\n<p>&nbsp;<\/p>\n<h4>Informaci\u00f3n sobre pedidos<\/h4>\n<table style=\"border-collapse: collapse; width: 100%;\">\n<tbody>\n<tr>\n<td style=\"width: 33.3333%; text-align: center;\"><strong>Capacidades <\/strong><\/td>\n<td style=\"width: 33.3333%; text-align: center;\"><strong>Modelo AS<\/strong><\/td>\n<td style=\"width: 33.3333%; text-align: center;\"><strong>Modelo AS-M<\/strong><\/td>\n<\/tr>\n<tr>\n<td style=\"width: 33.3333%; text-align: center;\">500 daN<\/td>\n<td style=\"width: 33.3333%; text-align: center;\">AS 500<\/td>\n<td style=\"width: 33.3333%; text-align: center;\">AS-M 500<\/td>\n<\/tr>\n<tr>\n<td style=\"width: 33.3333%; text-align: center;\">1000 daN<\/td>\n<td style=\"width: 33.3333%; text-align: center;\">AS 1000<\/td>\n<td style=\"width: 33.3333%; text-align: center;\">AS-M 1000<\/td>\n<\/tr>\n<tr>\n<td style=\"width: 33.3333%; text-align: center;\">2000 daN<\/td>\n<td style=\"width: 33.3333%; text-align: center;\">AS 2000<\/td>\n<td style=\"width: 33.3333%; text-align: center;\">AS-M 2000<\/td>\n<\/tr>\n<tr>\n<td style=\"width: 33.3333%; text-align: center;\">3000 daN<\/td>\n<td style=\"width: 33.3333%; text-align: center;\">AS 3000<\/td>\n<td style=\"width: 33.3333%; text-align: center;\">AS-M 3000<\/td>\n<\/tr>\n<tr>\n<td style=\"width: 33.3333%; text-align: center;\">5000 daN<\/td>\n<td style=\"width: 33.3333%; text-align: center;\">AS 5000<\/td>\n<td style=\"width: 33.3333%; text-align: center;\">AS-M 5000<\/td>\n<\/tr>\n<tr>\n<td style=\"width: 33.3333%; text-align: center;\">6000 daN<\/td>\n<td style=\"width: 33.3333%; text-align: center;\">AS 6000<\/td>\n<td style=\"width: 33.3333%; text-align: center;\">AS-M 6000<\/td>\n<\/tr>\n<\/tbody>\n<\/table>\n","protected":false},"excerpt":{"rendered":"<blockquote><p>La c\u00e9lula de carga de alta capacidad sin desgaste<\/p><\/blockquote>\n<p>Dinam\u00f3metro mec\u00e1nico de tracci\u00f3n de agujas, dispositivo de elevaci\u00f3n de alta precisi\u00f3n.<\/p>\n<p>Los dinam\u00f3metros mec\u00e1nicos AS, AS-M est\u00e1n dise\u00f1ados para medir las fuerzas est\u00e1ticas bajo puentes gr\u00faa, gr\u00faas y todos los dispositivos de elevaci\u00f3n y manipulaci\u00f3n.<\/p>\n<p>Equipado con un dial de aguja grande o uno m\u00e1s peque\u00f1o (versi\u00f3n M) para su uso en espacios reducidos, el AS est\u00e1 disponible en dos gamas de 6 modelos de 500 a 6000 daN.<\/p>\n","protected":false},"featured_media":8308,"template":"","meta":{"_acf_changed":false,"_et_pb_use_builder":"","_et_pb_old_content":"","_et_gb_content_width":""},"product_brand":[],"product_cat":[217,206,215],"product_tag":[],"class_list":{"0":"post-8307","1":"product","2":"type-product","3":"status-publish","4":"has-post-thumbnail","6":"product_cat-dinamometros-de-elevacion-y-de-alta-capacidad","7":"product_cat-productos-inicio","8":"product_cat-dinamometros-mecanicos","10":"first","11":"instock","12":"shipping-taxable","13":"purchasable","14":"product-type-simple"},"acf":[],"_links":{"self":[{"href":"https:\/\/acyren.com\/es\/wp-json\/wp\/v2\/product\/8307","targetHints":{"allow":["GET"]}}],"collection":[{"href":"https:\/\/acyren.com\/es\/wp-json\/wp\/v2\/product"}],"about":[{"href":"https:\/\/acyren.com\/es\/wp-json\/wp\/v2\/types\/product"}],"wp:featuredmedia":[{"embeddable":true,"href":"https:\/\/acyren.com\/es\/wp-json\/wp\/v2\/media\/8308"}],"wp:attachment":[{"href":"https:\/\/acyren.com\/es\/wp-json\/wp\/v2\/media?parent=8307"}],"wp:term":[{"taxonomy":"product_brand","embeddable":true,"href":"https:\/\/acyren.com\/es\/wp-json\/wp\/v2\/product_brand?post=8307"},{"taxonomy":"product_cat","embeddable":true,"href":"https:\/\/acyren.com\/es\/wp-json\/wp\/v2\/product_cat?post=8307"},{"taxonomy":"product_tag","embeddable":true,"href":"https:\/\/acyren.com\/es\/wp-json\/wp\/v2\/product_tag?post=8307"}],"curies":[{"name":"wp","href":"https:\/\/api.w.org\/{rel}","templated":true}]}}