{"id":8265,"date":"2021-03-31T15:01:08","date_gmt":"2021-12-01T10:31:25","guid":{"rendered":"https:\/\/www.acrn.fr\/product\/dinamometro-mecanico-de-traccion-tx"},"modified":"2025-07-03T22:44:09","modified_gmt":"2025-07-03T20:44:09","slug":"dinamometro-mecanica-de-traccion","status":"publish","type":"product","link":"https:\/\/acyren.com\/es\/producto\/dinamometro-mecanica-de-traccion\/","title":{"rendered":"Dinam\u00f3metro mec\u00e1nico de tracci\u00f3n TX"},"content":{"rendered":"<h3>Caracter\u00edsticas<\/h3>\n<div class='content-column one_half'><ul>\n<li style=\"list-style-type: none;\">\n<ul>\n<li><span style=\"color: #215876;\">Robusto y econ\u00f3mico<\/span><\/li>\n<\/ul>\n<\/li>\n<\/ul>\n<p>&nbsp;<\/p>\n<ul>\n<li style=\"list-style-type: none;\">\n<ul>\n<li><span style=\"color: #215876;\">Precisi\u00f3n de +\/- 4%.<\/span><\/li>\n<\/ul>\n<\/li>\n<\/ul>\n<p>&nbsp;<\/p>\n<ul>\n<li style=\"list-style-type: none;\">\n<ul>\n<li><span style=\"color: #215876;\"> Lectura \u00fatil a partir de 1\/10 del rango de medici\u00f3n<\/span><\/li>\n<\/ul>\n<\/li>\n<\/ul>\n<p>&nbsp;<\/p>\n<ul>\n<li style=\"list-style-type: none;\">\n<ul>\n<li><span style=\"color: #215876;\"> Factor de seguridad 5<\/span><\/li>\n<\/ul>\n<\/li>\n<\/ul>\n<p>&nbsp;<\/p>\n<ul>\n<li style=\"list-style-type: none;\">\n<ul>\n<li><span style=\"color: #215876;\"> \u00cdndice m\u00e1ximo desconectable<\/span><\/li>\n<\/ul>\n<\/li>\n<\/ul>\n<p>&nbsp;<\/p><\/div>\n<div class='content-column one_half last_column'><img decoding=\"async\" class=\"alignnone size-full wp-image-8268\" src=\"https:\/\/acyren.com\/wp-content\/uploads\/2021\/03\/tx.png\" alt=\"tx\" width=\"500\" height=\"450\" srcset=\"https:\/\/acyren.com\/wp-content\/uploads\/2021\/03\/tx.png 500w, https:\/\/acyren.com\/wp-content\/uploads\/2021\/03\/tx-480x432.png 480w\" sizes=\"(min-width: 0px) and (max-width: 480px) 480px, (min-width: 481px) 500px, 100vw\" \/><\/div><div class='clear_column'><\/div>\n<h4 style=\"text-align: center;\">Tracci\u00f3n TX<\/h4>\n<table style=\"border-collapse: collapse; width: 100%; height: 214px;\">\n<tbody>\n<tr style=\"height: 53px;\">\n<td style=\"width: 33.3333%; height: 53px; text-align: center;\">Modelo<\/td>\n<td style=\"width: 33.3333%; height: 53px; text-align: center;\">Empuje (daN)<\/td>\n<td style=\"width: 33.3333%; height: 53px; text-align: center;\">Graduaci\u00f3n (daN)<\/td>\n<\/tr>\n<tr style=\"height: 23px;\">\n<td style=\"width: 33.3333%; height: 23px; text-align: center;\">TX 60<\/td>\n<td style=\"width: 33.3333%; height: 23px; text-align: center;\">0 a 60<\/td>\n<td style=\"width: 33.3333%; height: 23px; text-align: center;\">1<\/td>\n<\/tr>\n<tr style=\"height: 23px;\">\n<td style=\"width: 33.3333%; height: 23px; text-align: center;\">TX 100<\/td>\n<td style=\"width: 33.3333%; height: 23px; text-align: center;\">0 a 100<\/td>\n<td style=\"width: 33.3333%; height: 23px; text-align: center;\">1<\/td>\n<\/tr>\n<tr style=\"height: 23px;\">\n<td style=\"width: 33.3333%; height: 23px; text-align: center;\">TX 150<\/td>\n<td style=\"width: 33.3333%; height: 23px; text-align: center;\">0 a 150<\/td>\n<td style=\"width: 33.3333%; height: 23px; text-align: center;\">2<\/td>\n<\/tr>\n<tr style=\"height: 23px;\">\n<td style=\"width: 33.3333%; height: 23px; text-align: center;\">TX 200<\/td>\n<td style=\"width: 33.3333%; height: 23px; text-align: center;\">0 a 200<\/td>\n<td style=\"width: 33.3333%; height: 23px; text-align: center;\">2<\/td>\n<\/tr>\n<tr style=\"height: 23px;\">\n<td style=\"width: 33.3333%; height: 23px; text-align: center;\">TX 300<\/td>\n<td style=\"width: 33.3333%; height: 23px; text-align: center;\">0 a 300<\/td>\n<td style=\"width: 33.3333%; height: 23px; text-align: center;\">5<\/td>\n<\/tr>\n<tr style=\"height: 23px;\">\n<td style=\"width: 33.3333%; height: 23px; text-align: center;\">TX 400<\/td>\n<td style=\"width: 33.3333%; height: 23px; text-align: center;\">0 a 400<\/td>\n<td style=\"width: 33.3333%; height: 23px; text-align: center;\">4<\/td>\n<\/tr>\n<tr style=\"height: 23px;\">\n<td style=\"width: 33.3333%; height: 23px; text-align: center;\">TX 600<\/td>\n<td style=\"width: 33.3333%; height: 23px; text-align: center;\">0 a 600<\/td>\n<td style=\"width: 33.3333%; height: 23px; text-align: center;\">20<\/td>\n<\/tr>\n<\/tbody>\n<\/table>\n<p>&nbsp;<\/p>\n<h3>Opciones<\/h3>\n<table style=\"border-collapse: collapse; width: 100%;\">\n<tbody>\n<tr>\n<td style=\"width: 100%;\">Malet\u00edn de transporte<\/td>\n<\/tr>\n<\/tbody>\n<\/table>\n<p>&nbsp;<\/p>\n<h3>Viene con el dinam\u00f3metro mec\u00e1nico de tracci\u00f3n:<\/h3>\n<ul>\n<li>Certificado de calibraci\u00f3n ACRN<\/li>\n<li>Instrucciones de uso<\/li>\n<\/ul>\n","protected":false},"excerpt":{"rendered":"<blockquote><p>El dinam\u00f3metro mec\u00e1nico TX<\/p><\/blockquote>\n<p>Compacto y robusto, con un tope para protegerlo de las sobrecargas, el dinam\u00f3metro mec\u00e1nico TX permite medir las fuerzas de tracci\u00f3n.<\/p>\n<p>No tiene ning\u00fan mecanismo delicado y no se ve afectado por las variaciones de temperatura ni por el clima.<\/p>\n<p>La medici\u00f3n se basa en la deformaci\u00f3n el\u00e1stica de un muelle en una caja de acero y se indica mediante un \u00edndice que permite la lectura instant\u00e1nea en una escala graduada.<\/p>\n<p><a href=\"https:\/\/acyren.com\/wp-content\/uploads\/2024\/09\/TX-CX-GB09-2024-bd.pdf\" target=\"_blank\" rel=\"noopener\">TX Mechanical force gauges Data sheet<\/a><\/p>\n","protected":false},"featured_media":8266,"template":"","meta":{"_acf_changed":false,"_et_pb_use_builder":"off","_et_pb_old_content":"<h3>Caracter\u00edsticas<\/h3>\r\n<strong>\u21d2<\/strong> Robusto y econ\u00f3mico\r\n\r\n<strong>\u21d2<\/strong> Precisi\u00f3n de +\/- 4%.\r\n\r\n<strong>\u21d2<\/strong> Lectura \u00fatil a partir de 1\/10 del rango de medici\u00f3n\r\n\r\n<strong>\u21d2<\/strong> Factor de seguridad 5\r\n\r\n<strong>\u21d2<\/strong> \u00cdndice m\u00e1ximo desconectable\r\n\r\n \r\n<h4 style=\"text-align: center\">Compresi\u00f3n CX<\/h4>\r\n<table style=\"border-collapse: collapse;width: 100%;height: 214px\">\r\n<tbody>\r\n<tr style=\"height: 53px\">\r\n<td style=\"width: 33.3333%;height: 53px;text-align: center\">Modelo<\/td>\r\n<td style=\"width: 33.3333%;height: 53px;text-align: center\">Empuje (daN)<\/td>\r\n<td style=\"width: 33.3333%;height: 53px;text-align: center\">Graduaci\u00f3n (daN)<\/td>\r\n<\/tr>\r\n<tr style=\"height: 23px\">\r\n<td style=\"width: 33.3333%;height: 23px\">CX 60<\/td>\r\n<td style=\"width: 33.3333%;height: 23px\">0 a 60<\/td>\r\n<td style=\"width: 33.3333%;height: 23px\">1<\/td>\r\n<\/tr>\r\n<tr style=\"height: 23px\">\r\n<td style=\"width: 33.3333%;height: 23px\">CX 100<\/td>\r\n<td style=\"width: 33.3333%;height: 23px\">0 a 100<\/td>\r\n<td style=\"width: 33.3333%;height: 23px\">1<\/td>\r\n<\/tr>\r\n<tr style=\"height: 23px\">\r\n<td style=\"width: 33.3333%;height: 23px\">CX 150<\/td>\r\n<td style=\"width: 33.3333%;height: 23px\">0 a 150<\/td>\r\n<td style=\"width: 33.3333%;height: 23px\">2<\/td>\r\n<\/tr>\r\n<tr style=\"height: 23px\">\r\n<td style=\"width: 33.3333%;height: 23px\">CX 200<\/td>\r\n<td style=\"width: 33.3333%;height: 23px\">0 a 200<\/td>\r\n<td style=\"width: 33.3333%;height: 23px\">2<\/td>\r\n<\/tr>\r\n<tr style=\"height: 23px\">\r\n<td style=\"width: 33.3333%;height: 23px\">CX 300<\/td>\r\n<td style=\"width: 33.3333%;height: 23px\">0 a 300<\/td>\r\n<td style=\"width: 33.3333%;height: 23px\">5<\/td>\r\n<\/tr>\r\n<tr style=\"height: 23px\">\r\n<td style=\"width: 33.3333%;height: 23px\">CX 400<\/td>\r\n<td style=\"width: 33.3333%;height: 23px\">0 a 400<\/td>\r\n<td style=\"width: 33.3333%;height: 23px\">4<\/td>\r\n<\/tr>\r\n<tr style=\"height: 23px\">\r\n<td style=\"width: 33.3333%;height: 23px\">CX 600<\/td>\r\n<td style=\"width: 33.3333%;height: 23px\">0 a 600<\/td>\r\n<td style=\"width: 33.3333%;height: 23px\">20<\/td>\r\n<\/tr>\r\n<\/tbody>\r\n<\/table>","_et_gb_content_width":""},"product_brand":[],"product_cat":[215],"product_tag":[],"class_list":{"0":"post-8265","1":"product","2":"type-product","3":"status-publish","4":"has-post-thumbnail","6":"product_cat-dinamometros-mecanicos","8":"first","9":"instock","10":"shipping-taxable","11":"purchasable","12":"product-type-simple"},"acf":[],"_links":{"self":[{"href":"https:\/\/acyren.com\/es\/wp-json\/wp\/v2\/product\/8265","targetHints":{"allow":["GET"]}}],"collection":[{"href":"https:\/\/acyren.com\/es\/wp-json\/wp\/v2\/product"}],"about":[{"href":"https:\/\/acyren.com\/es\/wp-json\/wp\/v2\/types\/product"}],"wp:featuredmedia":[{"embeddable":true,"href":"https:\/\/acyren.com\/es\/wp-json\/wp\/v2\/media\/8266"}],"wp:attachment":[{"href":"https:\/\/acyren.com\/es\/wp-json\/wp\/v2\/media?parent=8265"}],"wp:term":[{"taxonomy":"product_brand","embeddable":true,"href":"https:\/\/acyren.com\/es\/wp-json\/wp\/v2\/product_brand?post=8265"},{"taxonomy":"product_cat","embeddable":true,"href":"https:\/\/acyren.com\/es\/wp-json\/wp\/v2\/product_cat?post=8265"},{"taxonomy":"product_tag","embeddable":true,"href":"https:\/\/acyren.com\/es\/wp-json\/wp\/v2\/product_tag?post=8265"}],"curies":[{"name":"wp","href":"https:\/\/api.w.org\/{rel}","templated":true}]}}