{"id":8095,"date":"2020-09-29T19:47:22","date_gmt":"2021-11-29T11:03:20","guid":{"rendered":"https:\/\/www.acrn.fr\/product\/consola-de-medicion-afti-para-sensores"},"modified":"2021-12-07T15:37:31","modified_gmt":"2021-12-07T14:37:31","slug":"consola-medicion-afti","status":"publish","type":"product","link":"https:\/\/acyren.com\/es\/producto\/consola-medicion-afti\/","title":{"rendered":"Consola de medici\u00f3n AFTI para sensores"},"content":{"rendered":"<h3>Caracter\u00edsticas<\/h3>\n<ul>\n<li>Modo Max y 1st Pic: identifica los puntos de carga cr\u00edticos de la prueba<\/li>\n<li>Alta adquisici\u00f3n de datos: captura las lecturas de fuerza y par con precisi\u00f3n<\/li>\n<li>Alarmas ac\u00fasticas y visuales de conformidad &#8211; alertan inmediatamente a los operadores durante las pruebas<\/li>\n<li>Aviso de sobrecarga con gr\u00e1fico de barras &#8211; para minimizar los da\u00f1os accidentales del sensor<\/li>\n<li>Almacenamiento incorporado para hasta 500 lecturas: realiza pruebas r\u00e1pidas ahora y descarga los resultados m\u00e1s tarde<\/li>\n<li>Transferencia de datos a trav\u00e9s de RS232, digimatic o anal\u00f3gico 0-4v &#8211; salida de datos a un PC o impresora para su posterior an\u00e1lisis<\/li>\n<li>Posibilidad de conectar sensores de fuerza y par externos &#8211; se convierte en una pantalla vers\u00e1til para muchas aplicaciones diferentes<\/li>\n<\/ul>\n<h4>Viene con:<\/h4>\n<ul>\n<li>Maleta de transporte<\/li>\n<li>Cargador de red UE 220V<\/li>\n<li>5 acusaciones tipo AAA<\/li>\n<li>Certificado de calibraci\u00f3n conectado al COFRAC<\/li>\n<li>Instrucciones de uso<\/li>\n<\/ul>\n<h4>Opciones<\/h4>\n<table style=\"border-collapse: collapse; width: 100%; height: 161px;\">\n<tbody>\n<tr style=\"height: 23px;\">\n<td style=\"width: 100%; height: 23px;\">Numerosos sensores de fuerza y par (ver cat\u00e1logo)<\/td>\n<\/tr>\n<tr style=\"height: 23px;\">\n<td style=\"width: 100%; height: 23px;\">Software Vector Pro Lite para el procesamiento\/adquisici\u00f3n de datos (1 licencia)<\/td>\n<\/tr>\n<tr style=\"height: 23px;\">\n<td style=\"width: 100%; height: 23px;\">Cable AFTI a puerto Mitutoyo<\/td>\n<\/tr>\n<tr style=\"height: 23px;\">\n<td style=\"width: 100%; height: 23px;\">Cable AFTI a RS232<\/td>\n<\/tr>\n<tr style=\"height: 23px;\">\n<td style=\"width: 100%; height: 23px;\">Cable AFTI a USB Direct<\/td>\n<\/tr>\n<tr style=\"height: 23px;\">\n<td style=\"width: 100%; height: 23px;\">Cable de AFTI a puerto anal\u00f3gico<\/td>\n<\/tr>\n<tr style=\"height: 23px;\">\n<td style=\"width: 100%; height: 23px;\">Software DataXport para exportar datos a Excel<\/td>\n<\/tr>\n<\/tbody>\n<\/table>\n","protected":false},"excerpt":{"rendered":"<blockquote><p>La consola de medici\u00f3n multifuncional<\/p><\/blockquote>\n<p>La pantalla avanzada de fuerza y par AFTI es una unidad de visualizaci\u00f3n de alta especificaci\u00f3n dise\u00f1ada para su uso con transductores de fuerza y par.<\/p>\n<p>Ideal para su uso en producci\u00f3n, control de calidad o investigaci\u00f3n y desarrollo, su teclado de doble funci\u00f3n simplifica las operaciones. Con su robusta carcasa de aluminio ligero, la AFTI tiene un dise\u00f1o ergon\u00f3mico y se alimenta con un adaptador de CA (suministrado) o con pilas recargables AAA est\u00e1ndar.<\/p>\n<p>Los sensores \u00abinteligentes\u00bb intercambiables son plug and play. Basta con conectar un transductor de fuerza o par al AFTI y sus datos de calibraci\u00f3n ser\u00e1n reconocidos autom\u00e1ticamente.<\/p>\n<p><a href=\"https:\/\/acyren.com\/wp-content\/uploads\/2021\/12\/Technical-Datasheet_Afficheur_AFTI_Indicator.pdf\" target=\"_blank\" rel=\"noopener\">Ficha t\u00e9cnica de la AFTI<\/a><\/p>\n","protected":false},"featured_media":12533,"template":"","meta":{"_acf_changed":false,"_et_pb_use_builder":"","_et_pb_old_content":"","_et_gb_content_width":""},"product_brand":[],"product_cat":[211,229],"product_tag":[],"class_list":{"0":"post-8095","1":"product","2":"type-product","3":"status-publish","4":"has-post-thumbnail","6":"product_cat-dinamometros-electronicos","7":"product_cat-consola-de-medicion-y-adquisicion","9":"first","10":"instock","11":"shipping-taxable","12":"purchasable","13":"product-type-simple"},"acf":[],"_links":{"self":[{"href":"https:\/\/acyren.com\/es\/wp-json\/wp\/v2\/product\/8095","targetHints":{"allow":["GET"]}}],"collection":[{"href":"https:\/\/acyren.com\/es\/wp-json\/wp\/v2\/product"}],"about":[{"href":"https:\/\/acyren.com\/es\/wp-json\/wp\/v2\/types\/product"}],"wp:featuredmedia":[{"embeddable":true,"href":"https:\/\/acyren.com\/es\/wp-json\/wp\/v2\/media\/12533"}],"wp:attachment":[{"href":"https:\/\/acyren.com\/es\/wp-json\/wp\/v2\/media?parent=8095"}],"wp:term":[{"taxonomy":"product_brand","embeddable":true,"href":"https:\/\/acyren.com\/es\/wp-json\/wp\/v2\/product_brand?post=8095"},{"taxonomy":"product_cat","embeddable":true,"href":"https:\/\/acyren.com\/es\/wp-json\/wp\/v2\/product_cat?post=8095"},{"taxonomy":"product_tag","embeddable":true,"href":"https:\/\/acyren.com\/es\/wp-json\/wp\/v2\/product_tag?post=8095"}],"curies":[{"name":"wp","href":"https:\/\/api.w.org\/{rel}","templated":true}]}}