{"id":8057,"date":"2020-10-07T14:11:20","date_gmt":"2021-11-29T10:41:36","guid":{"rendered":"https:\/\/www.acrn.fr\/product\/dinamometro-afg"},"modified":"2021-12-07T15:22:38","modified_gmt":"2021-12-07T14:22:38","slug":"dinamometro-electronico-afg","status":"publish","type":"product","link":"https:\/\/acyren.com\/es\/producto\/dinamometro-electronico-afg\/","title":{"rendered":"Dinam\u00f3metro AFG"},"content":{"rendered":"<h3>Detalles de las caracter\u00edsticas<\/h3>\n<ul>\n<li>Modo m\u00e1ximo y primer pico &#8211; dentifica los puntos de carga cr\u00edticos de la prueba<\/li>\n<li>Alta adquisici\u00f3n de datos &#8211; capta con precisi\u00f3n las lecturas de la fuerza de fractura<\/li>\n<li>Alarmas ac\u00fasticas y visuales de conformidad &#8211; alertan inmediatamente a los operadores durante las pruebas<\/li>\n<li>Aviso de sobrecarga con gr\u00e1fico de barras &#8211; para minimizar los da\u00f1os accidentales del sensor<\/li>\n<li>Almacenamiento incorporado para hasta 400 lecturas &#8211; realiza pruebas r\u00e1pidas ahora y descarga los resultados m\u00e1s tarde<\/li>\n<li>Transferencia de datos a trav\u00e9s de RS232, digim\u00e1tica o anal\u00f3gica &#8211; salida de datos a PC o impresora para su posterior an\u00e1lisis<\/li>\n<li>Posibilidad de conectar sensores de fuerza y par externos &#8211; se convierte en una pantalla vers\u00e1til para muchas aplicaciones diferentes<\/li>\n<\/ul>\n<h3>Opciones<\/h3>\n<table style=\"border-collapse: collapse; width: 100%;\">\n<tbody>\n<tr>\n<td style=\"width: 100%;\">Numerosos accesorios de tracci\u00f3n\/compresi\u00f3n (ver cat\u00e1logo)<\/td>\n<\/tr>\n<tr>\n<td style=\"width: 100%;\">Software Vector Pro Lite para el procesamiento\/adquisici\u00f3n de datos (1 licencia)<\/td>\n<\/tr>\n<tr>\n<td style=\"width: 100%;\">Cable AFG a puerto Mitutoyo<\/td>\n<\/tr>\n<tr>\n<td style=\"width: 100%;\">Cable AFG a RS232<\/td>\n<\/tr>\n<tr>\n<td style=\"width: 100%;\">Cable AFG a USB Directo<\/td>\n<\/tr>\n<tr>\n<td style=\"width: 100%;\">Cable AFG a Puerto anal\u00f3gico<\/td>\n<\/tr>\n<tr>\n<td style=\"width: 100%;\">Software DataXport para exportar datos a Excel<\/td>\n<\/tr>\n<\/tbody>\n<\/table>\n<p>&nbsp;<\/p>\n<h3>Modelos, Capacidades X Resoluci\u00f3n<\/h3>\n<table style=\"border-collapse: collapse; width: 100%;\">\n<tbody>\n<tr>\n<td style=\"width: 20%; text-align: center;\">Modelo<\/td>\n<td style=\"width: 20%; text-align: center;\">N<\/td>\n<td style=\"width: 20%; text-align: center;\">kgf<\/td>\n<td style=\"width: 20%; text-align: center;\">ozf<\/td>\n<td style=\"text-align: center; width: 19.9851%;\">lbf<\/td>\n<\/tr>\n<tr>\n<td style=\"width: 20%; text-align: center;\">AFG 2.5<\/td>\n<td style=\"width: 20%; text-align: center;\">2.5 x 0.0005<\/td>\n<td style=\"width: 20%; text-align: center;\">&#8211;<\/td>\n<td style=\"width: 20%; text-align: center;\">9 x 0.002<\/td>\n<td style=\"width: 19.9851%; text-align: center;\">0.55 x 0.0001<\/td>\n<\/tr>\n<tr>\n<td style=\"width: 20%; text-align: center;\">AFG 5<\/td>\n<td style=\"width: 20%; text-align: center;\">5 x 0.001<\/td>\n<td style=\"width: 20%; text-align: center;\">0.5 x 0.0001<\/td>\n<td style=\"width: 20%; text-align: center;\">18 x 0.005<\/td>\n<td style=\"width: 19.9851%; text-align: center;\">1.1 x 0.0002<\/td>\n<\/tr>\n<tr>\n<td style=\"width: 20%; text-align: center;\">AFG 10<\/td>\n<td style=\"width: 20%; text-align: center;\">10 x 0.002<\/td>\n<td style=\"width: 20%; text-align: center;\">1 x 0.0002<\/td>\n<td style=\"width: 20%; text-align: center;\">35 x 0.01<\/td>\n<td style=\"width: 19.9851%; text-align: center;\">2.2 x 0.0005<\/td>\n<\/tr>\n<tr>\n<td style=\"width: 20%; text-align: center;\">AFG 25<\/td>\n<td style=\"width: 20%; text-align: center;\">25 x 0.005<\/td>\n<td style=\"width: 20%; text-align: center;\">2.5 x 0.0005<\/td>\n<td style=\"width: 20%; text-align: center;\">90 x 0.02<\/td>\n<td style=\"width: 19.9851%; text-align: center;\">5.5 x 0.001<\/td>\n<\/tr>\n<tr>\n<td style=\"width: 20%; text-align: center;\">AFG 50<\/td>\n<td style=\"width: 20%; text-align: center;\">50 x 0.01<\/td>\n<td style=\"width: 20%; text-align: center;\">5 x 0.001<\/td>\n<td style=\"width: 20%; text-align: center;\">180 x 0.05<\/td>\n<td style=\"width: 19.9851%; text-align: center;\">11 x 0.002<\/td>\n<\/tr>\n<tr>\n<td style=\"width: 20%; text-align: center;\">AFG 100<\/td>\n<td style=\"width: 20%; text-align: center;\">100 x 0.02<\/td>\n<td style=\"width: 20%; text-align: center;\">10 x 0.002<\/td>\n<td style=\"width: 20%; text-align: center;\">350 x 0.1<\/td>\n<td style=\"width: 19.9851%; text-align: center;\">22 x 0.005<\/td>\n<\/tr>\n<tr>\n<td style=\"width: 20%; text-align: center;\">AFG 250<\/td>\n<td style=\"width: 20%; text-align: center;\">250 x 0.05<\/td>\n<td style=\"width: 20%; text-align: center;\">25 x 0.005<\/td>\n<td style=\"width: 20%; text-align: center;\">900 x 0.2<\/td>\n<td style=\"width: 19.9851%; text-align: center;\">55 x 0.01<\/td>\n<\/tr>\n<tr>\n<td style=\"width: 20%; text-align: center;\">AFG 500<\/td>\n<td style=\"width: 20%; text-align: center;\">500 x 0.1<\/td>\n<td style=\"width: 20%; text-align: center;\">50 x 0.01<\/td>\n<td style=\"width: 20%; text-align: center;\">1800 x 0.5<\/td>\n<td style=\"width: 19.9851%; text-align: center;\">110 x 0.02<\/td>\n<\/tr>\n<tr>\n<td style=\"width: 20%; text-align: center;\">AFG 1000<\/td>\n<td style=\"width: 20%; text-align: center;\">1000 x 0.2<\/td>\n<td style=\"width: 20%; text-align: center;\">100 x 0.02<\/td>\n<td style=\"width: 20%; text-align: center;\">3500 x 1<\/td>\n<td style=\"width: 19.9851%; text-align: center;\">220 x 0.05<\/td>\n<\/tr>\n<tr>\n<td style=\"width: 20%; text-align: center;\">AFG 2500<\/td>\n<td style=\"width: 20%; text-align: center;\">2500 x 0.5<\/td>\n<td style=\"width: 20%; text-align: center;\">250 x 0.05<\/td>\n<td style=\"width: 20%; text-align: center;\">9000 x 2<\/td>\n<td style=\"width: 19.9851%; text-align: center;\">550 x 0.1<\/td>\n<\/tr>\n<\/tbody>\n<\/table>\n<p>&nbsp;<\/p>\n","protected":false},"excerpt":{"rendered":"<blockquote><p>El dinam\u00f3metro avanzado<\/p><\/blockquote>\n<p>La AFG es una c\u00e9lula de carga multifuncional, ergon\u00f3mica y asequible para medir fuerzas de tensi\u00f3n\/compresi\u00f3n.<\/p>\n<p>El AFG es el medidor de fuerza m\u00e1s vers\u00e1til y completo del mercado.<\/p>\n<p>Con capacidades que van de 2,5 a 2.500 N, es ideal para montarlo en un banco de pruebas o para utilizarlo como dispositivo de mano. Es robusto y tiene una precisi\u00f3n del 0,1% del fondo de escala.<\/p>\n<p>Todas sus \u00fatiles caracter\u00edsticas le permitir\u00e1n configurar los controles de tracci\u00f3n y compresi\u00f3n seg\u00fan sus necesidades.<\/p>\n<p><a href=\"https:\/\/acyren.com\/wp-content\/uploads\/2020\/10\/AFG-gb-BD.pdf\" target=\"_blank\" rel=\"noopener\">Ficha t\u00e9cnica de AFG<\/a><\/p>\n","protected":false},"featured_media":12529,"template":"","meta":{"_acf_changed":false,"_et_pb_use_builder":"","_et_pb_old_content":"","_et_gb_content_width":""},"product_brand":[],"product_cat":[211],"product_tag":[],"class_list":{"0":"post-8057","1":"product","2":"type-product","3":"status-publish","4":"has-post-thumbnail","6":"product_cat-dinamometros-electronicos","8":"first","9":"instock","10":"shipping-taxable","11":"purchasable","12":"product-type-variable"},"acf":[],"_links":{"self":[{"href":"https:\/\/acyren.com\/es\/wp-json\/wp\/v2\/product\/8057","targetHints":{"allow":["GET"]}}],"collection":[{"href":"https:\/\/acyren.com\/es\/wp-json\/wp\/v2\/product"}],"about":[{"href":"https:\/\/acyren.com\/es\/wp-json\/wp\/v2\/types\/product"}],"wp:featuredmedia":[{"embeddable":true,"href":"https:\/\/acyren.com\/es\/wp-json\/wp\/v2\/media\/12529"}],"wp:attachment":[{"href":"https:\/\/acyren.com\/es\/wp-json\/wp\/v2\/media?parent=8057"}],"wp:term":[{"taxonomy":"product_brand","embeddable":true,"href":"https:\/\/acyren.com\/es\/wp-json\/wp\/v2\/product_brand?post=8057"},{"taxonomy":"product_cat","embeddable":true,"href":"https:\/\/acyren.com\/es\/wp-json\/wp\/v2\/product_cat?post=8057"},{"taxonomy":"product_tag","embeddable":true,"href":"https:\/\/acyren.com\/es\/wp-json\/wp\/v2\/product_tag?post=8057"}],"curies":[{"name":"wp","href":"https:\/\/api.w.org\/{rel}","templated":true}]}}