{"id":7800,"date":"2021-03-31T14:15:56","date_gmt":"2021-11-10T15:17:07","guid":{"rendered":"https:\/\/www.acrn.fr\/product\/impresora-termica-por-torquimetro"},"modified":"2021-11-10T16:17:07","modified_gmt":"2021-11-10T15:17:07","slug":"impresora-termica-sp743","status":"publish","type":"product","link":"https:\/\/acyren.com\/es\/producto\/impresora-termica-sp743\/","title":{"rendered":"Impresora t\u00e9rmica por torqu\u00edmetro"},"content":{"rendered":"<h3>Informaci\u00f3n t\u00e9cnica<\/h3>\n<table style=\"border-collapse: collapse; width: 100%; height: 161px;\">\n<tbody>\n<tr style=\"height: 23px;\">\n<td style=\"width: 50%; height: 23px;\">Tipo<\/td>\n<td style=\"width: 50%; height: 23px;\">T\u00e9rmica<\/td>\n<\/tr>\n<tr style=\"height: 23px;\">\n<td style=\"width: 50%; height: 23px;\">Dimensiones (L*A*H)<\/td>\n<td style=\"width: 50%; height: 23px;\">147 x 148 x 213 mm<\/td>\n<\/tr>\n<tr style=\"height: 23px;\">\n<td style=\"width: 50%; height: 23px;\">Velocidad de impresi\u00f3n<\/td>\n<td style=\"width: 50%; height: 23px;\">250 mm \/ sec<\/td>\n<\/tr>\n<tr style=\"height: 23px;\">\n<td style=\"width: 50%; height: 23px;\">Papel<\/td>\n<td style=\"width: 50%; height: 23px;\">Rollos de papel de 70 mm o 58 mm<\/td>\n<\/tr>\n<tr style=\"height: 23px;\">\n<td style=\"width: 50%; height: 23px;\">Protecci\u00f3n<\/td>\n<td style=\"width: 50%; height: 23px;\">Resistencia a las salpicaduras<\/td>\n<\/tr>\n<tr style=\"height: 23px;\">\n<td style=\"width: 50%; height: 23px;\">Alimentaci\u00f3n<\/td>\n<td style=\"width: 50%; height: 23px;\">DC24V<\/td>\n<\/tr>\n<tr style=\"height: 23px;\">\n<td style=\"width: 50%; height: 23px;\">Conectividad<\/td>\n<td style=\"width: 50%; height: 23px;\">WebPRNT; Bluetooth; Serie; Paralelo; USB; Ethernet; CloudPRNT<\/td>\n<\/tr>\n<\/tbody>\n<\/table>\n<h3>Viene con:<\/h3>\n<ul>\n<li>Kit de montaje en pared<\/li>\n<li>Protecci\u00f3n para el bot\u00f3n de encendido<\/li>\n<li>Gu\u00eda de billetes de 58 mm<\/li>\n<li>Rollos de papel<\/li>\n<li>Gu\u00eda de instalaci\u00f3n<\/li>\n<\/ul>\n","protected":false},"excerpt":{"rendered":"<blockquote><p>La impresora t\u00e9rmica r\u00e1pida y compacta<\/p><\/blockquote>\n<p>Su elegante dise\u00f1o cuenta con una cubierta superior que se extiende hasta el borde de la impresora, lo que hace m\u00e1s dif\u00edcil que el polvo y los l\u00edquidos entren y da\u00f1en la impresora.<\/p>\n<p>Los canales de amortiguaci\u00f3n de ruidos y vibraciones del interior de la impresora ayudan a reducir el ruido de la impresi\u00f3n y a\u00f1aden una capa adicional de protecci\u00f3n contra la humedad o el polvo en entornos dif\u00edciles.<\/p>\n","protected":false},"featured_media":7613,"template":"","meta":{"_acf_changed":false,"_et_pb_use_builder":"","_et_pb_old_content":"","_et_gb_content_width":""},"product_brand":[],"product_cat":[15],"product_tag":[],"class_list":{"0":"post-7800","1":"product","2":"type-product","3":"status-publish","4":"has-post-thumbnail","6":"product_cat-non-catalogue","8":"first","9":"instock","10":"shipping-taxable","11":"purchasable","12":"product-type-simple"},"acf":[],"_links":{"self":[{"href":"https:\/\/acyren.com\/es\/wp-json\/wp\/v2\/product\/7800","targetHints":{"allow":["GET"]}}],"collection":[{"href":"https:\/\/acyren.com\/es\/wp-json\/wp\/v2\/product"}],"about":[{"href":"https:\/\/acyren.com\/es\/wp-json\/wp\/v2\/types\/product"}],"wp:featuredmedia":[{"embeddable":true,"href":"https:\/\/acyren.com\/es\/wp-json\/wp\/v2\/media\/7613"}],"wp:attachment":[{"href":"https:\/\/acyren.com\/es\/wp-json\/wp\/v2\/media?parent=7800"}],"wp:term":[{"taxonomy":"product_brand","embeddable":true,"href":"https:\/\/acyren.com\/es\/wp-json\/wp\/v2\/product_brand?post=7800"},{"taxonomy":"product_cat","embeddable":true,"href":"https:\/\/acyren.com\/es\/wp-json\/wp\/v2\/product_cat?post=7800"},{"taxonomy":"product_tag","embeddable":true,"href":"https:\/\/acyren.com\/es\/wp-json\/wp\/v2\/product_tag?post=7800"}],"curies":[{"name":"wp","href":"https:\/\/api.w.org\/{rel}","templated":true}]}}