{"id":7658,"date":"2020-09-29T19:20:04","date_gmt":"2020-09-29T19:20:04","guid":{"rendered":"https:\/\/www.acrn.fr\/product\/torquimetro-electronico-nca"},"modified":"2025-08-08T12:17:29","modified_gmt":"2025-08-08T10:17:29","slug":"torquimetro-tapas-nca","status":"publish","type":"product","link":"https:\/\/acyren.com\/es\/producto\/torquimetro-tapas-nca\/","title":{"rendered":"Torqu\u00edmetro para tapas NCA"},"content":{"rendered":"<p>El torquimetro tapas NCA es un equipo muy f\u00e1cil de usar para medir el apriete de tapones de perfumes, botellas, frascos, etc.<\/p>\n<div class='content-column one_half'><h3>Los puntos fuertes del torquimetro tapas NCA<\/h3>\n<p><span style=\"color: #d64914;\"><strong>Asistencia en el control de calidad<\/strong><\/span><\/p>\n<p><span style=\"color: #215876;\">Incluye herramientas como el modo Pasa\/Falla, y varios programas con valores almacenados.<\/span><\/p>\n<p><span style=\"color: #d64914;\"><strong>Un sensor externo adicional<\/strong><\/span><\/p>\n<p><span style=\"color: #215876;\">Con un solo instrumento, es posible controlar varios rangos de par (por ejemplo, de 0 a 1 N.m y de 1 a 10 N.m) gracias a la opci\u00f3n de sensor externo, \u00fanica en el mercado de los torqu\u00edmetros.<\/span><\/p>\n<p><span style=\"color: #d64914;\"><strong>Una gran variedad de abrazaderas<\/strong><\/span><\/p>\n<p><span style=\"color: #215876;\">Puede alojar la ampl\u00edsima gama de pinzas ACRN.<\/span><\/p>\n<p><span style=\"color: #d64914;\"><strong>Calidad de la ACRN<\/strong><\/span><\/p>\n<p><span style=\"color: #215876;\">Los componentes de nuestras m\u00e1quinas garantizan una larga vida \u00fatil y su independencia permite un servicio m\u00e1s eficiente y menos costoso.<\/span><\/p>\n<p><span style=\"color: #215876;\">Evoluci\u00f3n continua gracias a la composici\u00f3n de las m\u00e1quinas.<\/div><\/span><\/p>\n<div class='content-column one_half last_column'><img decoding=\"async\" class=\"alignnone size-full wp-image-7666\" src=\"https:\/\/acyren.com\/wp-content\/uploads\/2020\/09\/Sans-titre-2.png\" alt=\"Torqu\u00edmetro NCA\" width=\"500\" height=\"500\" srcset=\"https:\/\/acyren.com\/wp-content\/uploads\/2020\/09\/Sans-titre-2.png 500w, https:\/\/acyren.com\/wp-content\/uploads\/2020\/09\/Sans-titre-2-480x480.png 480w\" sizes=\"(min-width: 0px) and (max-width: 480px) 480px, (min-width: 481px) 500px, 100vw\" \/><\/div><div class='clear_column'><\/div>\n<p>&nbsp;<\/p>\n<h3>Ejemplos de sujeci\u00f3n<\/h3>\n[et_pb_section global_module=\"2301\"][\/et_pb_section]\n<h3>Caracter\u00edsticas<\/h3>\n<table style=\"border-collapse: collapse; width: 100%; height: 276px;\">\n<tbody>\n<tr style=\"height: 23px;\">\n<td style=\"width: 50%; height: 23px;\">Medici\u00f3n del par<\/td>\n<td style=\"width: 50%; height: 23px;\">Max (pico), Max con l\u00edmite inferior, reset<\/td>\n<\/tr>\n<tr style=\"height: 23px;\">\n<td style=\"width: 50%; height: 23px;\">Programa<\/td>\n<td style=\"width: 50%; height: 23px;\">8 programas Sonido de aprobado\/reprobado y gr\u00e1fico de barras<\/td>\n<\/tr>\n<tr style=\"height: 23px;\">\n<td style=\"width: 50%; height: 23px;\">Almacenamiento<\/td>\n<td style=\"width: 50%; height: 23px;\">Almacenamiento de 200 valores de medici\u00f3n<\/td>\n<\/tr>\n<tr style=\"height: 23px;\">\n<td style=\"width: 50%; height: 23px;\">Unidades<\/td>\n<td style=\"width: 50%; height: 23px;\">N.m \/ lbf.inch \/ N.cm \/ Kgf.cm<\/td>\n<\/tr>\n<tr style=\"height: 23px;\">\n<td style=\"width: 50%; height: 23px;\">Frecuencia de muestreo<\/td>\n<td style=\"width: 50%; height: 23px;\">5000 Hz<\/td>\n<\/tr>\n<tr style=\"height: 23px;\">\n<td style=\"width: 50%; height: 23px;\">Capacidad de los sensores<\/td>\n<td style=\"width: 50%; height: 23px;\">Sensores autoestabilizadores reforzados con capacidad (N.m): 0,5\/ 1\/ 3\/ 5\/ 10\/ 25<\/td>\n<\/tr>\n<tr style=\"height: 23px;\">\n<td style=\"width: 50%; height: 23px;\">Estad\u00edsticas<\/td>\n<td style=\"width: 50%; height: 23px;\">Estad\u00edsticas de fin de lote imprimibles<\/td>\n<\/tr>\n<tr style=\"height: 23px;\">\n<td style=\"width: 50%; height: 23px;\">Conector<\/td>\n<td style=\"width: 50%; height: 23px;\">Conector para la conexi\u00f3n de sensores externos<\/td>\n<\/tr>\n<tr style=\"height: 23px;\">\n<td style=\"width: 50%; height: 23px;\">Informaci\u00f3n de los sensores<\/td>\n<td style=\"width: 50%; height: 23px;\">Indicador de desplazamiento del sensor en caso de problema de hardware<\/td>\n<\/tr>\n<tr style=\"height: 23px;\">\n<td style=\"width: 50%; height: 23px;\">Fecha de calibraci\u00f3n<\/td>\n<td style=\"width: 50%; height: 23px;\">Recordatorio de rebasamiento de calibraci\u00f3n programable<\/td>\n<\/tr>\n<tr style=\"height: 23px;\">\n<td style=\"width: 50%; height: 23px;\">L\u00edmite de acceso<\/td>\n<td style=\"width: 50%; height: 23px;\">Acceso de administrador con contrase\u00f1a configurable<\/td>\n<\/tr>\n<tr style=\"height: 23px;\">\n<td style=\"width: 50%; height: 23px;\">Transmisi\u00f3n de datos<\/td>\n<td style=\"width: 50%; height: 23px;\">Software de exportaci\u00f3n de datos opcional \/ AutoOutput posible<\/td>\n<\/tr>\n<\/tbody>\n<\/table>\n<h3><span style=\"color: #333333; font-size: 22px;\"><br \/>\nOpciones por el <\/span>torquimetro tapas NCA<\/h3>\n<ul>\n<li>Sensor de par externo de diferente capacidad<\/li>\n<li>Bater\u00eda de iones de litio; 24 horas de funcionamiento<\/li>\n<li>Protecci\u00f3n IP reforzada<\/li>\n<li>Asa de transporte<\/li>\n<li>Cable de conexi\u00f3n SerialToUSB o SerialToSerial<\/li>\n<\/ul>\n<h3>Opciones de comunicaci\u00f3n e impresi\u00f3n<\/h3>\n<div class=\"accessories\">\n<div class=\"accessory\">\n<h4>Impresora SP712<\/h4>\n<div class=\"accessory-img\"><img decoding=\"async\" src=\"https:\/\/acyren.com\/wp-content\/uploads\/2021\/03\/SP700_front-1.jpg\" alt=\"Data Xport\" \/><\/div>\n<\/div>\n<div class=\"accessory\">\n<h4>Impresora TSP 743<\/h4>\n<div class=\"accessory-img\"><img decoding=\"async\" src=\"https:\/\/acyren.com\/wp-content\/uploads\/2021\/03\/Sans-titre-1-2.jpg\" alt=\"Data Xport\" \/><\/div>\n<p class=\"accessory-btn\"><a href=\"https:\/\/acyren.com\/es\/?attachment_id=7613\">Descubrir<\/a><\/p>\n<\/div>\n<div class=\"accessory\">\n<h4>Software Data Xport<\/h4>\n<div class=\"accessory-img\"><img decoding=\"async\" src=\"https:\/\/acyren.com\/wp-content\/uploads\/2021\/03\/pho-div-logiciel_dataXport-3.jpg\" alt=\"Data Xport\" \/><\/div>\n<p class=\"accessory-btn\"><a href=\"https:\/\/acyren.com\/es\/producto\/software-de-transferencia-de-valores\">Descubrir<\/a><\/p>\n<\/div>\n<div class=\"accessory\">\n<h4>Software IP Xport<\/h4>\n<div class=\"accessory-img\"><img decoding=\"async\" src=\"https:\/\/acyren.com\/wp-content\/uploads\/2021\/04\/IpXPort.jpg\" alt=\"Data Xport\" \/><\/div>\n<p class=\"accessory-btn\"><a href=\"https:\/\/acyren.com\/es\/producto\/ip-export-connection-tool\">Descubrir<\/a><\/p>\n<\/div>\n<\/div>\n<h3>Entregado con el torquimetro NCA<\/h3>\n<ul>\n<li>Un cable de alimentaci\u00f3n<\/li>\n<li>Un certificado de calibraci\u00f3n seg\u00fan la norma ISO6789: 2017 \/ acreditaci\u00f3n COFRAC de las normas<\/li>\n<li>Un folleto<\/li>\n<li>Sujeci\u00f3n<\/li>\n<\/ul>\n","protected":false},"excerpt":{"rendered":"<blockquote><p>Funciones avanzadas para sus controles<\/p><\/blockquote>\n<p>Este torqu\u00edmetro de sobremesa est\u00e1 dise\u00f1ado para una medici\u00f3n precisa, r\u00e1pida y completa del atornillado y desatornillado para optimizar el control del envasado. Es adecuado tanto para entornos de laboratorio como de producci\u00f3n.<\/p>\n<p><a href=\"https:\/\/acyren.com\/wp-content\/uploads\/2021\/12\/NCA-gb07-2020-BD.pdf\" target=\"_blank\" rel=\"noopener\">Ficha t\u00e9cnica de Torqu\u00edmetro NCA<\/a><\/p>\n","protected":false},"featured_media":7659,"template":"","meta":{"_acf_changed":false,"_et_pb_use_builder":"","_et_pb_old_content":"","_et_gb_content_width":""},"product_brand":[],"product_cat":[190,206],"product_tag":[],"class_list":{"0":"post-7658","1":"product","2":"type-product","3":"status-publish","4":"has-post-thumbnail","6":"product_cat-torquimetros","7":"product_cat-productos-inicio","9":"first","10":"instock","11":"shipping-taxable","12":"purchasable","13":"product-type-simple"},"acf":[],"_links":{"self":[{"href":"https:\/\/acyren.com\/es\/wp-json\/wp\/v2\/product\/7658","targetHints":{"allow":["GET"]}}],"collection":[{"href":"https:\/\/acyren.com\/es\/wp-json\/wp\/v2\/product"}],"about":[{"href":"https:\/\/acyren.com\/es\/wp-json\/wp\/v2\/types\/product"}],"wp:featuredmedia":[{"embeddable":true,"href":"https:\/\/acyren.com\/es\/wp-json\/wp\/v2\/media\/7659"}],"wp:attachment":[{"href":"https:\/\/acyren.com\/es\/wp-json\/wp\/v2\/media?parent=7658"}],"wp:term":[{"taxonomy":"product_brand","embeddable":true,"href":"https:\/\/acyren.com\/es\/wp-json\/wp\/v2\/product_brand?post=7658"},{"taxonomy":"product_cat","embeddable":true,"href":"https:\/\/acyren.com\/es\/wp-json\/wp\/v2\/product_cat?post=7658"},{"taxonomy":"product_tag","embeddable":true,"href":"https:\/\/acyren.com\/es\/wp-json\/wp\/v2\/product_tag?post=7658"}],"curies":[{"name":"wp","href":"https:\/\/api.w.org\/{rel}","templated":true}]}}