{"id":7105,"date":"2021-07-28T10:43:51","date_gmt":"2021-07-28T08:43:51","guid":{"rendered":"https:\/\/www.acrn.fr\/?post_type=product&#038;p=7105"},"modified":"2025-07-15T12:54:43","modified_gmt":"2025-07-15T10:54:43","slug":"ctex-gm","status":"publish","type":"product","link":"https:\/\/acyren.com\/es\/produit\/ctex-gm\/","title":{"rendered":"Caisson de test d\u2019\u00e9tanch\u00e9it\u00e9 CTEX-GM"},"content":{"rendered":"<h3>B\u00e9n\u00e9fices<\/h3>\n<ul>\n<li>Rapide, ergonomique, et facile d&#8217;utilisation<\/li>\n<li>Lecture visuelle<\/li>\n<li>Fiable et \u00e9conomique<\/li>\n<li>Adapt\u00e9 au milieu de production \/ Robuste<\/li>\n<li>Test sur r\u00e9ception mati\u00e8res premi\u00e8res, en production, avant exp\u00e9dition en grande s\u00e9rie<\/li>\n<li>Capteur de pression dans le boitier de commande<\/li>\n<li>Tra\u00e7abilit\u00e9 par un ticket horodat\u00e9 imprim\u00e9 contenant les informations du test ou par un logiciel d&#8217;export de donn\u00e9e<\/li>\n<\/ul>\n<h3>Informations techniques<\/h3>\n<table style=\"border-collapse: collapse; width: 100%; height: 230px;\">\n<tbody>\n<tr style=\"height: 23px;\">\n<td style=\"width: 50%; height: 23px;\">Caisson<\/td>\n<td style=\"width: 50%; height: 23px;\">Caisson en PMMA transparent avec ouverture par porte avant<\/td>\n<\/tr>\n<tr style=\"height: 23px;\">\n<td style=\"width: 50%; height: 23px;\">Etendue de mesure et pr\u00e9cision<\/td>\n<td style=\"width: 50%; height: 23px;\">De -0,1 \u00e0 0,85 Bar (pression relative) en standard, Pr\u00e9cision +\/- 2%<\/td>\n<\/tr>\n<tr style=\"height: 23px;\">\n<td style=\"width: 50%; height: 23px;\">Lecture de la d\u00e9pression<\/td>\n<td style=\"width: 50%; height: 23px;\">Affichage num\u00e9rique: menu ergonomique avec trois touches<\/td>\n<\/tr>\n<tr style=\"height: 23px;\">\n<td style=\"width: 50%; height: 23px;\">Unit\u00e9s<\/td>\n<td style=\"width: 50%; height: 23px;\">Bar, Psi<\/td>\n<\/tr>\n<tr style=\"height: 23px;\">\n<td style=\"width: 50%; height: 23px;\">Alimentation<\/td>\n<td style=\"width: 50%; height: 23px;\">&#8211; Air comprim\u00e9 ou pompe<\/td>\n<\/tr>\n<tr style=\"height: 23px;\">\n<td style=\"width: 50%; height: 23px;\">Epaisseur<\/td>\n<td style=\"width: 50%; height: 23px;\">30 min selon l&#8217;\u00e9tude du RDM<\/td>\n<\/tr>\n<tr style=\"height: 23px;\">\n<td style=\"width: 50%; height: 23px;\">R\u00e9glage d\u00e9pression<\/td>\n<td style=\"width: 50%; height: 23px;\">Electronique<\/td>\n<\/tr>\n<tr style=\"height: 23px;\">\n<td style=\"width: 50%; height: 23px;\">Impression<\/td>\n<td style=\"width: 50%; height: 23px;\">Imprimante int\u00e9gr\u00e9e avec ticket horodat\u00e9<\/td>\n<\/tr>\n<tr style=\"height: 23px;\">\n<td style=\"width: 50%; height: 23px;\">Dur\u00e9e de d\u00e9pression<\/td>\n<td style=\"width: 50%; height: 23px;\">Temporisation r\u00e9glable de 0 \u00e0 4 000 secondes<\/td>\n<\/tr>\n<tr style=\"height: 23px;\">\n<td style=\"width: 50%; height: 23px;\">Principe du test<\/td>\n<td style=\"width: 50%; height: 23px;\">Visuel<\/td>\n<\/tr>\n<tr>\n<td style=\"width: 50%;\">Temp\u00e9rature<\/td>\n<td style=\"width: 50%;\">De 0 \u00e0 40 \u00b0C<\/td>\n<\/tr>\n<tr>\n<td style=\"width: 50%;\">Normes<\/td>\n<td style=\"width: 50%;\">IATA, ASTM D6653;D4991;D5094;D4169, EN 14401, DIN55528<\/td>\n<\/tr>\n<\/tbody>\n<\/table>\n<h3>Options<\/h3>\n<table style=\"border-collapse: collapse; width: 100%;\">\n<tbody>\n<tr>\n<td style=\"width: 100%;\">Version sans imprimante<\/td>\n<\/tr>\n<tr>\n<td style=\"width: 100%;\">Logiciel d&#8217;acquisition: point par point vers tous logiciel PC: Data Xport<\/td>\n<\/tr>\n<tr>\n<td style=\"width: 100%;\">Vanne de vidange d&#8217;air facilitant le retour \u00e0 la PA<\/td>\n<\/tr>\n<tr>\n<td style=\"width: 100%;\">Pompe \u00e0 vide rempla\u00e7ant l&#8217;air comprim\u00e9<\/td>\n<\/tr>\n<\/tbody>\n<\/table>\n<h3>Livr\u00e9 avec<\/h3>\n<ul>\n<li>Certificat d&#8217;\u00e9talonnage raccord\u00e9 LNE \/ COFRAC<\/li>\n<\/ul>\n","protected":false},"excerpt":{"rendered":"<blockquote><p>Le mod\u00e8le grande s\u00e9rie pour des tests sp\u00e9cifiques<\/p><\/blockquote>\n<p>Il dispose d&#8217;un syst\u00e8me de programmation rapide, pilot\u00e9 par un menu ergonomique. Des cycles sont pr\u00e9programm\u00e9s par les usagers (mont\u00e9e puis descente en d\u00e9pression selon un temps pr\u00e9d\u00e9fini.<\/p>\n<p>L&#8217;op\u00e9rateur valide la conformit\u00e9 par une simple inspection visuelle du produit.<\/p>\n<p>Ce mod\u00e8le existe avec un syst\u00e8me de pompe \u00e0 vide pour la mise en d\u00e9pression.<\/p>\n<p><a href=\"https:\/\/acyren.com\/wp-content\/uploads\/2021\/07\/CTEX-GM-CTEX-P-GM-fr-BD.pdf\" target=\"_blank\" rel=\"noopener\">Fiche technique CTEX-GM<\/a><\/p>\n<p>&nbsp;<\/p>\n","protected":false},"featured_media":7180,"template":"","meta":{"_acf_changed":false,"_et_pb_use_builder":"","_et_pb_old_content":"","_et_gb_content_width":""},"product_brand":[],"product_cat":[30],"product_tag":[],"class_list":{"0":"post-7105","1":"product","2":"type-product","3":"status-publish","4":"has-post-thumbnail","6":"product_cat-grandes-dimensions","8":"first","9":"instock","10":"shipping-taxable","11":"purchasable","12":"product-type-simple"},"acf":[],"_links":{"self":[{"href":"https:\/\/acyren.com\/es\/wp-json\/wp\/v2\/product\/7105","targetHints":{"allow":["GET"]}}],"collection":[{"href":"https:\/\/acyren.com\/es\/wp-json\/wp\/v2\/product"}],"about":[{"href":"https:\/\/acyren.com\/es\/wp-json\/wp\/v2\/types\/product"}],"wp:featuredmedia":[{"embeddable":true,"href":"https:\/\/acyren.com\/es\/wp-json\/wp\/v2\/media\/7180"}],"wp:attachment":[{"href":"https:\/\/acyren.com\/es\/wp-json\/wp\/v2\/media?parent=7105"}],"wp:term":[{"taxonomy":"product_brand","embeddable":true,"href":"https:\/\/acyren.com\/es\/wp-json\/wp\/v2\/product_brand?post=7105"},{"taxonomy":"product_cat","embeddable":true,"href":"https:\/\/acyren.com\/es\/wp-json\/wp\/v2\/product_cat?post=7105"},{"taxonomy":"product_tag","embeddable":true,"href":"https:\/\/acyren.com\/es\/wp-json\/wp\/v2\/product_tag?post=7105"}],"curies":[{"name":"wp","href":"https:\/\/api.w.org\/{rel}","templated":true}]}}