{"id":13506,"date":"2023-06-27T15:09:14","date_gmt":"2023-10-24T07:54:12","guid":{"rendered":"https:\/\/www.acrn.fr\/?post_type=product&#038;p=13506"},"modified":"2025-07-07T12:37:52","modified_gmt":"2025-07-07T10:37:52","slug":"destornillador-de-control-de-par","status":"publish","type":"product","link":"https:\/\/acyren.com\/es\/producto\/destornillador-de-control-de-par\/","title":{"rendered":"Control del par del destornillador CTV"},"content":{"rendered":"<h3>Control del par bajo el destornillador: una revisi\u00f3n peri\u00f3dica de los destornilladores<\/h3>\n<p>Gracias a este equipo, podr\u00e1 realizar inspecciones peri\u00f3dicas de los atornilladores, que ofrecen una serie de ventajas importantes. Questi controlli garantiscono la sicurezza dei lavoratori riducendo il rischio di incidenti legati a guasti meccanici. Tambi\u00e9n mantienen los atornilladores al m\u00e1ximo rendimiento, garantizando la m\u00e1xima productividad. Ayudan a prolongar la vida \u00fatil de los atornilladores detectando los signos de desgaste y realizando las reparaciones necesarias. Estas comprobaciones tambi\u00e9n garantizan el cumplimiento de las normas y reglamentos vigentes en determinados sectores, por lo que forman parte de una estrategia de mantenimiento preventivo que permite detectar posibles problemas antes de que se conviertan en cr\u00edticos. En resumen, el control de par CTV es una herramienta importante para establecer comprobaciones peri\u00f3dicas de los atornilladores que ofrezcan seguridad, rendimiento, durabilidad, conformidad y mantenimiento preventivo.<\/p>\n<p>&nbsp;<\/p>\n<h3>Comprender mejor las desviaciones de par en los procesos de atornillado<\/h3>\n<p><span class=\"sw\">El CTV le ayuda a comprender<\/span> <span class=\"sw\"><b>el<\/b><\/span> <span class=\"sw\"><b>variaci\u00f3n<\/b><\/span> <span class=\"sw\">de<\/span> <span class=\"sw\">pareja<\/span> <span class=\"sw\">en<\/span> <span class=\"sw\">el<\/span> <span class=\"sw\">proceso<\/span> <span class=\"sw\">de<\/span> <span class=\"sw\">sujeci\u00f3n y<\/span> <span class=\"sw\">presente<\/span> <span class=\"sw\">varios<\/span> <span class=\"sw\">beneficios.<\/span> <span class=\"sw\">Este<\/span> <span class=\"sw\"><b>garantiza<\/b><\/span> <span class=\"sw\">el<\/span> <span class=\"sw\">fiabilidad<\/span> <span class=\"sw\">de<\/span> <span class=\"sw\"><b>montaje,<\/b><\/span> <span class=\"sw\"><b>evite<\/b><\/span> <span class=\"sw\">el<\/span> <span class=\"sw\">problemas<\/span> <span class=\"sw\">sellado<\/span> <span class=\"sw\">y<\/span> <span class=\"sw\">de<\/span> <span class=\"sw\">seguridad,<\/span> <span class=\"sw\"><b>optimiza<\/b><\/span> <span class=\"sw\">el<\/span> <span class=\"sw\">procedimientos<\/span> <span class=\"sw\">de<\/span> <span class=\"sw\">pinza,<\/span> <span class=\"sw\"><b>mejora<\/b><\/span> <span class=\"sw\">el<\/span> <span class=\"sw\">calidad<\/span> <span class=\"sw\">y<\/span> <span class=\"sw\">el<\/span> <span class=\"sw\">trazabilidad,<\/span> <span class=\"sw\"><b>y<\/b><\/span> <span class=\"sw\"><b>reducido<\/b><\/span> <span class=\"sw\">el<\/span> <span class=\"sw\">riesgos<\/span> <span class=\"sw\">de<\/span> <span class=\"sw\"><b>interrupci\u00f3n<\/b><\/span> <span class=\"sw\">y<\/span> <span class=\"sw\">el<\/span> <span class=\"sw\">costes<\/span> <span class=\"sw\">de<\/span> <span class=\"sw\">mantenimiento.<\/span> <span class=\"sw\">Visite<\/span> <span class=\"sw\">incluyendo<\/span> <span class=\"sw\">el<\/span> <span class=\"sw\">factores<\/span> <span class=\"sw\">que<\/span> <span class=\"sw\">influencia<\/span> <span class=\"sw\"><b>el<\/b><\/span> <span class=\"sw\"><b>variaci\u00f3n<\/b><\/span> <span class=\"sw\">de<\/span> <span class=\"sw\">pareja,<\/span> <span class=\"sw\"><b>usted<\/b><\/span> <span class=\"sw\"><b>puede<\/b><\/span> <span class=\"sw\"><b>ajustar<\/b><\/span> <span class=\"sw\">el<\/span> <span class=\"sw\">par\u00e1metros<\/span> <span class=\"sw\">de<\/span> <span class=\"sw\">pinza,<\/span> <span class=\"sw\"><b>adaptar<\/b><\/span> <span class=\"sw\">el<\/span> <span class=\"sw\">herramientas<\/span> <span class=\"sw\">y<\/span> <span class=\"sw\">t\u00e9cnicas<\/span> <span class=\"sw\"><b>usado,<\/b><\/span> <span class=\"sw\">y<\/span> <span class=\"sw\">ir a<\/span> <span class=\"sw\">en<\/span> <span class=\"sw\">lugar<\/span> <span class=\"sw\">de<\/span> <span class=\"sw\">m\u00e9todos<\/span> <span class=\"sw\">de<\/span> <span class=\"sw\">control<\/span> <span class=\"sw\">y<\/span> <span class=\"sw\">de<\/span> <span class=\"sw\"><b>vigilancia<\/b><\/span> <span class=\"sw\">para<\/span> <span class=\"sw\"><b>garant\u00eda<\/b><\/span> <span class=\"sw\"><b>a<\/b><\/span> <span class=\"sw\"><b>montaje<\/b><\/span> <span class=\"sw\">preciso,<\/span> <span class=\"sw\"><b>fiable<\/b><\/span> <span class=\"sw\">y<\/span> <span class=\"sw\"><b>complaciente.<\/b><\/span><\/p>\n<h4>Se suministra con :<\/h4>\n<ul>\n<li>Adaptador de accionamiento cuadrado<\/li>\n<li>Simulador de atornillado e incluye <span class=\"TextRun SCXW261758617 BCX0\" lang=\"FR-FR\" data-contrast=\"none\"><br \/>\n  <span class=\"NormalTextRun ContextualSpellingAndGrammarErrorV2Themed SCXW261758617 BCX0\" data-ccp-parastyle=\"Default\">Adaptador \u00bc<\/span><br \/>\n  <span class=\"NormalTextRun SCXW261758617 BCX0\" data-ccp-parastyle=\"Default\">\u00bb HEX &#8211; \u00bc\u00bb HEX ADAPTADOR <\/span><br \/>\n  <span class=\"NormalTextRun SCXW261758617 BCX0\" data-ccp-parastyle=\"Default\">&#8211; <\/span><br \/>\n  <span class=\"NormalTextRun SCXW261758617 BCX0\" data-ccp-parastyle=\"Default\">Macho\/Macho<\/span><br \/>\n<\/span><span class=\"EOP SCXW261758617 BCX0\" data-ccp-props=\"{\"201341983\":0,\"335559739\":0,\"335559740\":240}\"> <\/span><\/li>\n<li>Certificado de calibraci\u00f3n COFRAC<\/li>\n<li>Maleta de transporte<\/li>\n<\/ul>\n<h4>Opciones<\/h4>\n<ul>\n<li>Tapones de aluminio o resina<\/li>\n<li>Soporte para bancos de trabajo<\/li>\n<\/ul>\n<p>&nbsp;<\/p>\n<p>&nbsp;<\/p>\n","protected":false},"excerpt":{"rendered":"<blockquote><p>Para atornilladores h\u00edbridos manuales y semiautom\u00e1ticos<\/p><\/blockquote>\n<p><span data-contrast=\"none\">El CTV es un dispositivo de control ajustable de la cabeza del destornillador combinado con una consola de lectura electr\u00f3nica XA.<\/span><\/p>\n<p><span data-contrast=\"none\">Los simuladores de atornillado act\u00faan como una rosca de tornillo para permitir medir la coherencia de los equipos (destornilladores) sin incidir en el sensor.<\/span><span data-ccp-props=\"{\"201341983\":0,\"335559739\":0,\"335559740\":240}\"> <\/span><\/p>\n<p><span data-contrast=\"none\">Colocando el CTV bajo los cabezales de atornillado, se puede supervisar en l\u00ednea el par est\u00e1tico generado por la m\u00e1quina.<\/span><span data-ccp-props=\"{\"201341983\":0,\"335559739\":0,\"335559740\":240}\"> <\/span><\/p>\n","protected":false},"featured_media":13116,"template":"","meta":{"_acf_changed":false,"_et_pb_use_builder":"","_et_pb_old_content":"","_et_gb_content_width":""},"product_brand":[],"product_cat":[190,251],"product_tag":[],"class_list":{"0":"post-13506","1":"product","2":"type-product","3":"status-publish","4":"has-post-thumbnail","6":"product_cat-torquimetros","7":"product_cat-sensores-de-par","9":"first","10":"instock","11":"shipping-taxable","12":"purchasable","13":"product-type-simple"},"acf":[],"_links":{"self":[{"href":"https:\/\/acyren.com\/es\/wp-json\/wp\/v2\/product\/13506","targetHints":{"allow":["GET"]}}],"collection":[{"href":"https:\/\/acyren.com\/es\/wp-json\/wp\/v2\/product"}],"about":[{"href":"https:\/\/acyren.com\/es\/wp-json\/wp\/v2\/types\/product"}],"wp:featuredmedia":[{"embeddable":true,"href":"https:\/\/acyren.com\/es\/wp-json\/wp\/v2\/media\/13116"}],"wp:attachment":[{"href":"https:\/\/acyren.com\/es\/wp-json\/wp\/v2\/media?parent=13506"}],"wp:term":[{"taxonomy":"product_brand","embeddable":true,"href":"https:\/\/acyren.com\/es\/wp-json\/wp\/v2\/product_brand?post=13506"},{"taxonomy":"product_cat","embeddable":true,"href":"https:\/\/acyren.com\/es\/wp-json\/wp\/v2\/product_cat?post=13506"},{"taxonomy":"product_tag","embeddable":true,"href":"https:\/\/acyren.com\/es\/wp-json\/wp\/v2\/product_tag?post=13506"}],"curies":[{"name":"wp","href":"https:\/\/api.w.org\/{rel}","templated":true}]}}