{"id":7553,"date":"2021-11-08T17:33:47","date_gmt":"2021-11-08T16:33:47","guid":{"rendered":"https:\/\/www.acrn.fr\/nuestras-gamas-de-productos"},"modified":"2025-07-08T16:19:34","modified_gmt":"2025-07-08T14:19:34","slug":"nuestras-gamas-de-productos","status":"publish","type":"page","link":"https:\/\/acyren.com\/es\/nuestras-gamas-de-productos\/","title":{"rendered":"Nuestras gamas de productos"},"content":{"rendered":"<p>[et_pb_section fb_built=\u00bb1&#8243; _builder_version=\u00bb4.16&#8243; _module_preset=\u00bbdefault\u00bb global_colors_info=\u00bb{}\u00bb][et_pb_row _builder_version=\u00bb4.16&#8243; _module_preset=\u00bbdefault\u00bb global_colors_info=\u00bb{}\u00bb][et_pb_column type=\u00bb4_4&#8243; _builder_version=\u00bb4.16&#8243; _module_preset=\u00bbdefault\u00bb global_colors_info=\u00bb{}\u00bb][et_pb_text _builder_version=\u00bb4.16&#8243; text_font=\u00bb|600|||||||\u00bb text_line_height=\u00bb1.8em\u00bb header_font=\u00bb|700||on|||||\u00bb header_font_size=\u00bb60px\u00bb header_2_font=\u00bb|600||on|||||\u00bb header_2_font_size=\u00bb60px\u00bb header_4_font=\u00bb||||||||\u00bb header_4_text_color=\u00bb#295c7b\u00bb header_4_line_height=\u00bb1.4em\u00bb header_font_size_tablet=\u00bb\u00bb header_font_size_phone=\u00bb35px\u00bb header_font_size_last_edited=\u00bbon|phone\u00bb header_2_font_size_tablet=\u00bb60px\u00bb header_2_font_size_phone=\u00bb35px\u00bb header_2_font_size_last_edited=\u00bbon|desktop\u00bb header_4_font_size_tablet=\u00bb20px\u00bb header_4_font_size_phone=\u00bb14px\u00bb header_4_font_size_last_edited=\u00bbon|phone\u00bb locked=\u00bboff\u00bb global_colors_info=\u00bb{}\u00bb]<\/p>\n<h4>Nuestro equipo de control de calidad<\/h4>\n<h1>Nuestra gama de productos<\/h1>\n<p>[\/et_pb_text][\/et_pb_column][\/et_pb_row][et_pb_row _builder_version=\u00bb4.16&#8243; _module_preset=\u00bbdefault\u00bb global_colors_info=\u00bb{}\u00bb][et_pb_column type=\u00bb4_4&#8243; _builder_version=\u00bb4.16&#8243; _module_preset=\u00bbdefault\u00bb global_colors_info=\u00bb{}\u00bb][et_pb_text _builder_version=\u00bb4.16&#8243; _module_preset=\u00bbdefault\u00bb global_colors_info=\u00bb{}\u00bb]<\/p>\n<p>Descubra m\u00e1s sobre nuestras diferentes profesiones y \u00e1reas de especializaci\u00f3n a continuaci\u00f3n. ACRN <strong>dise\u00f1a, desarrolla y distribuye<\/strong> productos para pruebas de calidad en diversas industrias.<\/p>\n<p>Adem\u00e1s de nuestras gamas de productos, ofrecemos una <strong>amplia gama de servicios <\/strong>para ayudarle a implantar procedimientos de calidad en su empresa.<\/p>\n<p>[\/et_pb_text][\/et_pb_column][\/et_pb_row][et_pb_row column_structure=\u00bb1_5,1_5,1_5,1_5,1_5&#8243; _builder_version=\u00bb4.16&#8243; _module_preset=\u00bbdefault\u00bb width=\u00bb90%\u00bb max_width=\u00bb1168px\u00bb global_colors_info=\u00bb{}\u00bb][et_pb_column type=\u00bb1_5&#8243; _builder_version=\u00bb4.16&#8243; _module_preset=\u00bbdefault\u00bb global_colors_info=\u00bb{}\u00bb][et_pb_image src=\u00bbhttps:\/\/acyren.com\/wp-content\/uploads\/2021\/04\/couple2BLEU.png\u00bb alt=\u00bbMedici\u00f3n del par\u00bb url=\u00bbhttps:\/\/acyren.com\/es\/categoria-de-productos\/medicion-del-par\/\u00bb align=\u00bbcenter\u00bb _builder_version=\u00bb4.16&#8243; _module_preset=\u00bbdefault\u00bb width=\u00bb100px\u00bb custom_margin=\u00bb||0px||false|false\u00bb custom_padding=\u00bb|0px|0px|0px|false|false\u00bb hover_transition_duration=\u00bb500ms\u00bb hover_enabled=\u00bb0&#8243; global_colors_info=\u00bb{}\u00bb transform_styles__hover_enabled=\u00bbon|hover\u00bb transform_scale__hover_enabled=\u00bbon|desktop\u00bb transform_translate__hover_enabled=\u00bbon|desktop\u00bb transform_rotate__hover_enabled=\u00bbon|hover\u00bb transform_skew__hover_enabled=\u00bbon|desktop\u00bb transform_origin__hover_enabled=\u00bbon|desktop\u00bb transform_rotate__hover=\u00bb0deg|0deg|45deg\u00bb sticky_enabled=\u00bb0&#8243;][\/et_pb_image][et_pb_text _builder_version=\u00bb4.16&#8243; _module_preset=\u00bbdefault\u00bb header_3_font=\u00bb|700||on|||||\u00bb header_3_text_color=\u00bb#295c7b\u00bb custom_margin=\u00bb0px|0px|0px|0px|false|false\u00bb custom_padding=\u00bb0px|0px|0px|0px|false|false\u00bb hover_transition_duration=\u00bb500ms\u00bb link_option_url=\u00bbhttps:\/\/acyren.com\/es\/categoria-de-productos\/medicion-del-par\/\u00bb header_3_text_shadow_style=\u00bbpreset2&#8243; header_3_text_shadow_horizontal_length=\u00bb0.05em\u00bb header_3_text_shadow_vertical_length=\u00bb0.05em\u00bb header_3_text_shadow_color=\u00bb#ffffff\u00bb border_color_all=\u00bb#ffffff\u00bb global_colors_info=\u00bb{}\u00bb header_3_text_color__hover_enabled=\u00bbon|hover\u00bb header_3_text_color__hover=\u00bb#E09900&#8243;]<\/p>\n<h3 style=\"text-align: center;\"><a href=\"https:\/\/acyren.com\/es\/categoria-de-productos\/medicion-del-par\/\">Medici\u00f3n del par<\/a><\/h3>\n<p>[\/et_pb_text][\/et_pb_column][et_pb_column type=\u00bb1_5&#8243; _builder_version=\u00bb4.16&#8243; _module_preset=\u00bbdefault\u00bb global_colors_info=\u00bb{}\u00bb][et_pb_image src=\u00bbhttps:\/\/acyren.com\/wp-content\/uploads\/2021\/04\/dynamometreBLEU.png\u00bb alt=\u00bbFuerza y torsi\u00f3n\u00bb url=\u00bbhttps:\/\/acyren.com\/es\/categoria-de-productos\/dinamometros-bancos-pruebas-de-calidad\/\u00bb align=\u00bbcenter\u00bb _builder_version=\u00bb4.16&#8243; _module_preset=\u00bbdefault\u00bb width=\u00bb100px\u00bb custom_margin=\u00bb||0px||false|false\u00bb custom_padding=\u00bb|0px|0px|0px|false|false\u00bb hover_transition_duration=\u00bb500ms\u00bb hover_enabled=\u00bb0&#8243; global_colors_info=\u00bb{}\u00bb transform_styles__hover_enabled=\u00bbon|hover\u00bb transform_scale__hover_enabled=\u00bbon|desktop\u00bb transform_translate__hover_enabled=\u00bbon|desktop\u00bb transform_rotate__hover_enabled=\u00bbon|hover\u00bb transform_skew__hover_enabled=\u00bbon|desktop\u00bb transform_origin__hover_enabled=\u00bbon|desktop\u00bb transform_rotate__hover=\u00bb0deg|0deg|-45deg\u00bb sticky_enabled=\u00bb0&#8243;][\/et_pb_image][et_pb_text _builder_version=\u00bb4.27.4&#8243; _module_preset=\u00bbdefault\u00bb header_3_font=\u00bb|700||on|||||\u00bb header_3_text_color=\u00bb#295c7b\u00bb custom_margin=\u00bb0px|0px|0px|0px|false|false\u00bb custom_padding=\u00bb0px|0px|0px|0px|false|false\u00bb hover_transition_duration=\u00bb500ms\u00bb link_option_url=\u00bbhttps:\/\/acyren.com\/es\/categoria-de-productos\/dinamometros-bancos-pruebas-de-calidad\/\u00bb hover_enabled=\u00bb0&#8243; header_3_text_shadow_style=\u00bbpreset2&#8243; header_3_text_shadow_horizontal_length=\u00bb0.05em\u00bb header_3_text_shadow_vertical_length=\u00bb0.05em\u00bb header_3_text_shadow_color=\u00bb#ffffff\u00bb border_color_all=\u00bb#ffffff\u00bb global_colors_info=\u00bb{}\u00bb header_3_text_color__hover_enabled=\u00bbon|hover\u00bb header_3_text_color__hover=\u00bb#E09900&#8243; sticky_enabled=\u00bb0&#8243;]<\/p>\n<h3 style=\"text-align: center;\">Fuerza y torsi\u00f3n<\/h3>\n<p>[\/et_pb_text][\/et_pb_column][et_pb_column type=\u00bb1_5&#8243; _builder_version=\u00bb4.16&#8243; _module_preset=\u00bbdefault\u00bb global_colors_info=\u00bb{}\u00bb][et_pb_image src=\u00bbhttps:\/\/acyren.com\/wp-content\/uploads\/2021\/04\/etancheite-3.png\u00bb alt=\u00bbEstanqueidad y fugas\u00bb url=\u00bbhttps:\/\/acyren.com\/es\/categoria-de-productos\/pruebas-de-fugas-y-estanqueidad\/\u00bb align=\u00bbcenter\u00bb _builder_version=\u00bb4.27.4&#8243; _module_preset=\u00bbdefault\u00bb width=\u00bb100px\u00bb custom_margin=\u00bb||0px||false|false\u00bb custom_padding=\u00bb|0px|0px|0px|false|false\u00bb hover_transition_duration=\u00bb500ms\u00bb hover_enabled=\u00bb0&#8243; global_colors_info=\u00bb{}\u00bb transform_styles__hover_enabled=\u00bbon|hover\u00bb transform_scale__hover_enabled=\u00bbon|hover\u00bb transform_translate__hover_enabled=\u00bbon|desktop\u00bb transform_rotate__hover_enabled=\u00bbon|desktop\u00bb transform_skew__hover_enabled=\u00bbon|desktop\u00bb transform_origin__hover_enabled=\u00bbon|desktop\u00bb transform_rotate__hover=\u00bb0deg|0deg|45deg\u00bb sticky_enabled=\u00bb0&#8243;][\/et_pb_image][et_pb_text _builder_version=\u00bb4.27.4&#8243; _module_preset=\u00bbdefault\u00bb header_3_font=\u00bb|700||on|||||\u00bb header_3_text_color=\u00bb#295c7b\u00bb custom_margin=\u00bb0px|0px|0px|0px|false|false\u00bb custom_padding=\u00bb0px|0px|0px|0px|false|false\u00bb hover_transition_duration=\u00bb500ms\u00bb link_option_url=\u00bbhttps:\/\/acyren.com\/es\/categoria-de-productos\/pruebas-de-fugas-y-estanqueidad\/\u00bb hover_enabled=\u00bb0&#8243; header_3_text_shadow_style=\u00bbpreset2&#8243; header_3_text_shadow_horizontal_length=\u00bb0.05em\u00bb header_3_text_shadow_vertical_length=\u00bb0.05em\u00bb header_3_text_shadow_color=\u00bb#ffffff\u00bb border_color_all=\u00bb#ffffff\u00bb global_colors_info=\u00bb{}\u00bb header_3_text_color__hover_enabled=\u00bbon|hover\u00bb header_3_text_color__hover=\u00bb#E09900&#8243; sticky_enabled=\u00bb0&#8243;]<\/p>\n<h3 style=\"text-align: center;\"><a href=\"https:\/\/acyren.com\/es\/categoria-de-productos\/pruebas-de-fugas-y-estanqueidad\/\">Pruebas de fugas y estanqueidad<\/a><\/h3>\n<p>[\/et_pb_text][\/et_pb_column][et_pb_column type=\u00bb1_5&#8243; _builder_version=\u00bb4.16&#8243; _module_preset=\u00bbdefault\u00bb global_colors_info=\u00bb{}\u00bb][et_pb_image src=\u00bbhttps:\/\/acyren.com\/wp-content\/uploads\/2021\/04\/cellule-en-s.png\u00bb alt=\u00bbC\u00e9lula S\u00bb url=\u00bbhttps:\/\/acyren.com\/es\/categoria-de-productos\/sensores-e-instrumentacion\/\u00bb align=\u00bbcenter\u00bb _builder_version=\u00bb4.16&#8243; _module_preset=\u00bbdefault\u00bb width=\u00bb100px\u00bb custom_margin=\u00bb||0px||false|false\u00bb custom_padding=\u00bb|0px|0px|0px|false|false\u00bb hover_transition_duration=\u00bb500ms\u00bb global_colors_info=\u00bb{}\u00bb transform_styles__hover_enabled=\u00bbon|hover\u00bb transform_scale__hover_enabled=\u00bbon|desktop\u00bb transform_translate__hover_enabled=\u00bbon|desktop\u00bb transform_rotate__hover_enabled=\u00bbon|hover\u00bb transform_skew__hover_enabled=\u00bbon|desktop\u00bb transform_origin__hover_enabled=\u00bbon|desktop\u00bb transform_rotate__hover=\u00bb0deg|0deg|-45deg\u00bb][\/et_pb_image][et_pb_text _builder_version=\u00bb4.16&#8243; _module_preset=\u00bbdefault\u00bb header_3_font=\u00bb|700||on|||||\u00bb header_3_text_color=\u00bb#295c7b\u00bb custom_margin=\u00bb0px|-20px|0px|-20px|false|false\u00bb custom_padding=\u00bb0px|0px|0px|0px|false|false\u00bb hover_transition_duration=\u00bb500ms\u00bb link_option_url=\u00bbhttps:\/\/acyren.com\/es\/categoria-de-productos\/sensores-e-instrumentacion\/\u00bb header_3_text_shadow_style=\u00bbpreset2&#8243; header_3_text_shadow_horizontal_length=\u00bb0.05em\u00bb header_3_text_shadow_vertical_length=\u00bb0.05em\u00bb header_3_text_shadow_color=\u00bb#ffffff\u00bb border_color_all=\u00bb#ffffff\u00bb global_colors_info=\u00bb{}\u00bb header_3_text_color__hover_enabled=\u00bbon|hover\u00bb header_3_text_color__hover=\u00bb#E09900&#8243;]<\/p>\n<h3 style=\"text-align: center;\"><a href=\"https:\/\/acyren.com\/es\/categoria-de-productos\/sensores-e-instrumentacion\/\">Instrumentaci\u00f3n y sensores<\/a><\/h3>\n<p>[\/et_pb_text][\/et_pb_column][et_pb_column type=\u00bb1_5&#8243; disabled_on=\u00bboff|on|off\u00bb _builder_version=\u00bb4.16&#8243; _module_preset=\u00bbdefault\u00bb global_colors_info=\u00bb{}\u00bb][et_pb_image src=\u00bbhttps:\/\/acyren.com\/wp-content\/uploads\/2021\/04\/etalonnageBLEU.png\u00bb alt=\u00bbCalibraci\u00f3n\u00bb url=\u00bbhttps:\/\/acyren.com\/es\/categoria-de-productos\/otros-medios-de-control\/\u00bb align=\u00bbcenter\u00bb _builder_version=\u00bb4.16&#8243; _module_preset=\u00bbdefault\u00bb width=\u00bb100px\u00bb custom_margin=\u00bb||0px||false|false\u00bb custom_padding=\u00bb|0px|0px|0px|false|false\u00bb hover_transition_duration=\u00bb500ms\u00bb global_colors_info=\u00bb{}\u00bb transform_styles__hover_enabled=\u00bbon|hover\u00bb transform_scale__hover_enabled=\u00bbon|desktop\u00bb transform_translate__hover_enabled=\u00bbon|desktop\u00bb transform_rotate__hover_enabled=\u00bbon|hover\u00bb transform_skew__hover_enabled=\u00bbon|desktop\u00bb transform_origin__hover_enabled=\u00bbon|desktop\u00bb transform_rotate__hover=\u00bb0deg|0deg|45deg\u00bb][\/et_pb_image][et_pb_text _builder_version=\u00bb4.16&#8243; _module_preset=\u00bbdefault\u00bb header_3_font=\u00bb|700||on|||||\u00bb header_3_text_color=\u00bb#295c7b\u00bb custom_margin=\u00bb0px|0px|0px|0px|false|false\u00bb custom_padding=\u00bb0px|0px|0px|0px|false|false\u00bb hover_transition_duration=\u00bb500ms\u00bb link_option_url=\u00bbhttps:\/\/acyren.com\/es\/categoria-de-productos\/otros-medios-de-control\/\u00bb header_3_text_shadow_style=\u00bbpreset2&#8243; header_3_text_shadow_horizontal_length=\u00bb0.05em\u00bb header_3_text_shadow_vertical_length=\u00bb0.05em\u00bb header_3_text_shadow_color=\u00bb#ffffff\u00bb border_color_all=\u00bb#ffffff\u00bb global_colors_info=\u00bb{}\u00bb header_3_text_color__hover_enabled=\u00bbon|hover\u00bb header_3_text_color__hover=\u00bb#E09900&#8243;]<\/p>\n<h3 style=\"text-align: center;\"><a href=\"https:\/\/acyren.com\/es\/categoria-de-productos\/otros-medios-de-control\/\">Otros medios de control<\/a><\/h3>\n<p>[\/et_pb_text][\/et_pb_column][\/et_pb_row][et_pb_row _builder_version=\u00bb4.16&#8243; _module_preset=\u00bbdefault\u00bb global_colors_info=\u00bb{}\u00bb][et_pb_column type=\u00bb4_4&#8243; _builder_version=\u00bb4.16&#8243; _module_preset=\u00bbdefault\u00bb global_colors_info=\u00bb{}\u00bb][et_pb_text _builder_version=\u00bb4.16&#8243; _module_preset=\u00bbdefault\u00bb global_colors_info=\u00bb{}\u00bb]<\/p>\n<p>\u00bfNo encuentra el producto que desea en nuestro cat\u00e1logo? \u00bfO tiene una <strong>necesidad espec\u00edfica<\/strong> que requiere un desarrollo a medida?<br \/>No dude en ponerse en <strong>contacto con nosotros<\/strong> para que nuestros ingenieros puedan entender su problema y darle la mejor soluci\u00f3n.<\/p>\n<p>[\/et_pb_text][\/et_pb_column][\/et_pb_row][et_pb_row _builder_version=\u00bb4.16&#8243; _module_preset=\u00bbdefault\u00bb custom_padding=\u00bb70px|||||\u00bb global_colors_info=\u00bb{}\u00bb][et_pb_column type=\u00bb4_4&#8243; _builder_version=\u00bb4.16&#8243; _module_preset=\u00bbdefault\u00bb global_colors_info=\u00bb{}\u00bb][et_pb_text _builder_version=\u00bb4.16&#8243; text_font=\u00bb||||||||\u00bb header_font=\u00bb|700||on|||||\u00bb header_text_color=\u00bb#f7f7f7&#8243; header_line_height=\u00bb1.3em\u00bb header_2_font=\u00bb|700||on|||||\u00bb header_2_text_align=\u00bbcenter\u00bb header_2_text_color=\u00bb#295c7b\u00bb width=\u00bb100%\u00bb custom_margin=\u00bb|111px|40px|||\u00bb custom_padding=\u00bb|||0px||\u00bb animation_style=\u00bbfade\u00bb header_font_size_last_edited=\u00bboff|desktop\u00bb locked=\u00bboff\u00bb global_colors_info=\u00bb{}\u00bb]<\/p>\n<h2>Nuestros productos estrella<\/h2>\n<p>[\/et_pb_text][et_pb_shop type=\u00bbproduct_category\u00bb posts_number=\u00bb8&#8243; include_categories=\u00bb181&#8243; _builder_version=\u00bb4.16&#8243; _module_preset=\u00bbdefault\u00bb global_colors_info=\u00bb{}\u00bb][\/et_pb_shop][\/et_pb_column][\/et_pb_row][et_pb_row _builder_version=\u00bb4.16&#8243; _module_preset=\u00bbdefault\u00bb global_colors_info=\u00bb{}\u00bb][et_pb_column type=\u00bb4_4&#8243; _builder_version=\u00bb4.16&#8243; _module_preset=\u00bbdefault\u00bb global_colors_info=\u00bb{}\u00bb][et_pb_text _builder_version=\u00bb4.16&#8243; _module_preset=\u00bbdefault\u00bb text_font_size=\u00bb18px\u00bb global_colors_info=\u00bb{}\u00bb]<\/p>\n<p style=\"text-align: center;\">\u00bfUna necesidad espec\u00edfica? \u00bfNecesita orientaci\u00f3n o informaci\u00f3n personal? <\/p>\n<p>[\/et_pb_text][\/et_pb_column][\/et_pb_row][et_pb_row _builder_version=\u00bb4.16&#8243; _module_preset=\u00bbdefault\u00bb global_colors_info=\u00bb{}\u00bb][et_pb_column type=\u00bb4_4&#8243; _builder_version=\u00bb4.16&#8243; _module_preset=\u00bbdefault\u00bb global_colors_info=\u00bb{}\u00bb][et_pb_button button_url=\u00bbhttps:\/\/acyren.com\/es\/contacte-con-nosotros\/\u00bb button_text=\u00bbContacte con nosotros\u00bb button_alignment=\u00bbcenter\u00bb _builder_version=\u00bb4.16&#8243; custom_button=\u00bbon\u00bb button_text_size=\u00bb24px\u00bb button_text_color=\u00bb#ffffff\u00bb button_bg_color=\u00bb#295c7b\u00bb button_border_width=\u00bb2px\u00bb button_border_color=\u00bb#ffffff\u00bb button_border_radius=\u00bb5px\u00bb button_letter_spacing=\u00bb2px\u00bb button_font=\u00bb|600||||on|||\u00bb button_icon=\u00bb&#x49;||divi||400&#8243; button_icon_color=\u00bb#295c7b\u00bb animation_style=\u00bbfade\u00bb button_text_color_hover=\u00bb#ffffff\u00bb button_border_color_hover=\u00bb#ffffff\u00bb button_letter_spacing_hover=\u00bb2px\u00bb button_bg_color_hover=\u00bbrgba(0,0,0,0)\u00bb locked=\u00bboff\u00bb global_colors_info=\u00bb{}\u00bb button_text_size__hover_enabled=\u00bboff\u00bb button_one_text_size__hover_enabled=\u00bboff\u00bb button_two_text_size__hover_enabled=\u00bboff\u00bb button_text_color__hover_enabled=\u00bbon|desktop\u00bb button_text_color__hover=\u00bb#295c7b\u00bb button_one_text_color__hover_enabled=\u00bboff\u00bb button_two_text_color__hover_enabled=\u00bboff\u00bb button_border_width__hover_enabled=\u00bboff\u00bb button_one_border_width__hover_enabled=\u00bboff\u00bb button_two_border_width__hover_enabled=\u00bboff\u00bb button_border_color__hover_enabled=\u00bbon\u00bb button_border_color__hover=\u00bb#ffffff\u00bb button_one_border_color__hover_enabled=\u00bboff\u00bb button_two_border_color__hover_enabled=\u00bboff\u00bb button_border_radius__hover_enabled=\u00bboff\u00bb button_one_border_radius__hover_enabled=\u00bboff\u00bb button_two_border_radius__hover_enabled=\u00bboff\u00bb button_letter_spacing__hover_enabled=\u00bbon\u00bb button_letter_spacing__hover=\u00bb2px\u00bb button_one_letter_spacing__hover_enabled=\u00bboff\u00bb button_two_letter_spacing__hover_enabled=\u00bboff\u00bb button_bg_color__hover_enabled=\u00bbon|hover\u00bb button_bg_color__hover=\u00bbrgba(0,0,0,0)\u00bb button_one_bg_color__hover_enabled=\u00bboff\u00bb button_two_bg_color__hover_enabled=\u00bboff\u00bb button_bg_color_gradient_end__hover=\u00bb#ffffff\u00bb button_bg_use_color_gradient__hover=\u00bbon\u00bb button_bg_color_gradient_direction__hover=\u00bb90deg\u00bb button_bg_color_gradient_start__hover=\u00bb#95cceb\u00bb button_bg_color_gradient_stops__hover=\u00bb#95cceb 0%|#ffffff 100%\u00bb][\/et_pb_button][\/et_pb_column][\/et_pb_row][\/et_pb_section]<\/p>\n","protected":false},"excerpt":{"rendered":"<p>Nuestro equipo de control de calidad Nuestra gama de productosDescubra m\u00e1s sobre nuestras diferentes profesiones y \u00e1reas de especializaci\u00f3n a continuaci\u00f3n. ACRN dise\u00f1a, desarrolla y distribuye productos para pruebas de calidad en diversas industrias. Adem\u00e1s de nuestras gamas de productos, ofrecemos una amplia gama de servicios para ayudarle a implantar procedimientos de calidad en su [&hellip;]<\/p>\n","protected":false},"author":1,"featured_media":0,"parent":0,"menu_order":0,"comment_status":"closed","ping_status":"closed","template":"","meta":{"_acf_changed":false,"_et_pb_use_builder":"on","_et_pb_old_content":"","_et_gb_content_width":"","footnotes":""},"dipi_cpt_category":[],"class_list":["post-7553","page","type-page","status-publish","hentry"],"acf":[],"_links":{"self":[{"href":"https:\/\/acyren.com\/es\/wp-json\/wp\/v2\/pages\/7553","targetHints":{"allow":["GET"]}}],"collection":[{"href":"https:\/\/acyren.com\/es\/wp-json\/wp\/v2\/pages"}],"about":[{"href":"https:\/\/acyren.com\/es\/wp-json\/wp\/v2\/types\/page"}],"author":[{"embeddable":true,"href":"https:\/\/acyren.com\/es\/wp-json\/wp\/v2\/users\/1"}],"replies":[{"embeddable":true,"href":"https:\/\/acyren.com\/es\/wp-json\/wp\/v2\/comments?post=7553"}],"version-history":[{"count":0,"href":"https:\/\/acyren.com\/es\/wp-json\/wp\/v2\/pages\/7553\/revisions"}],"wp:attachment":[{"href":"https:\/\/acyren.com\/es\/wp-json\/wp\/v2\/media?parent=7553"}],"wp:term":[{"taxonomy":"dipi_cpt_category","embeddable":true,"href":"https:\/\/acyren.com\/es\/wp-json\/wp\/v2\/dipi_cpt_category?post=7553"}],"curies":[{"name":"wp","href":"https:\/\/api.w.org\/{rel}","templated":true}]}}