{"id":7543,"date":"2021-11-08T16:54:13","date_gmt":"2021-11-08T15:54:13","guid":{"rendered":"https:\/\/www.acrn.fr\/descubra-la-acrn\/distribuidor-cualificado-mecmesin-francia"},"modified":"2025-01-15T16:45:38","modified_gmt":"2025-01-15T15:45:38","slug":"distribuidor-cualificado-mecmesin-francia","status":"publish","type":"page","link":"https:\/\/acyren.com\/es\/descubra-la-acrn\/distribuidor-cualificado-mecmesin-francia\/","title":{"rendered":"Distribuidor cualificado Mecmesin Francia"},"content":{"rendered":"<p>[et_pb_section fb_built=\u00bb1&#8243; _builder_version=\u00bb4.8.2&#8243; _module_preset=\u00bbdefault\u00bb background_color=\u00bb#eeeeee\u00bb custom_padding=\u00bb||4px|||\u00bb][et_pb_row _builder_version=\u00bb4.7.7&#8243; _module_preset=\u00bbdefault\u00bb][et_pb_column type=\u00bb4_4&#8243; _builder_version=\u00bb4.7.7&#8243; _module_preset=\u00bbdefault\u00bb][et_pb_text _builder_version=\u00bb4.9.10&#8243; text_font=\u00bb|600|||||||\u00bb text_line_height=\u00bb1.8em\u00bb header_font=\u00bb|700||on|||||\u00bb header_font_size=\u00bb40px\u00bb header_2_font=\u00bb|600||on|||||\u00bb header_2_font_size=\u00bb60px\u00bb header_4_font=\u00bb||||||||\u00bb header_4_text_color=\u00bb#295c7b\u00bb header_4_line_height=\u00bb1.4em\u00bb hover_enabled=\u00bb0&#8243; header_font_size_tablet=\u00bb\u00bb header_font_size_phone=\u00bb35px\u00bb header_font_size_last_edited=\u00bbon|phone\u00bb header_2_font_size_tablet=\u00bb60px\u00bb header_2_font_size_phone=\u00bb35px\u00bb header_2_font_size_last_edited=\u00bbon|desktop\u00bb header_4_font_size_tablet=\u00bb20px\u00bb header_4_font_size_phone=\u00bb14px\u00bb header_4_font_size_last_edited=\u00bbon|phone\u00bb locked=\u00bboff\u00bb sticky_enabled=\u00bb0&#8243;]<\/p>\n<h4>Nuestra experiencia en dinamometr\u00eda<\/h4>\n<h1>Mecmesin: ACRN es un distribuidor cualificado en Francia<\/h1>\n<p>[\/et_pb_text][\/et_pb_column][\/et_pb_row][\/et_pb_section][et_pb_section fb_built=\u00bb1&#8243; next_background_color=\u00bb#ffffff\u00bb _builder_version=\u00bb4.9.7&#8243; _module_preset=\u00bbdefault\u00bb background_color=\u00bb#eeeeee\u00bb custom_padding=\u00bb0px|||||\u00bb bottom_divider_style=\u00bbramp2&#8243;][et_pb_row column_structure=\u00bb1_2,1_2&#8243; _builder_version=\u00bb4.8.2&#8243; _module_preset=\u00bbdefault\u00bb width=\u00bb100%\u00bb max_width=\u00bb2560px\u00bb][et_pb_column type=\u00bb1_2&#8243; _builder_version=\u00bb4.8.2&#8243; _module_preset=\u00bbdefault\u00bb custom_padding=\u00bb|||6%|false|false\u00bb][et_pb_text _builder_version=\u00bb4.9.7&#8243; text_font=\u00bb||||||||\u00bb text_text_color=\u00bb#333333&#8243; text_line_height=\u00bb1.8em\u00bb header_font=\u00bb||||||||\u00bb header_text_color=\u00bb#333333&#8243; custom_margin=\u00bb||-4px|||\u00bb custom_padding=\u00bb|0px|||false|false\u00bb animation_style=\u00bbslide\u00bb animation_direction=\u00bbtop\u00bb animation_intensity_slide=\u00bb17%\u00bb locked=\u00bboff\u00bb]<strong>ACRN es uno de los principales distribuidores de equipos Mecmesin en toda Francia.<\/strong><\/p>\n<p>Mecmesin es un fabricante brit\u00e1nico de probadores de par desde hace mucho tiempo.<br \/>\nDispone de una amplia gama de hardware, software y accesorios para dinam\u00f3metros<br \/>\nEstos productos permiten realizar ensayos de tracci\u00f3n, compresi\u00f3n, flexi\u00f3n, fricci\u00f3n, fatiga, pelado, etc. .<br \/>\nACRN es socio de Mecmesin en Francia desde hace m\u00e1s de 15 a\u00f1os.<\/p>\n<p><strong>Nuestros puntos fuertes :<\/strong><\/p>\n<ul>\n<li>La <strong>flexibilidad<\/strong> y la <strong>capacidad de respuesta<\/strong> de una PYME<\/li>\n<li><strong>Experiencia<\/strong> en <strong>dinamometr\u00eda<\/strong> y <strong>pruebas<\/strong><br \/>\nACRN tiene experiencia en la realizaci\u00f3n de ensayos dinamom\u00e9tricos en numerosos sectores: <strong>industria, aeron\u00e1utica, cosm\u00e9tica, farmacia, alimentaci\u00f3n<\/strong>,&#8230; .<br \/>\nSus necesidades ser\u00e1n estudiadas por un ingeniero o t\u00e9cnico con experiencia en pruebas dinamom\u00e9tricas.<br \/>\nNos aseguraremos de que el producto sea adecuado y podremos ofrecerle el equipo de pruebas <strong>m\u00e1s apropiado<\/strong>. Tambi\u00e9n ofrecemos instalaci\u00f3n <strong>in situ<\/strong><\/li>\n<li><strong>Oficina de dise\u00f1o<\/strong><br \/>\nTambi\u00e9n podemos <strong>dise\u00f1ar adaptaciones y accesorios a medida<\/strong>para necesidades espec\u00edficas.<\/li>\n<li><strong>Independencia<\/strong><br \/>\nSomos independientes, nuestro objetivo es ofrecer <strong>las soluciones de ensayo m\u00e1s adecuadas a las necesidades del cliente.<\/strong><\/li>\n<li><strong>Calibraci\u00f3n in situ o en laboratorio de los equipos Mecmesin<\/strong><br \/>\nPodemos calibrar su equipo de pruebas in situ o en nuestro laboratorio de metrolog\u00eda. Tambi\u00e9n podemos <strong>evaluar y reparar su equipo<\/strong>.<\/li>\n<\/ul>\n<p><strong>Nuestros ingenieros le ofrecen el beneficio de sus conocimientos en la elecci\u00f3n y adaptaci\u00f3n de materiales con total independencia.<\/strong>[\/et_pb_text][\/et_pb_column][et_pb_column type=\u00bb1_2&#8243; _builder_version=\u00bb4.8.2&#8243; _module_preset=\u00bbdefault\u00bb][et_pb_image src=\u00bbhttps:\/\/acyren.com\/wp-content\/uploads\/2021\/04\/mecmesin-34.jpg\u00bb title_text=\u00bbmecmesin-34&#8243; _builder_version=\u00bb4.9.4&#8243; _module_preset=\u00bbdefault\u00bb custom_margin=\u00bb||||false|false\u00bb custom_padding=\u00bb|||50px|false|false\u00bb box_shadow_style=\u00bbpreset1&#8243; box_shadow_blur=\u00bb20px\u00bb box_shadow_spread=\u00bb5px\u00bb][\/et_pb_image][\/et_pb_column][\/et_pb_row][et_pb_row _builder_version=\u00bb4.9.1&#8243; _module_preset=\u00bbdefault\u00bb][et_pb_column type=\u00bb4_4&#8243; _builder_version=\u00bb4.9.1&#8243; _module_preset=\u00bbdefault\u00bb][et_pb_button button_url=\u00bbhttps:\/\/acyren.com\/es\/categoria-de-productos\/dinamometros-bancos-pruebas-de-calidad\/banco-de-traccion-compresion\/\u00bb button_text=\u00bbVer la gama de pares de Mecmesin\u00bb button_alignment=\u00bbcenter\u00bb _builder_version=\u00bb4.9.7&#8243; custom_button=\u00bbon\u00bb button_text_size=\u00bb24px\u00bb button_text_color=\u00bb#ffffff\u00bb button_bg_color=\u00bb#295c7b\u00bb button_border_width=\u00bb2px\u00bb button_border_color=\u00bb#ffffff\u00bb button_border_radius=\u00bb5px\u00bb button_letter_spacing=\u00bb2px\u00bb button_font=\u00bb|600||||on|||\u00bb button_icon=\u00bb%%40%%\u00bb button_icon_color=\u00bb#295c7b\u00bb animation_style=\u00bbfade\u00bb button_text_color_hover=\u00bb#ffffff\u00bb button_border_color_hover=\u00bb#ffffff\u00bb button_letter_spacing_hover=\u00bb2px\u00bb button_bg_color_hover=\u00bbrgba(0,0,0,0)\u00bb locked=\u00bboff\u00bb button_text_size__hover_enabled=\u00bboff\u00bb button_one_text_size__hover_enabled=\u00bboff\u00bb button_two_text_size__hover_enabled=\u00bboff\u00bb button_text_color__hover_enabled=\u00bbon|desktop\u00bb button_text_color__hover=\u00bb#295c7b\u00bb button_one_text_color__hover_enabled=\u00bboff\u00bb button_two_text_color__hover_enabled=\u00bboff\u00bb button_border_width__hover_enabled=\u00bboff\u00bb button_one_border_width__hover_enabled=\u00bboff\u00bb button_two_border_width__hover_enabled=\u00bboff\u00bb button_border_color__hover_enabled=\u00bbon\u00bb button_border_color__hover=\u00bb#ffffff\u00bb button_one_border_color__hover_enabled=\u00bboff\u00bb button_two_border_color__hover_enabled=\u00bboff\u00bb button_border_radius__hover_enabled=\u00bboff\u00bb button_one_border_radius__hover_enabled=\u00bboff\u00bb button_two_border_radius__hover_enabled=\u00bboff\u00bb button_letter_spacing__hover_enabled=\u00bbon\u00bb button_letter_spacing__hover=\u00bb2px\u00bb button_one_letter_spacing__hover_enabled=\u00bboff\u00bb button_two_letter_spacing__hover_enabled=\u00bboff\u00bb button_bg_color__hover_enabled=\u00bbon|hover\u00bb button_bg_color__hover=\u00bbrgba(0,0,0,0)\u00bb button_one_bg_color__hover_enabled=\u00bboff\u00bb button_two_bg_color__hover_enabled=\u00bboff\u00bb button_bg_color_gradient_end__hover=\u00bb#ffffff\u00bb button_bg_use_color_gradient__hover=\u00bbon\u00bb button_bg_color_gradient_direction__hover=\u00bb90deg\u00bb button_bg_color_gradient_start__hover=\u00bb#95cceb\u00bb][\/et_pb_button][\/et_pb_column][\/et_pb_row][\/et_pb_section]<\/p>\n","protected":false},"excerpt":{"rendered":"<p>Nuestra experiencia en dinamometr\u00eda Mecmesin: ACRN es un distribuidor cualificado en FranciaACRN es uno de los principales distribuidores de equipos Mecmesin en toda Francia. Mecmesin es un fabricante brit\u00e1nico de probadores de par desde hace mucho tiempo. Dispone de una amplia gama de hardware, software y accesorios para dinam\u00f3metros Estos productos permiten realizar ensayos de [&hellip;]<\/p>\n","protected":false},"author":1,"featured_media":0,"parent":7511,"menu_order":0,"comment_status":"closed","ping_status":"closed","template":"","meta":{"_acf_changed":false,"_et_pb_use_builder":"on","_et_pb_old_content":"","_et_gb_content_width":"","footnotes":""},"dipi_cpt_category":[],"class_list":["post-7543","page","type-page","status-publish","hentry"],"acf":[],"_links":{"self":[{"href":"https:\/\/acyren.com\/es\/wp-json\/wp\/v2\/pages\/7543","targetHints":{"allow":["GET"]}}],"collection":[{"href":"https:\/\/acyren.com\/es\/wp-json\/wp\/v2\/pages"}],"about":[{"href":"https:\/\/acyren.com\/es\/wp-json\/wp\/v2\/types\/page"}],"author":[{"embeddable":true,"href":"https:\/\/acyren.com\/es\/wp-json\/wp\/v2\/users\/1"}],"replies":[{"embeddable":true,"href":"https:\/\/acyren.com\/es\/wp-json\/wp\/v2\/comments?post=7543"}],"version-history":[{"count":0,"href":"https:\/\/acyren.com\/es\/wp-json\/wp\/v2\/pages\/7543\/revisions"}],"up":[{"embeddable":true,"href":"https:\/\/acyren.com\/es\/wp-json\/wp\/v2\/pages\/7511"}],"wp:attachment":[{"href":"https:\/\/acyren.com\/es\/wp-json\/wp\/v2\/media?parent=7543"}],"wp:term":[{"taxonomy":"dipi_cpt_category","embeddable":true,"href":"https:\/\/acyren.com\/es\/wp-json\/wp\/v2\/dipi_cpt_category?post=7543"}],"curies":[{"name":"wp","href":"https:\/\/api.w.org\/{rel}","templated":true}]}}