{"id":122,"date":"2020-09-29T19:34:36","date_gmt":"2020-09-29T19:34:36","guid":{"rendered":"https:\/\/www.acrn.fr\/?post_type=product&#038;p=122"},"modified":"2022-10-18T11:56:49","modified_gmt":"2022-10-18T09:56:49","slug":"ctex","status":"publish","type":"product","link":"https:\/\/acyren.com\/en\/produit\/ctex\/","title":{"rendered":"Caisson de test d&#8217;\u00e9tanch\u00e9it\u00e9 CTEX"},"content":{"rendered":"<h3>B\u00e9n\u00e9fices<\/h3>\n<ul>\n<li>Rapide, ergonomique et facile d\u2019utilisation<\/li>\n<li>Lecture visuelle<\/li>\n<li>Fiable et \u00e9conomique<\/li>\n<li>Adapt\u00e9 au milieu de production \/ Robuste<\/li>\n<li>Test sur r\u00e9ception mati\u00e8res premi\u00e8res, en production, avant exp\u00e9dition<\/li>\n<li>Capteur de pression dans le bo\u00eetier de commande<\/li>\n<li>Tra\u00e7abilit\u00e9 par un ticket horodat\u00e9 imprim\u00e9 contenant les informations du test ou par un logiciel d\u2019export de donn\u00e9e<\/li>\n<\/ul>\n<h3>Informations techniques<\/h3>\n<table style=\"border-collapse: collapse;\">\n<tbody>\n<tr style=\"height: 23px;\">\n<td style=\"width: 50%; height: 23px;\">Caisson<\/td>\n<td style=\"width: 50%; height: 23px;\">Caisson en PMMA transparent sur charni\u00e8res<\/td>\n<\/tr>\n<tr style=\"height: 23px;\">\n<td style=\"width: 50%; height: 23px;\">\u00c9tendue de mesure et pr\u00e9cision<\/td>\n<td style=\"width: 50%; height: 23px;\">De -0.1 \u00e0 -0.85 Bar (pression relative) en standard. Pr\u00e9cision + \/ -2 %<\/td>\n<\/tr>\n<tr style=\"height: 23px;\">\n<td style=\"width: 50%; height: 23px;\">Dimensions utiles<\/td>\n<td style=\"width: 50%; height: 23px;\">D\u00e9pendant de la taille du caisson<\/td>\n<\/tr>\n<tr style=\"height: 23px;\">\n<td style=\"width: 50%; height: 23px;\">Lecture de la d\u00e9pression<\/td>\n<td style=\"width: 50%; height: 23px;\">Affichage num\u00e9rique: menu ergonomique avec seulement 3 touches<\/td>\n<\/tr>\n<tr style=\"height: 23px;\">\n<td style=\"width: 50%; height: 23px;\">Unit\u00e9s<\/td>\n<td style=\"width: 50%; height: 23px;\">Bar, Psi<\/td>\n<\/tr>\n<tr style=\"height: 23px;\">\n<td style=\"width: 50%; height: 23px;\">Alimentation<\/td>\n<td style=\"width: 50%; height: 23px;\">-Air comprim\u00e9 de 6 \u00e0 8 bars\u00a0 \/ Pompe \u00e0 vide<\/td>\n<\/tr>\n<tr>\n<td style=\"width: 50%;\">Poids<\/td>\n<td style=\"width: 50%;\">D\u00e9pend du caisson choisi<\/td>\n<\/tr>\n<tr>\n<td style=\"width: 50%;\">\u00c9paisseur<\/td>\n<td style=\"width: 50%;\">20, 25 ou 30mm selon l&#8217;\u00e9tude de RDM<\/td>\n<\/tr>\n<tr style=\"height: 23px;\">\n<td style=\"width: 50%; height: 23px;\">R\u00e9glage d\u00e9pression<\/td>\n<td style=\"width: 50%; height: 23px;\">\u00c9lectrovanne<\/td>\n<\/tr>\n<tr>\n<td style=\"width: 50%;\">Impression<\/td>\n<td style=\"width: 50%;\">Imprimante int\u00e9gr\u00e9e avec ticket horodat\u00e9<\/td>\n<\/tr>\n<tr style=\"height: 23px;\">\n<td style=\"width: 50%; height: 23px;\">Dur\u00e9e de d\u00e9pression<\/td>\n<td style=\"width: 50%; height: 23px;\">Temporisation r\u00e9glable de 0 \u00e0 4 000 secondes<\/td>\n<\/tr>\n<tr style=\"height: 23px;\">\n<td style=\"width: 50%; height: 23px;\">Principe du test<\/td>\n<td style=\"width: 50%; height: 23px;\">Visuel<\/td>\n<\/tr>\n<tr style=\"height: 23px;\">\n<td style=\"width: 50%; height: 23px;\">Temp\u00e9rature<\/td>\n<td style=\"width: 50%; height: 23px;\">De 0 \u00e0 40\u00b0C<\/td>\n<\/tr>\n<tr style=\"height: 24px;\">\n<td style=\"width: 50%; height: 24px;\">Normes<\/td>\n<td style=\"width: 50%; height: 24px;\">ASTM D3078, ASTM D6653<\/td>\n<\/tr>\n<tr>\n<td style=\"width: 50%;\">Programme<\/td>\n<td style=\"width: 50%;\">Jusqu&#8217;\u00e0 8 programmes cyclables<\/td>\n<\/tr>\n<\/tbody>\n<\/table>\n<h3>Options<\/h3>\n<table style=\"border-collapse: collapse; width: 100%; height: 184px;\">\n<tbody>\n<tr style=\"height: 23px;\">\n<td style=\"width: 100%; height: 23px;\">Diminution du temps de d\u00e9pression pour un test plus rapide (venturi plus puissant)<\/td>\n<\/tr>\n<tr style=\"height: 23px;\">\n<td style=\"width: 100%; height: 23px;\">Remplacement du syst\u00e8me de raccordement sur air comprim\u00e9 usine par une pompe \u00e0 vide (voir fiche technique)<\/td>\n<\/tr>\n<tr style=\"height: 23px;\">\n<td style=\"width: 100%; height: 23px;\">Version sans imprimante<\/td>\n<\/tr>\n<tr style=\"height: 23px;\">\n<td style=\"width: 100%; height: 23px;\">Logiciel d&#8217;acquisition point par point vers tous logiciels PC: Data Xport<\/td>\n<\/tr>\n<tr style=\"height: 23px;\">\n<td style=\"width: 100%; height: 23px;\">Vanne de vidange d&#8217;air facilitant le retour \u00e0 la PA<\/td>\n<\/tr>\n<tr style=\"height: 23px;\">\n<td style=\"width: 100%; height: 23px;\">V\u00e9rin pneumatique de s\u00e9curit\u00e9<\/td>\n<\/tr>\n<tr style=\"height: 23px;\">\n<td style=\"width: 100%; height: 23px;\">Pompe \u00e0 vide rempla\u00e7ant l&#8217;air comprim\u00e9<\/td>\n<\/tr>\n<tr style=\"height: 23px;\">\n<td style=\"width: 100%; height: 23px;\">Am\u00e9nagement int\u00e9rieur sur mesure<\/td>\n<\/tr>\n<\/tbody>\n<\/table>\n<h3>Livr\u00e9 avec:<\/h3>\n<p>Un certificat d&#8217;\u00e9talonnage raccord\u00e9 LNE \/ COFRAC<\/p>\n","protected":false},"excerpt":{"rendered":"<blockquote><p>Mod\u00e8le robuste et polyvalent<\/p><\/blockquote>\n<p>Il permet de <strong>tester l&#8217;\u00e9tanch\u00e9it\u00e9 d&#8217;emballage<\/strong> contenant des <strong>produits liquides ou semi-visqueux<\/strong>, par d\u00e9pression, directement en bord de ligne de production avec une visibilit\u00e9 totale, gr\u00e2ce \u00e0 sa conception en <strong>Plexiglas<\/strong>.<\/p>\n<p>Il suffit de coucher votre \u00e9chantillon afin d<strong>&#8216;immerger votre bouchon<\/strong>. L&#8217;utilisation d&#8217;un papier buvard par exemple, permet de visualiser si du produit a fuit de l&#8217;\u00e9chantillon lors du test.<\/p>\n<p>Ce mod\u00e8le existe avec un syst\u00e8me de pompe \u00e0 vide pour la mise en d\u00e9pression.<\/p>\n<p><a href=\"https:\/\/acyren.com\/wp-content\/uploads\/2020\/09\/CTEX-fr-BD.pdf\" target=\"_blank\" rel=\"noopener\">Fiche technique CTEX<\/a><\/p>\n","protected":false},"featured_media":7257,"template":"","meta":{"_acf_changed":false,"_et_pb_use_builder":"","_et_pb_old_content":"","_et_gb_content_width":""},"product_brand":[],"product_cat":[27],"product_tag":[],"class_list":{"0":"post-122","1":"product","2":"type-product","3":"status-publish","4":"has-post-thumbnail","6":"product_cat-test-a-sec-test-detancheite-par-le-vide","8":"first","9":"instock","10":"shipping-taxable","11":"purchasable","12":"product-type-simple"},"acf":[],"_links":{"self":[{"href":"https:\/\/acyren.com\/en\/wp-json\/wp\/v2\/product\/122","targetHints":{"allow":["GET"]}}],"collection":[{"href":"https:\/\/acyren.com\/en\/wp-json\/wp\/v2\/product"}],"about":[{"href":"https:\/\/acyren.com\/en\/wp-json\/wp\/v2\/types\/product"}],"wp:featuredmedia":[{"embeddable":true,"href":"https:\/\/acyren.com\/en\/wp-json\/wp\/v2\/media\/7257"}],"wp:attachment":[{"href":"https:\/\/acyren.com\/en\/wp-json\/wp\/v2\/media?parent=122"}],"wp:term":[{"taxonomy":"product_brand","embeddable":true,"href":"https:\/\/acyren.com\/en\/wp-json\/wp\/v2\/product_brand?post=122"},{"taxonomy":"product_cat","embeddable":true,"href":"https:\/\/acyren.com\/en\/wp-json\/wp\/v2\/product_cat?post=122"},{"taxonomy":"product_tag","embeddable":true,"href":"https:\/\/acyren.com\/en\/wp-json\/wp\/v2\/product_tag?post=122"}],"curies":[{"name":"wp","href":"https:\/\/api.w.org\/{rel}","templated":true}]}}